{"id":1087,"date":"2016-10-21T11:50:43","date_gmt":"2016-10-21T11:50:43","guid":{"rendered":"http:\/\/ivsa.es\/ulia\/?page_id=1087"},"modified":"2023-05-10T15:37:30","modified_gmt":"2023-05-10T15:37:30","slug":"honoris_causa","status":"publish","type":"page","link":"https:\/\/ivsa.es\/ulia\/honoris_causa\/","title":{"rendered":"Honoris Causa"},"content":{"rendered":"<div class=\"fsn-row full-width-row fsn-69ecf85e7a051 light\" style=\"background-repeat:repeat;background-position:left top;background-attachment:scroll;background-size:auto;\"><div class=\"container-fluid\"><div class=\"row\"><div class=\"col-sm-12\"><div class=\"fsn-column-inner fsn-69ecf85e7a0f7 light\"><div class=\"fsn-text fsn-69ecf85e7a17f\">\n<div class=\"fusion-fullwidth fullwidth-box fusion-builder-row-1 hundred-percent-fullwidth non-hundred-percent-height-scrolling\" style=\"--awb-border-radius-top-left: 0px; --awb-border-radius-top-right: 0px; --awb-border-radius-bottom-right: 0px; --awb-border-radius-bottom-left: 0px; --awb-overflow: visible;\">\n<div class=\"fusion-builder-row fusion-row\">\n<div class=\"fusion-layout-column fusion_builder_column fusion-builder-column-0 fusion_builder_column_1_1 1_1 fusion-one-full fusion-column-first fusion-column-last fusion-column-no-min-height\" style=\"--awb-bg-size: cover; --awb-margin-bottom: 0px;\">\n<div class=\"fusion-column-wrapper fusion-flex-column-wrapper-legacy\">\n<div class=\"fusion-text fusion-text-1\">\n<p>En el marco de la Ceremonia de Graduaci\u00f3n de UL\u00cdA y el XXV Congreso Ciencia y Vida que tendr\u00e1 lugar pr\u00f3ximamente en Morelia, M\u00e9xico se conceder\u00e1n los sigientes Doctorados Honoris Causa de la Universidad Libre Internacional de las Am\u00e9ricas:<\/p>\n<p style=\"text-align: justify;\">La Fundaci\u00f3n Interamericana Ciencia y Vida, tras la pertinente deliberaci\u00f3n, decidi\u00f3 conceder los dos primeros doctorados Honoris Causa de ULIA. La ceremonia de entrega de los mismos tuvo lugar en el claustro que con motivo del XX Congreso Ciencia y Vida se desarrollo en La Plata, Argentina, el 3 de Agosto del pasado 2016. La elecci\u00f3n ha recay\u00f3 en las personas de:<a href=\"http:\/\/ivsa.es\/ulia\/wp-content\/uploads\/2023\/05\/Blanca.png\"><img decoding=\"async\" class=\"wp-image-2452 aligncenter\" src=\"http:\/\/ivsa.es\/ulia\/wp-content\/uploads\/2023\/05\/Blanca.png\" alt=\"\" width=\"90\" height=\"122\" srcset=\"https:\/\/ivsa.es\/ulia\/wp-content\/uploads\/2023\/05\/Blanca-200x272.png 200w, https:\/\/ivsa.es\/ulia\/wp-content\/uploads\/2023\/05\/Blanca-221x300.png 221w, https:\/\/ivsa.es\/ulia\/wp-content\/uploads\/2023\/05\/Blanca.png 250w\" sizes=\"(max-width: 90px) 100vw, 90px\" \/><\/a><\/p>\n<p style=\"text-align: left;\"><strong> Dra. Blanca Imelda<\/strong>, Profesora de Bio\u00e9tica, Patolog\u00eda y Cl\u00ednica M\u00e9dica en la Universida Nacional de Asunci\u00f3n, Paraguay.\u00a0 Directora de Pregrado en la UNA; Jefe de servicio de Hematolog\u00eda del Hospital Central del IPS y del Hospital de Cl\u00ednica de la UNA.\u00a0 Presidente del Comit\u00e9 de Bio\u00e9tica de Paraguay.\u00a0 Organizadora de dos ediciones de los Congresos Ciencia y Vida, ambos en Asunci\u00f3n (2011 y 2017).<\/p>\n<\/div>\n<\/div>\n<\/div>\n<\/div>\n<\/div>\n<p><a href=\"http:\/\/ivsa.es\/ulia\/wp-content\/uploads\/2023\/05\/Francisco.png\"><img decoding=\"async\" class=\"wp-image-2450 aligncenter\" src=\"http:\/\/ivsa.es\/ulia\/wp-content\/uploads\/2023\/05\/Francisco.png\" alt=\"\" width=\"91\" height=\"124\" srcset=\"https:\/\/ivsa.es\/ulia\/wp-content\/uploads\/2023\/05\/Francisco-200x272.png 200w, https:\/\/ivsa.es\/ulia\/wp-content\/uploads\/2023\/05\/Francisco-221x300.png 221w, https:\/\/ivsa.es\/ulia\/wp-content\/uploads\/2023\/05\/Francisco.png 250w\" sizes=\"(max-width: 91px) 100vw, 91px\" \/><\/a><\/p>\n<div class=\"fusion-fullwidth fullwidth-box fusion-builder-row-1 hundred-percent-fullwidth non-hundred-percent-height-scrolling\" style=\"--awb-border-radius-top-left: 0px; --awb-border-radius-top-right: 0px; --awb-border-radius-bottom-right: 0px; --awb-border-radius-bottom-left: 0px; --awb-overflow: visible;\">\n<div class=\"fusion-builder-row fusion-row\">\n<div class=\"fusion-layout-column fusion_builder_column fusion-builder-column-0 fusion_builder_column_1_1 1_1 fusion-one-full fusion-column-first fusion-column-last fusion-column-no-min-height\" style=\"--awb-bg-size: cover; --awb-margin-bottom: 0px;\">\n<div class=\"fusion-column-wrapper fusion-flex-column-wrapper-legacy\">\n<p><strong>Francisco Javier Le\u00f3n Correa<\/strong>, Profesor de Bio\u00e9tica en la Universidad Cat\u00f3lica.\u00a0 Director del Centro de Bio\u00e9tica en la Facultad de Ciencias de la Salud de la Universidad Central de Chile. Presidente (2009-2019) de la Federaci\u00f3n Latinoamericana de Instituciones de Bio\u00e9tica.\u00a0 Presidente de la Comisi\u00f3n Ministerial de \u00c9tica de la investigaci\u00f3n biom\u00e9dica de Chile.\u00a0 Autor de numerosos art\u00edculos y textos cient\u00edficos. Profesor de UL\u00cdA desde sus inicios en el \u00e1rea de Bio\u00e9tica.<a href=\"http:\/\/ivsa.es\/ulia\/wp-content\/uploads\/2023\/05\/Gloria.png\"><img decoding=\"async\" class=\"wp-image-2451 aligncenter\" src=\"http:\/\/ivsa.es\/ulia\/wp-content\/uploads\/2023\/05\/Gloria.png\" alt=\"\" width=\"89\" height=\"121\" srcset=\"https:\/\/ivsa.es\/ulia\/wp-content\/uploads\/2023\/05\/Gloria-200x272.png 200w, https:\/\/ivsa.es\/ulia\/wp-content\/uploads\/2023\/05\/Gloria-221x300.png 221w, https:\/\/ivsa.es\/ulia\/wp-content\/uploads\/2023\/05\/Gloria.png 250w\" sizes=\"(max-width: 89px) 100vw, 89px\" \/><\/a><\/p>\n<p>&nbsp;<\/p>\n<p><strong>Gloria Mar\u00eda Tom\u00e1s y Garrido, <\/strong>Profesora de Bio\u00e9tica en la Universidad Cat\u00f3lica de Murcia \u2022 Directora del Master Oficial de Bio\u00e9tica de la UCAM (2009-2012)\u00a0 Miembro directivo de la Sociedad Andaluza de Bio\u00e9tica.\u00a0 Autora de m\u00e1s de medio centenar de art\u00edculos cient\u00edficos y de varios libros y vol\u00famenes colectivos sobre bio\u00e9tica. Premio Nacional de la Asociaci\u00f3n Nacional de Farmac\u00e9uticos. Profesora de UL\u00cdA y asidua a los congresos Ciencia y Vida desde su inicio.<\/p>\n<p><img loading=\"lazy\" decoding=\"async\" class=\"person-img img-responsive aligncenter\" src=\"http:\/\/ivsa.es\/ulia\/wp-content\/uploads\/2016\/12\/Hugo.jpg\" width=\"122\" height=\"141\" \/><\/p>\n<div class=\"fusion-clearfix\"><strong>Hugo Obiglio<\/strong>, Buenos Aires (1934). Humanista, profesor, investigador y m\u00e9dico. Fundador y primer director del Instituto de \u00c9tica Biom\u00e9dica de la Pontifica Universidad Cat\u00f3lica Argentina. Miembro de varias academias, entre ellas la Academia Argentina de Ciencias Morales y Pol\u00edticas y la Academia Pontificia Pro Vita. Pionero de la bio\u00e9tica y configurador de la disciplina con un amplio elenco de disc\u00edpulos. Colaborador de ULIA desde sus inicios. El Dr. Obiglio ha sido para muchos dentro y fuera de ULIA un referente moral, un apoyo animante, y un ejemplo puntero de coherencia intelectual. Por estos y otros m\u00e9ritos se le concede el Doctorado Honoris Causa sentando una pauta que configura tambi\u00e9n el moto de nuestra universidad: <em>servi vitae cum scientia.<\/em><\/div>\n<\/div>\n<\/div>\n<\/div>\n<\/div>\n<div class=\"fusion-fullwidth fullwidth-box fusion-builder-row-2 nonhundred-percent-fullwidth non-hundred-percent-height-scrolling\" style=\"--awb-background-position: left top; --awb-border-radius-top-left: 0px; --awb-border-radius-top-right: 0px; --awb-border-radius-bottom-right: 0px; --awb-border-radius-bottom-left: 0px; --awb-padding-top: 20px; --awb-padding-bottom: 20px; --awb-border-sizes-top: 0px; --awb-border-sizes-bottom: 0px;\">\n<div class=\"fusion-builder-row fusion-row\">\n<div class=\"fusion-layout-column fusion_builder_column fusion-builder-column-1 fusion_builder_column_5_6 5_6 fusion-five-sixth fusion-column-first\" style=\"--awb-bg-size: cover; width: 82.6666%; margin-right: 4%;\">\n<div class=\"fusion-column-wrapper fusion-flex-column-wrapper-legacy\">\n<div class=\"fusion-clearfix\"><\/div>\n<\/div>\n<\/div>\n<div class=\"fusion-layout-column fusion_builder_column fusion-builder-column-2 fusion_builder_column_1_6 1_6 fusion-one-sixth fusion-column-last\" style=\"--awb-bg-size: cover; width: 13.3333%;\">\n<div class=\"fusion-column-wrapper fusion-flex-column-wrapper-legacy\">\n<div class=\"fusion-clearfix\"><\/div>\n<\/div>\n<\/div>\n<\/div>\n<\/div>\n<div class=\"fusion-fullwidth fullwidth-box fusion-builder-row-3 nonhundred-percent-fullwidth non-hundred-percent-height-scrolling\" style=\"--awb-background-position: left top; --awb-border-radius-top-left: 0px; --awb-border-radius-top-right: 0px; --awb-border-radius-bottom-right: 0px; --awb-border-radius-bottom-left: 0px; --awb-padding-top: 20px; --awb-padding-bottom: 20px; --awb-border-sizes-top: 0px; --awb-border-sizes-bottom: 0px;\">\n<div class=\"fusion-builder-row fusion-row\">\n<div class=\"fusion-layout-column fusion_builder_column fusion-builder-column-3 fusion_builder_column_1_6 1_6 fusion-one-sixth fusion-column-first\" style=\"--awb-bg-size: cover; width: 13.3333%; margin-right: 4%;\">\n<div class=\"fusion-column-wrapper fusion-flex-column-wrapper-legacy\">\n<div class=\"fusion-person person fusion-person-left fusion-person-2 fusion-person-icon-top\" style=\"--awb-pic-style-color: var(--awb-color8); --awb-pic-borderradius: 0px; --awb-margin-top: 0px; --awb-margin-right: 0px; --awb-margin-bottom: 0px; --awb-margin-left: 0px; --awb-social-box-border-top: 0px; --awb-social-box-border-right: 0px; --awb-social-box-border-bottom: 0px; --awb-social-box-border-left: 0px; --awb-social-box-border-color: var(--awb-color3); --awb-social-box-border-color-hover: var(--awb-color4);\">\n<div class=\"person-shortcode-image-wrapper\">\n<div class=\"person-image-container hover-type-none\" style=\"border: 0px solid #f6f6f6; border-radius: 0px;\"><img decoding=\"async\" class=\"person-img img-responsive aligncenter\" src=\"http:\/\/ivsa.es\/ulia\/wp-content\/uploads\/2016\/12\/Ana.jpg\" \/><\/div>\n<\/div>\n<\/div>\n<div class=\"fusion-clearfix\"><\/div>\n<\/div>\n<\/div>\n<div class=\"fusion-layout-column fusion_builder_column fusion-builder-column-4 fusion_builder_column_5_6 5_6 fusion-five-sixth fusion-column-last\" style=\"--awb-bg-size: cover; width: 82.6666%;\">\n<div class=\"fusion-column-wrapper fusion-flex-column-wrapper-legacy\">\n<div class=\"fusion-text fusion-text-3\">\n<p><strong>Ana Teresa L\u00f3pez de Llergo Villag\u00f3mez<\/strong>, M\u00e9xico DF (1938). Profesora, cient\u00edfica y humanista. Ligada toda su vida a la universidad (Iberoamericana, Panamericana, Navarra y ULIA), ha sabido aunar la excelencia profesoral con el servicio a sus alumnas y alumnos. Iniciadora de los estudios de pedagog\u00eda en la Universidad Panamericana donde, no obstante sus cualificaciones en ciencias puras, ha elaborado un corpus acad\u00e9mico sobre la centralidad de los valores y la apuesta en las virtudes que ha configurado escuela. Implicada en ULIA desde sus inicios y firme defensora del valor primero de la vida humana, ha sido para todos en ULIA un referente de constancia, coherencia, seguridad y excelencia. Por estos y otros m\u00e9ritos se le concede el Doctorado Honoris Causa que es tambi\u00e9n un ejemplo y gu\u00eda para los que vengan despu\u00e9s.<\/p>\n<p><em>\u00a0<\/em><\/p>\n<\/div>\n<div class=\"fusion-clearfix\"><\/div>\n<\/div>\n<\/div>\n<\/div>\n<\/div>\n<div class=\"fusion-fullwidth fullwidth-box fusion-builder-row-4 nonhundred-percent-fullwidth non-hundred-percent-height-scrolling\" style=\"--awb-background-position: left top; --awb-border-radius-top-left: 0px; --awb-border-radius-top-right: 0px; --awb-border-radius-bottom-right: 0px; --awb-border-radius-bottom-left: 0px; --awb-padding-top: 20px; --awb-padding-bottom: 20px; --awb-border-sizes-top: 0px; --awb-border-sizes-bottom: 0px;\">\n<div class=\"fusion-builder-row fusion-row\">\n<div class=\"fusion-layout-column fusion_builder_column fusion-builder-column-5 fusion_builder_column_1_2 1_2 fusion-one-half fusion-column-first\" style=\"--awb-bg-size: cover; width: 48%; margin-right: 4%;\">\n<div class=\"fusion-column-wrapper fusion-flex-column-wrapper-legacy\">\n<div class=\"fusion-person person fusion-person-left fusion-person-3 fusion-person-icon-top\" style=\"--awb-pic-style-color: var(--awb-color8); --awb-pic-borderradius: 0px; --awb-margin-top: 0px; --awb-margin-right: 0px; --awb-margin-bottom: 0px; --awb-margin-left: 0px; --awb-social-box-border-top: 0px; --awb-social-box-border-right: 0px; --awb-social-box-border-bottom: 0px; --awb-social-box-border-left: 0px; --awb-social-box-border-color: var(--awb-color3); --awb-social-box-border-color-hover: var(--awb-color4);\">\n<div class=\"person-shortcode-image-wrapper\">\n<div class=\"person-image-container hover-type-none\" style=\"border: 0px solid #f6f6f6; border-radius: 0px;\"><img decoding=\"async\" class=\"person-img img-responsive\" src=\"http:\/\/ivsa.es\/ulia\/wp-content\/uploads\/2016\/12\/Doctoris-Ana.jpg\" \/><\/div>\n<\/div>\n<\/div>\n<div class=\"fusion-clearfix\"><\/div>\n<\/div>\n<\/div>\n<div class=\"fusion-layout-column fusion_builder_column fusion-builder-column-6 fusion_builder_column_1_2 1_2 fusion-one-half fusion-column-last\" style=\"--awb-bg-size: cover; width: 48%;\">\n<div class=\"fusion-column-wrapper fusion-flex-column-wrapper-legacy\">\n<div class=\"fusion-person person fusion-person-left fusion-person-4 fusion-person-icon-top\" style=\"--awb-pic-style-color: var(--awb-color8); --awb-pic-borderradius: 0px; --awb-margin-top: 0px; --awb-margin-right: 0px; --awb-margin-bottom: 0px; --awb-margin-left: 0px; --awb-social-box-border-top: 0px; --awb-social-box-border-right: 0px; --awb-social-box-border-bottom: 0px; --awb-social-box-border-left: 0px; --awb-social-box-border-color: var(--awb-color3); --awb-social-box-border-color-hover: var(--awb-color4);\">\n<div class=\"person-shortcode-image-wrapper\">\n<div class=\"person-image-container hover-type-none\" style=\"border: 0px solid #f6f6f6; border-radius: 0px;\"><img decoding=\"async\" class=\"person-img img-responsive\" src=\"http:\/\/ivsa.es\/ulia\/wp-content\/uploads\/2016\/12\/Doctoris-Hugo.jpg\" \/><\/div>\n<\/div>\n<\/div>\n<div class=\"fusion-clearfix\"><\/div>\n<\/div>\n<\/div>\n<\/div>\n<\/div>\n<\/div><\/div><\/div><\/div><\/div><\/div>\n","protected":false},"excerpt":{"rendered":"","protected":false},"author":4,"featured_media":0,"parent":0,"menu_order":0,"comment_status":"closed","ping_status":"closed","template":"","meta":{"footnotes":""},"class_list":["post-1087","page","type-page","status-publish","hentry"],"_links":{"self":[{"href":"https:\/\/ivsa.es\/ulia\/wp-json\/wp\/v2\/pages\/1087","targetHints":{"allow":["GET"]}}],"collection":[{"href":"https:\/\/ivsa.es\/ulia\/wp-json\/wp\/v2\/pages"}],"about":[{"href":"https:\/\/ivsa.es\/ulia\/wp-json\/wp\/v2\/types\/page"}],"author":[{"embeddable":true,"href":"https:\/\/ivsa.es\/ulia\/wp-json\/wp\/v2\/users\/4"}],"replies":[{"embeddable":true,"href":"https:\/\/ivsa.es\/ulia\/wp-json\/wp\/v2\/comments?post=1087"}],"version-history":[{"count":35,"href":"https:\/\/ivsa.es\/ulia\/wp-json\/wp\/v2\/pages\/1087\/revisions"}],"predecessor-version":[{"id":2454,"href":"https:\/\/ivsa.es\/ulia\/wp-json\/wp\/v2\/pages\/1087\/revisions\/2454"}],"wp:attachment":[{"href":"https:\/\/ivsa.es\/ulia\/wp-json\/wp\/v2\/media?parent=1087"}],"curies":[{"name":"wp","href":"https:\/\/api.w.org\/{rel}","templated":true}]}}