{"id":109,"date":"2016-01-07T00:32:28","date_gmt":"2016-01-07T00:32:28","guid":{"rendered":"http:\/\/ivsa.es\/ulia\/?page_id=109"},"modified":"2017-04-11T16:27:48","modified_gmt":"2017-04-11T16:27:48","slug":"mas-alla-de-los-mooc","status":"publish","type":"page","link":"https:\/\/ivsa.es\/ulia\/mas-alla-de-los-mooc\/","title":{"rendered":"M\u00e1s all\u00e1 de los MOOC"},"content":{"rendered":"<p style=\"text-align: justify;\">La base y fundamento de la educaci\u00f3n a distancia es la cercan\u00eda entre el cuerpo de profesores\/tutores y el alumnado.<\/p>\n<p style=\"text-align: justify;\">En ULIA seguimos un m\u00e9todo de educaci\u00f3n personalizada con implicaci\u00f3n motivacional y participativa que hacen posible el servicio y la gratuidad. Ni nuestros profesores y tutores est\u00e1n implicados por razones distintas de su dignidad y compromiso, ni nuestros alumnos por motivos diferentes al af\u00e1n de aprender. La comuni\u00f3n que procuran el honor de servir por un lado y la gratuidad del esfuerzo por otro resultan en una cercan\u00eda y proximidad que supera las distancias geogr\u00e1ficas.<\/p>\n<p style=\"text-align: justify;\">El seguimiento, retroalimentaci\u00f3n, apoyo, empat\u00eda, y constancia son caracter\u00edsticas nuestras, resultando en \u00edndices muy altos de perseverancia. Habitualmente m\u00e1s del 90% del alumnado inscrito termina el programa satisfactoriamente. Ello es posible tambi\u00e9n porque solo admitimos a los alumnos que podemos atender bien, habitualmente no m\u00e1s de 20 por programa y a\u00f1o.<\/p>\n<p style=\"text-align: justify;\">A d\u00eda de hoy muchos de nuestros tutores son antiguos alumnos que desean dar gratis lo que recibieron gratis. Consecuentemente nuestro equipo docente est\u00e1 compuesto por gente normal y corriente que aspira a la excelencia y que trata de ayudar desinteresada y amablemente comunicando su saber y regalando su trabajo.<\/p>\n<p style=\"text-align: justify;\">Cada uno de nuestros alumnos dispone, aparte del consejo que puedan solicitar, de sus calificaciones y correcciones con prontitud. Durante el curso, y despu\u00e9s mediante la participaci\u00f3n en la comunidad alumniulia, reciben recursos y soporte para la actualizaci\u00f3n y profundizaci\u00f3n tem\u00e1tica. Y una vez al a\u00f1o nos reunimos presencialmente en el claustro anual convocado cada vez en una ciudad y pa\u00eds distinto, para celebrar una cercan\u00eda y acompa\u00f1amiento que nunca dejan de estar presente.<\/p>\n<p>&nbsp;<\/p>\n","protected":false},"excerpt":{"rendered":"<p>La base y fundamento de la educaci\u00f3n a distancia es la cercan\u00eda entre el cuerpo de profesores\/tutores y el alumnado. En ULIA seguimos un m\u00e9todo de educaci\u00f3n personalizada con implicaci\u00f3n motivacional y participativa que hacen posible el servicio y la gratuidad. Ni nuestros profesores y tutores est\u00e1n implicados por razones distintas de su dignidad y  [&#8230;]<\/p>\n","protected":false},"author":1,"featured_media":0,"parent":0,"menu_order":0,"comment_status":"closed","ping_status":"closed","template":"","meta":{"footnotes":""},"class_list":["post-109","page","type-page","status-publish","hentry"],"_links":{"self":[{"href":"https:\/\/ivsa.es\/ulia\/wp-json\/wp\/v2\/pages\/109","targetHints":{"allow":["GET"]}}],"collection":[{"href":"https:\/\/ivsa.es\/ulia\/wp-json\/wp\/v2\/pages"}],"about":[{"href":"https:\/\/ivsa.es\/ulia\/wp-json\/wp\/v2\/types\/page"}],"author":[{"embeddable":true,"href":"https:\/\/ivsa.es\/ulia\/wp-json\/wp\/v2\/users\/1"}],"replies":[{"embeddable":true,"href":"https:\/\/ivsa.es\/ulia\/wp-json\/wp\/v2\/comments?post=109"}],"version-history":[{"count":1,"href":"https:\/\/ivsa.es\/ulia\/wp-json\/wp\/v2\/pages\/109\/revisions"}],"predecessor-version":[{"id":110,"href":"https:\/\/ivsa.es\/ulia\/wp-json\/wp\/v2\/pages\/109\/revisions\/110"}],"wp:attachment":[{"href":"https:\/\/ivsa.es\/ulia\/wp-json\/wp\/v2\/media?parent=109"}],"curies":[{"name":"wp","href":"https:\/\/api.w.org\/{rel}","templated":true}]}}