{"id":2077,"date":"2021-11-10T09:19:32","date_gmt":"2021-11-10T09:19:32","guid":{"rendered":"http:\/\/ivsa.es\/ulia\/?page_id=2077"},"modified":"2025-09-02T08:35:16","modified_gmt":"2025-09-02T08:35:16","slug":"curso-experto-comunicacion-catolica","status":"publish","type":"page","link":"https:\/\/ivsa.es\/ulia\/curso-experto-comunicacion-catolica\/","title":{"rendered":"Curso Experto Comunicaci\u00f3n Cat\u00f3lica"},"content":{"rendered":"<p><div class=\"fusion-fullwidth fullwidth-box fusion-builder-row-1 hundred-percent-fullwidth non-hundred-percent-height-scrolling\" style=\"--awb-border-radius-top-left:0px;--awb-border-radius-top-right:0px;--awb-border-radius-bottom-right:0px;--awb-border-radius-bottom-left:0px;--awb-overflow:visible;--awb-flex-wrap:wrap;\" ><div class=\"fusion-builder-row fusion-row\"><div class=\"fusion-layout-column fusion_builder_column fusion-builder-column-0 fusion_builder_column_1_1 1_1 fusion-one-full fusion-column-first fusion-column-last fusion-column-no-min-height\" style=\"--awb-bg-size:cover;--awb-margin-bottom:0px;\"><div class=\"fusion-column-wrapper fusion-flex-column-wrapper-legacy\"><div class=\"fusion-text fusion-text-1\"><p style=\"text-align: justify;\">\n<\/div><div class=\"fusion-clearfix\"><\/div><\/div><\/div><\/div><\/div><div class=\"fusion-fullwidth fullwidth-box fusion-builder-row-2 nonhundred-percent-fullwidth non-hundred-percent-height-scrolling\" style=\"--awb-background-position:left top;--awb-border-radius-top-left:0px;--awb-border-radius-top-right:0px;--awb-border-radius-bottom-right:0px;--awb-border-radius-bottom-left:0px;--awb-padding-top:20px;--awb-padding-bottom:20px;--awb-border-sizes-top:0px;--awb-border-sizes-bottom:0px;--awb-flex-wrap:wrap;\" ><div class=\"fusion-builder-row fusion-row\"><div class=\"fusion-layout-column fusion_builder_column fusion-builder-column-1 fusion_builder_column_1_1 1_1 fusion-one-full fusion-column-first fusion-column-last fusion-column-no-min-height\" style=\"--awb-bg-size:cover;--awb-margin-bottom:0px;\"><div class=\"fusion-column-wrapper fusion-flex-column-wrapper-legacy\"><div class=\"fusion-tabs fusion-tabs-1 classic vertical-tabs icon-position-left mobile-mode-accordion\" style=\"--awb-title-border-radius-top-left:0px;--awb-title-border-radius-top-right:0px;--awb-title-border-radius-bottom-right:0px;--awb-title-border-radius-bottom-left:0px;--awb-inactive-color:#f1f2f2;--awb-background-color:#ffffff;--awb-border-color:#ebeaea;--awb-active-border-color:#006634;\"><div class=\"nav\"><ul class=\"nav-tabs\" role=\"tablist\"><li class=\"active\" role=\"presentation\"><a class=\"tab-link\" data-toggle=\"tab\" role=\"tab\" aria-controls=\"tab-d857aa5df34c4999301\" aria-selected=\"true\" id=\"fusion-tab-caracter\u00edsticas\" href=\"#tab-d857aa5df34c4999301\"><h4 class=\"fusion-tab-heading\"><i class=\"fontawesome-icon fa fa-list-ul\" aria-hidden=\"true\" style=\"font-size:13px;\"><\/i>Caracter\u00edsticas<\/h4><\/a><\/li><li role=\"presentation\"><a class=\"tab-link\" data-toggle=\"tab\" role=\"tab\" aria-controls=\"tab-636b7a8a5a48eb48039\" aria-selected=\"false\" tabindex=\"-1\" id=\"fusion-tab-contenidos\" href=\"#tab-636b7a8a5a48eb48039\"><h4 class=\"fusion-tab-heading\"><i class=\"fontawesome-icon fa fa-list-alt\" aria-hidden=\"true\" style=\"font-size:13px;\"><\/i>Contenidos<\/h4><\/a><\/li><li role=\"presentation\"><a class=\"tab-link\" data-toggle=\"tab\" role=\"tab\" aria-controls=\"tab-92935ff35f61524f070\" aria-selected=\"false\" tabindex=\"-1\" id=\"fusion-tab-metodolog\u00eda\" href=\"#tab-92935ff35f61524f070\"><h4 class=\"fusion-tab-heading\"><i class=\"fontawesome-icon fa fa-comment\" aria-hidden=\"true\" style=\"font-size:13px;\"><\/i>Metodolog\u00eda<\/h4><\/a><\/li><li role=\"presentation\"><a class=\"tab-link\" data-toggle=\"tab\" role=\"tab\" aria-controls=\"tab-a47a46bd9f24c7883df\" aria-selected=\"false\" tabindex=\"-1\" id=\"fusion-tab-inscripci\u00f3n\" href=\"#tab-a47a46bd9f24c7883df\"><h4 class=\"fusion-tab-heading\"><i class=\"fontawesome-icon fa fa-user\" aria-hidden=\"true\" style=\"font-size:13px;\"><\/i>Inscripci\u00f3n<\/h4><\/a><\/li><\/ul><\/div><div class=\"tab-content\"><div class=\"nav fusion-mobile-tab-nav\"><ul class=\"nav-tabs\" role=\"tablist\"><li class=\"active\" role=\"presentation\"><a class=\"tab-link\" data-toggle=\"tab\" role=\"tab\" aria-controls=\"tab-d857aa5df34c4999301\" aria-selected=\"true\" id=\"mobile-fusion-tab-caracter\u00edsticas\" href=\"#tab-d857aa5df34c4999301\"><h4 class=\"fusion-tab-heading\"><i class=\"fontawesome-icon fa fa-list-ul\" aria-hidden=\"true\" style=\"font-size:13px;\"><\/i>Caracter\u00edsticas<\/h4><\/a><\/li><\/ul><\/div><div class=\"tab-pane fade fusion-clearfix in active\" role=\"tabpanel\" tabindex=\"0\" aria-labelledby=\"fusion-tab-caracter\u00edsticas\" id=\"tab-d857aa5df34c4999301\">\n<div style=\"text-align: justify;\" align=\"justify\">\n<p>CURSO DE FORMACI\u00d3N ON LINE que se oferta como t\u00edtulo propio. El curso de Experto en Comunicaci\u00f3n Cat\u00f3lica, ECC, est\u00e1 coordinado por los profesores Ignacio Gil Pechu\u00e1n, de La Universidad Polit\u00e9cnica de Valencia, Jos\u00e9 P\u00e9rez Ad\u00e1n, de la Universidad de Valencia y rector de ULIA, y Viviana Endelman, del equipo de comunicaci\u00f3n de Gr\u00e1vida-Argentina.<\/p>\n<p>El curso ha sido completamente renovado y actualizado para el nuevo a\u00f1o acad\u00e9mico.<\/p>\n<h3><span style=\"color: #006633; font-family: Arial;\"><b>Descripci\u00f3n General<\/b>:<\/span><\/h3>\n<\/div>\n<div style=\"text-align: justify;\" align=\"justify\">T\u00edtulo de experto universitario. El curso requiere un seguimiento semanal sostenido durante los 6 meses del programa por lo que se demanda una motivaci\u00f3n espec\u00edfica. La mayor\u00eda de los contenidos multimedia son propios y exclusivos y se espera que los alumnos puedan contar con un buen acceso a Internet.<\/div>\n<h3 style=\"text-align: justify;\" align=\"justify\"><span style=\"color: #006633; font-family: Arial;\"><b>Duraci\u00f3n<\/b>:<\/span><\/h3>\n<p align=\"justify\">Un semestre: De Enero a Junio<\/p>\n<p align=\"justify\">Carga lectiva equivalente a 10 cr\u00e9ditos ECTS (250 horas de dedicaci\u00f3n).<\/p>\n<div align=\"justify\">Matr\u00edcula abierta hasta completar cupo y en todo caso antes del 8 de diciembre del a\u00f1o en curso.<\/div>\n<div style=\"text-align: left;\" align=\"justify\">\n<h3><span style=\"color: #006633; font-family: Arial;\"><b>Dirigido a<\/b>:<\/span><\/h3>\n<\/div>\n<p>El curso est\u00e1 dirigido a potenciales comunicadores, difusores, y portavoces no oficiales de la fe cat\u00f3lica en medios de comunicaci\u00f3n que reclamen el testimonio de vida de personas comprometidas. Se oferta para alumnado de todos los pa\u00edses de habla espa\u00f1ola con un rango de edad amplio: de 16 a 65 a\u00f1os.<\/p>\n<h3 style=\"text-align: justify;\" align=\"justify\"><span style=\"color: #006633; font-family: Arial;\"><b>Requisitos<\/b>:<\/span><\/h3>\n<p>No se requieren estudios espec\u00edficos previos.<\/p>\n<p>Para justificar la selecci\u00f3n, la direcci\u00f3n del programa se basar\u00e1 principalmente en el cuestionario incluido en la solicitud de inscripci\u00f3n (<a href=\"http:\/\/ivsa.es\/ulia\/ficha-de-inscripcion-curso-de-experto-en-comunicacion-catolica\/\">http:\/\/ivsa.es\/ulia\/ficha-de-inscripcion-curso-de-experto-en-comunicacion-catolica\/<\/a>)<\/p>\n<p>Una vez aceptada dicha solicitud, se informar\u00e1n los medios para efectuar un \u00fanico donativo de 50 Euros para aplicar a costos de mantenimiento.<\/p>\n<p align=\"justify\">La direcci\u00f3n de correo \u00fanica del curso es: <span style=\"font-family: Arial;\"><a href=\"mailto:ecc@ulia.org\"><span style=\"color: #006633;\">ecc@ulia.org<\/span><\/a><\/span><\/p>\n<p style=\"text-align: justify;\" align=\"JUSTIFY\"><\/div><div class=\"nav fusion-mobile-tab-nav\"><ul class=\"nav-tabs\" role=\"tablist\"><li role=\"presentation\"><a class=\"tab-link\" data-toggle=\"tab\" role=\"tab\" aria-controls=\"tab-636b7a8a5a48eb48039\" aria-selected=\"false\" tabindex=\"-1\" id=\"mobile-fusion-tab-contenidos\" href=\"#tab-636b7a8a5a48eb48039\"><h4 class=\"fusion-tab-heading\"><i class=\"fontawesome-icon fa fa-list-alt\" aria-hidden=\"true\" style=\"font-size:13px;\"><\/i>Contenidos<\/h4><\/a><\/li><\/ul><\/div><div class=\"tab-pane fade fusion-clearfix\" role=\"tabpanel\" tabindex=\"0\" aria-labelledby=\"fusion-tab-contenidos\" id=\"tab-636b7a8a5a48eb48039\">\n<p><span style=\"color: #006633;\"><strong>24 sesiones sobre temas de actualidad y de inter\u00e9s medi\u00e1tico:<\/strong><\/span><\/p>\n<p>1.- Habilidades 1.<\/p>\n<p>2.- Habilidades 2.<\/p>\n<p>3.- El m\u00e9todo CVs. Su experiencia y logros<\/p>\n<p>4.- Las 10 claves de una comunicaci\u00f3n efectiva. El panorama comunicativo actual<\/p>\n<p>5.- El entorno cultural y la crisis moral: Tolerancia, discriminaci\u00f3n y nuevos derechos<\/p>\n<p>6.- La figura del Papa<\/p>\n<p>7.- Reconocimiento de la fertilidad y su control racional<\/p>\n<p>8.- La mentalidad anticonceptiva y sus formas. La anticoncepci\u00f3n de emergencia<\/p>\n<p>9.- Abusos sexuales por sacerdotes y pederastia<\/p>\n<p>10.-Transhumanismo e intrusismo m\u00e9dico<\/p>\n<p>11.-El matrimonio can\u00f3nico.<\/p>\n<p>12.-La homosexualidad<\/p>\n<p>13.-El llamado matrimonio homosexual y otras formas de multifamilismo<\/p>\n<p>14.-La libertad religiosa<\/p>\n<p>15.-La FIVET y la subrogaci\u00f3n<\/p>\n<p>16.-La moral social. Los cristianos en la vida p\u00fablica.<\/p>\n<p>17.-Sesi\u00f3n sobre el libro C\u00f3mo Defender La Fe Sin Levantar la Voz<\/p>\n<p>18.-El aborto<\/p>\n<p>19.-La eutanasia y la llamada \u201cmuerte digna\u201d<\/p>\n<p>20.-El laicismo y las relaciones Iglesia-Estado<\/p>\n<p>21.-La eugenesia cl\u00ednica y otras pr\u00e1cticas de exclusi\u00f3n<\/p>\n<p>22.-El divorcio y los divorciados en la Iglesia<\/p>\n<p>23.-La iglesia, defensora de la libertad y la conciencia<\/p>\n<p>24.-La educaci\u00f3n de la sexualidad.<\/p>\n<p>Cada tema cuenta con un experto profesor universitario que interviene en el video. Los profesores expertos, todos de renombre y experiencia, colaboran espec\u00edficamente en el curso con intervenciones in\u00e9ditas en su mayor\u00eda grabadas para este prop\u00f3sito en exclusiva. Cada alumno cuenta con un tutor\/a asignado que le guiar\u00e1 a lo largo del curso y que responder\u00e1 a sus controles semanales con los consejos y la ayuda pertinente.<\/p>\n<p style=\"text-align: justify;\"><\/div><div class=\"nav fusion-mobile-tab-nav\"><ul class=\"nav-tabs\" role=\"tablist\"><li role=\"presentation\"><a class=\"tab-link\" data-toggle=\"tab\" role=\"tab\" aria-controls=\"tab-92935ff35f61524f070\" aria-selected=\"false\" tabindex=\"-1\" id=\"mobile-fusion-tab-metodolog\u00eda\" href=\"#tab-92935ff35f61524f070\"><h4 class=\"fusion-tab-heading\"><i class=\"fontawesome-icon fa fa-comment\" aria-hidden=\"true\" style=\"font-size:13px;\"><\/i>Metodolog\u00eda<\/h4><\/a><\/li><\/ul><\/div><div class=\"tab-pane fade fusion-clearfix\" role=\"tabpanel\" tabindex=\"0\" aria-labelledby=\"fusion-tab-metodolog\u00eda\" id=\"tab-92935ff35f61524f070\">\n<p style=\"font-weight: 400;\">El curso consta de 24 sesiones semanales en total. Casi la totalidad de las sesiones comprenden:<\/p>\n<ol style=\"font-weight: 400;\">\n<li>El video del experto (15-20 minutos)<\/li>\n<li>Textos de estudio<\/li>\n<li>Material complementario<\/li>\n<li>Un control para ir consolidando los contenidos de cada sesi\u00f3n, que el alumnado entregar\u00e1 al finalizar el mes en curso (4 sesiones por control), y que incluir\u00e1 pr\u00e1cticas concretas del M\u00e9todo.<\/li>\n<\/ol>\n<p style=\"font-weight: 400;\">A estos 6 controles (1 por cada mes, abarcando la totalidad de las sesiones), se le sumar\u00e1 un TRABAJO DE EJERCITACI\u00d3N FINAL para la aprobaci\u00f3n del Curso, que no resultar\u00e1 complejo para quien venga acertando en dichos controles.<\/p>\n<p>-Se podr\u00e1n ir consultando dudas con tutor o tutora durante el cursado. Opcional: una conexi\u00f3n v\u00eda zoom para consolidaci\u00f3n y pr\u00e1ctica, cercana a la realizaci\u00f3n del trabajo final.<\/p>\n<p style=\"text-align: justify;\"><\/div><div class=\"nav fusion-mobile-tab-nav\"><ul class=\"nav-tabs\" role=\"tablist\"><li role=\"presentation\"><a class=\"tab-link\" data-toggle=\"tab\" role=\"tab\" aria-controls=\"tab-a47a46bd9f24c7883df\" aria-selected=\"false\" tabindex=\"-1\" id=\"mobile-fusion-tab-inscripci\u00f3n\" href=\"#tab-a47a46bd9f24c7883df\"><h4 class=\"fusion-tab-heading\"><i class=\"fontawesome-icon fa fa-user\" aria-hidden=\"true\" style=\"font-size:13px;\"><\/i>Inscripci\u00f3n<\/h4><\/a><\/li><\/ul><\/div><div class=\"tab-pane fade fusion-clearfix\" role=\"tabpanel\" tabindex=\"0\" aria-labelledby=\"fusion-tab-inscripci\u00f3n\" id=\"tab-a47a46bd9f24c7883df\">\n<p style=\"text-align: justify;\">La matr\u00edcula se efect\u00faa rellenando el siguiente formulario:<\/p>\n<p style=\"text-align: justify;\"><strong><span style=\"color: #006633;\"><a style=\"color: #006633;\" href=\"http:\/\/ivsa.es\/ulia\/ficha-de-inscripcion-curso-de-experto-en-comunicacion-catolica\/\" target=\"_blank\" rel=\"noopener noreferrer\">1.- La ficha de inscripci\u00f3n<\/a><\/span><\/strong><\/p>\n<p>El cupo de alumnos es de 50. Se har\u00e1 una selecci\u00f3n rigurosa por parte de la coordinaci\u00f3n para garantizar la idoneidad de los seleccionados en base a los criterios de ubicaci\u00f3n geogr\u00e1fica, representatividad, imagen, contexto familiar, situaci\u00f3n socio-laboral, compromiso cristiano, y capacitaci\u00f3n.<\/p>\n<p>El curso se oferta gratuitamente pero a los solicitantes aceptados se les exigir\u00e1 abonar una cuota m\u00ednima de compromiso de 50 Euros \u00f3 55 d\u00f3lares americanos para cubrir los gastos de mantenimiento en red del curso. Una vez se le comunique al candidato que ha sido aceptado definitivamente, deber\u00e1 abonar por transferencia bancaria o directamente a trav\u00e9s de internet en la cuenta del curso el importe de la cuota m\u00ednima de compromiso. Este importe y en su caso el gasto (voluntario) del posible desplazamiento a una de los dos siguientes claustros de ULIA son los \u00fanicos gastos que ha de aportar el alumno.<\/p>\n<p style=\"text-align: justify;\"><\/div><\/div><\/div><div class=\"fusion-clearfix\"><\/div><\/div><\/div><\/div><\/div><div class=\"fusion-fullwidth fullwidth-box fusion-builder-row-3 hundred-percent-fullwidth non-hundred-percent-height-scrolling\" style=\"--awb-border-radius-top-left:0px;--awb-border-radius-top-right:0px;--awb-border-radius-bottom-right:0px;--awb-border-radius-bottom-left:0px;--awb-overflow:visible;--awb-flex-wrap:wrap;\" ><div class=\"fusion-builder-row fusion-row\"><div class=\"fusion-layout-column fusion_builder_column fusion-builder-column-2 fusion_builder_column_1_1 1_1 fusion-one-full fusion-column-first fusion-column-last fusion-column-no-min-height\" style=\"--awb-bg-size:cover;--awb-margin-bottom:0px;\"><div class=\"fusion-column-wrapper fusion-flex-column-wrapper-legacy\"><div class=\"fusion-text fusion-text-2\"><p style=\"text-align: justify;\">\n<\/div><div class=\"fusion-text fusion-text-3\"><\/div><div class=\"fusion-clearfix\"><\/div><\/div><\/div><\/div><\/div><\/p>\n","protected":false},"excerpt":{"rendered":"","protected":false},"author":1,"featured_media":0,"parent":0,"menu_order":0,"comment_status":"closed","ping_status":"closed","template":"","meta":{"footnotes":""},"class_list":["post-2077","page","type-page","status-publish","hentry"],"_links":{"self":[{"href":"https:\/\/ivsa.es\/ulia\/wp-json\/wp\/v2\/pages\/2077","targetHints":{"allow":["GET"]}}],"collection":[{"href":"https:\/\/ivsa.es\/ulia\/wp-json\/wp\/v2\/pages"}],"about":[{"href":"https:\/\/ivsa.es\/ulia\/wp-json\/wp\/v2\/types\/page"}],"author":[{"embeddable":true,"href":"https:\/\/ivsa.es\/ulia\/wp-json\/wp\/v2\/users\/1"}],"replies":[{"embeddable":true,"href":"https:\/\/ivsa.es\/ulia\/wp-json\/wp\/v2\/comments?post=2077"}],"version-history":[{"count":16,"href":"https:\/\/ivsa.es\/ulia\/wp-json\/wp\/v2\/pages\/2077\/revisions"}],"predecessor-version":[{"id":2819,"href":"https:\/\/ivsa.es\/ulia\/wp-json\/wp\/v2\/pages\/2077\/revisions\/2819"}],"wp:attachment":[{"href":"https:\/\/ivsa.es\/ulia\/wp-json\/wp\/v2\/media?parent=2077"}],"curies":[{"name":"wp","href":"https:\/\/api.w.org\/{rel}","templated":true}]}}