{"id":2209,"date":"2022-04-27T15:03:30","date_gmt":"2022-04-27T15:03:30","guid":{"rendered":"http:\/\/ivsa.es\/ulia\/?page_id=2209"},"modified":"2024-05-09T10:53:27","modified_gmt":"2024-05-09T10:53:27","slug":"edl","status":"publish","type":"page","link":"https:\/\/ivsa.es\/ulia\/edl\/","title":{"rendered":"Curso de Experto en Derecho y Literatura"},"content":{"rendered":"<p><div class=\"fusion-fullwidth fullwidth-box fusion-builder-row-1 hundred-percent-fullwidth non-hundred-percent-height-scrolling\" style=\"--awb-border-radius-top-left:0px;--awb-border-radius-top-right:0px;--awb-border-radius-bottom-right:0px;--awb-border-radius-bottom-left:0px;--awb-overflow:visible;--awb-flex-wrap:wrap;\" ><div class=\"fusion-builder-row fusion-row\"><div class=\"fusion-layout-column fusion_builder_column fusion-builder-column-0 fusion_builder_column_1_1 1_1 fusion-one-full fusion-column-first fusion-column-last fusion-column-no-min-height\" style=\"--awb-bg-size:cover;--awb-margin-bottom:0px;\"><div class=\"fusion-column-wrapper fusion-flex-column-wrapper-legacy\"><div class=\"fusion-text fusion-text-1\"><p style=\"text-align: justify;\">\n<\/div><div class=\"fusion-clearfix\"><\/div><\/div><\/div><\/div><\/div><div class=\"fusion-fullwidth fullwidth-box fusion-builder-row-2 nonhundred-percent-fullwidth non-hundred-percent-height-scrolling\" style=\"--awb-background-position:left top;--awb-border-radius-top-left:0px;--awb-border-radius-top-right:0px;--awb-border-radius-bottom-right:0px;--awb-border-radius-bottom-left:0px;--awb-padding-top:20px;--awb-padding-bottom:20px;--awb-border-sizes-top:0px;--awb-border-sizes-bottom:0px;--awb-flex-wrap:wrap;\" ><div class=\"fusion-builder-row fusion-row\"><div class=\"fusion-layout-column fusion_builder_column fusion-builder-column-1 fusion_builder_column_1_1 1_1 fusion-one-full fusion-column-first fusion-column-last fusion-column-no-min-height\" style=\"--awb-bg-size:cover;--awb-margin-bottom:0px;\"><div class=\"fusion-column-wrapper fusion-flex-column-wrapper-legacy\"><div class=\"fusion-tabs fusion-tabs-1 classic vertical-tabs icon-position-left mobile-mode-accordion\" style=\"--awb-title-border-radius-top-left:0px;--awb-title-border-radius-top-right:0px;--awb-title-border-radius-bottom-right:0px;--awb-title-border-radius-bottom-left:0px;--awb-inactive-color:#f1f2f2;--awb-background-color:#ffffff;--awb-border-color:#ebeaea;--awb-active-border-color:#006634;\"><div class=\"nav\"><ul class=\"nav-tabs\" role=\"tablist\"><li class=\"active\" role=\"presentation\"><a class=\"tab-link\" data-toggle=\"tab\" role=\"tab\" aria-controls=\"tab-36360ea942222ee13b4\" aria-selected=\"true\" id=\"fusion-tab-caracter\u00edsticas\" href=\"#tab-36360ea942222ee13b4\"><h4 class=\"fusion-tab-heading\"><i class=\"fontawesome-icon fa fa-list-ul\" aria-hidden=\"true\" style=\"font-size:13px;\"><\/i>Caracter\u00edsticas<\/h4><\/a><\/li><li role=\"presentation\"><a class=\"tab-link\" data-toggle=\"tab\" role=\"tab\" aria-controls=\"tab-20010749af1bf6e88e1\" aria-selected=\"false\" tabindex=\"-1\" id=\"fusion-tab-contenidos\" href=\"#tab-20010749af1bf6e88e1\"><h4 class=\"fusion-tab-heading\"><i class=\"fontawesome-icon fa fa-list-alt\" aria-hidden=\"true\" style=\"font-size:13px;\"><\/i>Contenidos<\/h4><\/a><\/li><li role=\"presentation\"><a class=\"tab-link\" data-toggle=\"tab\" role=\"tab\" aria-controls=\"tab-e17fca9e06e197ea85e\" aria-selected=\"false\" tabindex=\"-1\" id=\"fusion-tab-metodolog\u00eda\" href=\"#tab-e17fca9e06e197ea85e\"><h4 class=\"fusion-tab-heading\"><i class=\"fontawesome-icon fa fa-comment\" aria-hidden=\"true\" style=\"font-size:13px;\"><\/i>Metodolog\u00eda<\/h4><\/a><\/li><li role=\"presentation\"><a class=\"tab-link\" data-toggle=\"tab\" role=\"tab\" aria-controls=\"tab-795427c78735fc341f4\" aria-selected=\"false\" tabindex=\"-1\" id=\"fusion-tab-inscripci\u00f3n\" href=\"#tab-795427c78735fc341f4\"><h4 class=\"fusion-tab-heading\"><i class=\"fontawesome-icon fa fa-user\" aria-hidden=\"true\" style=\"font-size:13px;\"><\/i>Inscripci\u00f3n<\/h4><\/a><\/li><\/ul><\/div><div class=\"tab-content\"><div class=\"nav fusion-mobile-tab-nav\"><ul class=\"nav-tabs\" role=\"tablist\"><li class=\"active\" role=\"presentation\"><a class=\"tab-link\" data-toggle=\"tab\" role=\"tab\" aria-controls=\"tab-36360ea942222ee13b4\" aria-selected=\"true\" id=\"mobile-fusion-tab-caracter\u00edsticas\" href=\"#tab-36360ea942222ee13b4\"><h4 class=\"fusion-tab-heading\"><i class=\"fontawesome-icon fa fa-list-ul\" aria-hidden=\"true\" style=\"font-size:13px;\"><\/i>Caracter\u00edsticas<\/h4><\/a><\/li><\/ul><\/div><div class=\"tab-pane fade fusion-clearfix in active\" role=\"tabpanel\" tabindex=\"0\" aria-labelledby=\"fusion-tab-caracter\u00edsticas\" id=\"tab-36360ea942222ee13b4\">\n<div style=\"text-align: justify;\" align=\"justify\">\n<p>CURSO DE FORMACI\u00d3N ON LINE. El curso de Experto en Derecho y Literatura est\u00e1 coordinado por el profesor D. Juan Alfredo Obarrio Moreno.<\/p>\n<h3><span style=\"color: #006633; font-family: Arial;\"><b>Descripci\u00f3n General<\/b>:<\/span><\/h3>\n<\/div>\n<div style=\"text-align: justify;\" align=\"justify\">El curso est\u00e1 orientado a profundizar el conocimiento del derecho a trav\u00e9s de algunas de las obras m\u00e1s egregias de la literatura universal. M\u00e1s all\u00e1 de los conocimientos que proporciona, el curso puede ser el punto de partida hacia una nueva visi\u00f3n y actitud respecto a la realidad personal, a la libertad, a la justicia, y la importancia de una adecuada educaci\u00f3n moral. Se da importancia a los fundamentos del discurso racional y a la sabidur\u00eda human\u00edstica.<\/div>\n<h3 style=\"text-align: justify;\" align=\"justify\"><span style=\"color: #006633; font-family: Arial;\"><b>Duraci\u00f3n<\/b>:<\/span><\/h3>\n<p>Un semestre: Desde el 1 Enero al 30 Junio.<\/p>\n<p>Carga lectiva equivalente a 10 cr\u00e9ditos ECTS (equivalente a 100-250 horas de dedicaci\u00f3n)<span style=\"text-align: left;\">.<\/span><\/p>\n<p>Matr\u00edcula abierta hasta completar cupo y en todo caso antes del 8 de diciembre del a\u00f1o en curso.<\/p>\n<div style=\"text-align: left;\" align=\"justify\">\n<h3><span style=\"color: #006633; font-family: Arial;\"><b>Dirigido a<\/b>:<\/span><\/h3>\n<\/div>\n<p>Todas las personas que deseen comprender la literatura desde una perspectiva del derecho y viceversa. Se requiere un inter\u00e9s por los temas tratados y un h\u00e1bito por la reflexi\u00f3n que mueva al alumnado a interrogarse por las cuestiones b\u00e1sicas de la vida en sociedad.<\/p>\n<h3 style=\"text-align: justify;\" align=\"justify\"><span style=\"color: #006633; font-family: Arial;\"><b>Requisitos<\/b>:<\/span><\/h3>\n<p>Aparte del deseo de aprender y las posibilidades de hacerlo a distancia, se considerar\u00e1 favorable haber obtenido alg\u00fan diploma del \u00e1rea de educaci\u00f3n de ULIA y, particularmente, el DCIVI. Podr\u00e1, no obstante, solicitar la inscripci\u00f3n toda persona que manifieste inquietudes intelectuales e inter\u00e9s por la conformaci\u00f3n de las leyes y pautas que rigen las sociedades humanas.<\/p>\n<h3 style=\"text-align: justify;\" align=\"justify\"><span style=\"color: #006633; font-family: Arial;\"><b>Objetivos<\/b>:<\/span><\/h3>\n<p>Desarrollar los conocimientos necesarios para aprender a valorar el peso de la justicia en la conformaci\u00f3n de sociedades viables, y comprender los procesos culturales e hist\u00f3ricos que dan lugar a la conformaci\u00f3n de leyes justas.<\/p>\n<p><span style=\"font-family: Arial;\">La direcci\u00f3n de correo \u00fanica del curso es: <a href=\"mailto:edl@ulia.org\"><span style=\"color: #006633;\">edl@ulia.org<\/span><\/a><\/span><\/p>\n<p style=\"text-align: justify;\" align=\"JUSTIFY\"><\/div><div class=\"nav fusion-mobile-tab-nav\"><ul class=\"nav-tabs\" role=\"tablist\"><li role=\"presentation\"><a class=\"tab-link\" data-toggle=\"tab\" role=\"tab\" aria-controls=\"tab-20010749af1bf6e88e1\" aria-selected=\"false\" tabindex=\"-1\" id=\"mobile-fusion-tab-contenidos\" href=\"#tab-20010749af1bf6e88e1\"><h4 class=\"fusion-tab-heading\"><i class=\"fontawesome-icon fa fa-list-alt\" aria-hidden=\"true\" style=\"font-size:13px;\"><\/i>Contenidos<\/h4><\/a><\/li><\/ul><\/div><div class=\"tab-pane fade fusion-clearfix\" role=\"tabpanel\" tabindex=\"0\" aria-labelledby=\"fusion-tab-contenidos\" id=\"tab-20010749af1bf6e88e1\">\n<p>Las actividades del curso comprenden 6 unidades tem\u00e1ticas mensuales, cuyos contenidos espec\u00edficos son:<\/p>\n<ul>\n<li><strong>Unidad 1: <\/strong>Derecho Versus Conciencia: Ant\u00edgona (S\u00f3focles)<\/li>\n<li><b>Unidad 2: <\/b>El Totalitarismo: 1984 (George Orwell)<\/li>\n<li><b>Unidad 3: <\/b>La Presunci\u00f3n De Inocencia: El Proceso (Franz Kafka)<\/li>\n<li><b>Unidad 4: <\/b>Conciencia contra Violencia: Castellio contra Calvino (Stefan Zweig)<\/li>\n<li><b>Unidad 5:<\/b><span style=\"font-weight: 400;\"> Ret\u00f3rica y Defensa Judicial: La Apolog\u00eda de S\u00f3crates (Plat\u00f3n)<\/span><span style=\"font-weight: 400;\">.<\/span><\/li>\n<li><span style=\"font-weight: 400;\"><b>Unidad 6: <\/b>La negaci\u00f3n del Estado de Derecho: El Nacionalsocialimo. Deutsches Requiem (Jorge Luis Borges, El Aleph)<\/span><\/li>\n<\/ul>\n<p style=\"text-align: justify;\"><\/div><div class=\"nav fusion-mobile-tab-nav\"><ul class=\"nav-tabs\" role=\"tablist\"><li role=\"presentation\"><a class=\"tab-link\" data-toggle=\"tab\" role=\"tab\" aria-controls=\"tab-e17fca9e06e197ea85e\" aria-selected=\"false\" tabindex=\"-1\" id=\"mobile-fusion-tab-metodolog\u00eda\" href=\"#tab-e17fca9e06e197ea85e\"><h4 class=\"fusion-tab-heading\"><i class=\"fontawesome-icon fa fa-comment\" aria-hidden=\"true\" style=\"font-size:13px;\"><\/i>Metodolog\u00eda<\/h4><\/a><\/li><\/ul><\/div><div class=\"tab-pane fade fusion-clearfix\" role=\"tabpanel\" tabindex=\"0\" aria-labelledby=\"fusion-tab-metodolog\u00eda\" id=\"tab-e17fca9e06e197ea85e\">\n<p>Todo el material de cada unidad (documentos, material multimedia y links de enlace, textos recomendados y bibliograf\u00eda) se cursar\u00e1n a trav\u00e9s de internet en un solo env\u00edo el d\u00eda 1 de cada mes. Para cada unidad se indicar\u00e1n aquellos textos, documentos y material multimedia que deben ser considerados el m\u00ednimo suficiente que se pretende que el alumno incorpore para su capacitaci\u00f3n, y cu\u00e1les son de lectura opcional. Las tareas de cada Unidad deber\u00e1n ser enviadas antes del \u00faltimo d\u00eda del mes correspondiente.<\/p>\n<p>El alumnado dispondr\u00e1 de la ayuda del equipo docente para solventar dudas o problemas, consultar los temas de los trabajos requeridos o recabar bibliograf\u00eda adicional si se estima conveniente.<\/p>\n<p>Cada env\u00edo, adem\u00e1s de los textos y materiales propios del tema, incorporar\u00e1 el detalle de cu\u00e1les son las tareas que el alumno debe de remitir a la direcci\u00f3n del curso antes del env\u00edo de la siguiente unidad.<\/p>\n<p>La direcci\u00f3n del programa estar\u00e1 enviando regularmente una devoluci\u00f3n al alumno, con las observaciones sobre las tareas enviadas, as\u00ed como los consejos y requerimientos que se vean necesarios para el mejor aprovechamiento.<\/p>\n<p>Para la obtenci\u00f3n del t\u00edtulo de experto ser\u00e1 necesario completar todos los controles mensuales en tiempo y forma, as\u00ed como la actividad extra que pueda ser necesaria realizar, si se diera el caso, para clarificar la evaluaci\u00f3n.<\/p>\n<p style=\"text-align: justify;\"><\/div><div class=\"nav fusion-mobile-tab-nav\"><ul class=\"nav-tabs\" role=\"tablist\"><li role=\"presentation\"><a class=\"tab-link\" data-toggle=\"tab\" role=\"tab\" aria-controls=\"tab-795427c78735fc341f4\" aria-selected=\"false\" tabindex=\"-1\" id=\"mobile-fusion-tab-inscripci\u00f3n\" href=\"#tab-795427c78735fc341f4\"><h4 class=\"fusion-tab-heading\"><i class=\"fontawesome-icon fa fa-user\" aria-hidden=\"true\" style=\"font-size:13px;\"><\/i>Inscripci\u00f3n<\/h4><\/a><\/li><\/ul><\/div><div class=\"tab-pane fade fusion-clearfix\" role=\"tabpanel\" tabindex=\"0\" aria-labelledby=\"fusion-tab-inscripci\u00f3n\" id=\"tab-795427c78735fc341f4\">\n<p style=\"text-align: justify;\">La matr\u00edcula se efect\u00faa rellenando el siguiente formulario:<\/p>\n<p style=\"text-align: justify;\"><strong><span style=\"color: #006633;\"><a style=\"color: #006633;\" href=\"http:\/\/ivsa.es\/ulia\/ficha-de-inscripcion-curso-edl\/\" target=\"_blank\" rel=\"noopener noreferrer\">1.- La ficha de inscripci\u00f3n<\/a><\/span><\/strong><\/p>\n<p>Se abre el plazo el 1 de Junio.\u00a0 El cupo de alumnos es estrictamente limitado. Se har\u00e1 una selecci\u00f3n rigurosa por parte de la coordinaci\u00f3n para garantizar la idoneidad de los seleccionados en base a los criterios de ubicaci\u00f3n geogr\u00e1fica, representatividad, imagen, disponibilidad, compromiso, y capacitaci\u00f3n. Tendr\u00e1n cierta preferencia los alumni de ULIA.<\/p>\n<p>Una vez enviada la solicitud (rellenado el formulario), y si esta ha pasado la primera selecci\u00f3n, puede que solicitemos con alguno de los\u00a0aplicantes una comunicaci\u00f3n v\u00eda Skype.<\/p>\n<p>El curso se oferta gratuitamente, pero a los solicitantes aceptados se les\u00a0pide como donaci\u00f3n\u00a0abonar una cuota m\u00ednima de compromiso de 50 euros para cubrir los gastos de mantenimiento en red del curso. Este importe y en su caso el gasto (voluntario) del posible desplazamiento a uno de los dos siguientes claustros de ULIA son los \u00fanicos gastos que ha de aportar el alumno.<\/p>\n<p style=\"text-align: justify;\"><\/div><\/div><\/div><div class=\"fusion-clearfix\"><\/div><\/div><\/div><\/div><\/div><div class=\"fusion-fullwidth fullwidth-box fusion-builder-row-3 hundred-percent-fullwidth non-hundred-percent-height-scrolling\" style=\"--awb-border-radius-top-left:0px;--awb-border-radius-top-right:0px;--awb-border-radius-bottom-right:0px;--awb-border-radius-bottom-left:0px;--awb-overflow:visible;--awb-flex-wrap:wrap;\" ><div class=\"fusion-builder-row fusion-row\"><div class=\"fusion-layout-column fusion_builder_column fusion-builder-column-2 fusion_builder_column_1_1 1_1 fusion-one-full fusion-column-first fusion-column-last fusion-column-no-min-height\" style=\"--awb-bg-size:cover;--awb-margin-bottom:0px;\"><div class=\"fusion-column-wrapper fusion-flex-column-wrapper-legacy\"><div class=\"fusion-text fusion-text-2\"><p style=\"text-align: justify;\">\n<\/div><div class=\"fusion-text fusion-text-3\"><\/div><div class=\"fusion-clearfix\"><\/div><\/div><\/div><\/div><\/div><\/p>\n","protected":false},"excerpt":{"rendered":"","protected":false},"author":1,"featured_media":0,"parent":0,"menu_order":0,"comment_status":"closed","ping_status":"closed","template":"","meta":{"footnotes":""},"class_list":["post-2209","page","type-page","status-publish","hentry"],"_links":{"self":[{"href":"https:\/\/ivsa.es\/ulia\/wp-json\/wp\/v2\/pages\/2209","targetHints":{"allow":["GET"]}}],"collection":[{"href":"https:\/\/ivsa.es\/ulia\/wp-json\/wp\/v2\/pages"}],"about":[{"href":"https:\/\/ivsa.es\/ulia\/wp-json\/wp\/v2\/types\/page"}],"author":[{"embeddable":true,"href":"https:\/\/ivsa.es\/ulia\/wp-json\/wp\/v2\/users\/1"}],"replies":[{"embeddable":true,"href":"https:\/\/ivsa.es\/ulia\/wp-json\/wp\/v2\/comments?post=2209"}],"version-history":[{"count":12,"href":"https:\/\/ivsa.es\/ulia\/wp-json\/wp\/v2\/pages\/2209\/revisions"}],"predecessor-version":[{"id":2716,"href":"https:\/\/ivsa.es\/ulia\/wp-json\/wp\/v2\/pages\/2209\/revisions\/2716"}],"wp:attachment":[{"href":"https:\/\/ivsa.es\/ulia\/wp-json\/wp\/v2\/media?parent=2209"}],"curies":[{"name":"wp","href":"https:\/\/api.w.org\/{rel}","templated":true}]}}