{"id":221,"date":"2016-01-08T00:30:47","date_gmt":"2016-01-08T00:30:47","guid":{"rendered":"http:\/\/ivsa.es\/ulia\/?page_id=221"},"modified":"2023-05-03T07:07:02","modified_gmt":"2023-05-03T07:07:02","slug":"doctorado-en-ciencias-de-la-vida","status":"publish","type":"page","link":"https:\/\/ivsa.es\/ulia\/doctorado-en-ciencias-de-la-vida\/","title":{"rendered":"Doctorado en Ciencias de la Vida"},"content":{"rendered":"<div class=\"fusion-fullwidth fullwidth-box fusion-builder-row-1 nonhundred-percent-fullwidth non-hundred-percent-height-scrolling\" style=\"--awb-background-position:left top;--awb-border-radius-top-left:0px;--awb-border-radius-top-right:0px;--awb-border-radius-bottom-right:0px;--awb-border-radius-bottom-left:0px;--awb-padding-top:20px;--awb-padding-bottom:20px;--awb-border-sizes-top:0px;--awb-border-sizes-bottom:0px;--awb-flex-wrap:wrap;\" ><div class=\"fusion-builder-row fusion-row\"><div class=\"fusion-layout-column fusion_builder_column fusion-builder-column-0 fusion_builder_column_1_1 1_1 fusion-one-full fusion-column-first fusion-column-last fusion-column-no-min-height\" style=\"--awb-bg-size:cover;--awb-margin-bottom:0px;\"><div class=\"fusion-column-wrapper fusion-flex-column-wrapper-legacy\"><div class=\"fusion-tabs fusion-tabs-1 classic vertical-tabs icon-position-left mobile-mode-accordion\" style=\"--awb-title-border-radius-top-left:0px;--awb-title-border-radius-top-right:0px;--awb-title-border-radius-bottom-right:0px;--awb-title-border-radius-bottom-left:0px;--awb-inactive-color:#f1f2f2;--awb-background-color:#ffffff;--awb-border-color:#ebeaea;--awb-active-border-color:#006634;\"><div class=\"nav\"><ul class=\"nav-tabs\" role=\"tablist\"><li class=\"active\" role=\"presentation\"><a class=\"tab-link\" data-toggle=\"tab\" role=\"tab\" aria-controls=\"tab-67ca8c42516f55d2bf7\" aria-selected=\"true\" id=\"fusion-tab-requisitos\" href=\"#tab-67ca8c42516f55d2bf7\"><h4 class=\"fusion-tab-heading\"><i class=\"fontawesome-icon fa fa-unlock-alt\" aria-hidden=\"true\" style=\"font-size:13px;\"><\/i>Requisitos<\/h4><\/a><\/li><li role=\"presentation\"><a class=\"tab-link\" data-toggle=\"tab\" role=\"tab\" aria-controls=\"tab-4830e7aa0eee87a6b3d\" aria-selected=\"false\" tabindex=\"-1\" id=\"fusion-tab-tesis\" href=\"#tab-4830e7aa0eee87a6b3d\"><h4 class=\"fusion-tab-heading\"><i class=\"fontawesome-icon fa fa-file-text-o\" aria-hidden=\"true\" style=\"font-size:13px;\"><\/i>Tesis<\/h4><\/a><\/li><li role=\"presentation\"><a class=\"tab-link\" data-toggle=\"tab\" role=\"tab\" aria-controls=\"tab-78a74c48b56a87df3ff\" aria-selected=\"false\" tabindex=\"-1\" id=\"fusion-tab-presentaci\u00f3n\" href=\"#tab-78a74c48b56a87df3ff\"><h4 class=\"fusion-tab-heading\"><i class=\"fontawesome-icon fa fa-video-camera\" aria-hidden=\"true\" style=\"font-size:13px;\"><\/i> Presentaci\u00f3n<\/h4><\/a><\/li><li role=\"presentation\"><a class=\"tab-link\" data-toggle=\"tab\" role=\"tab\" aria-controls=\"tab-8ba2f48952027bd2bd1\" aria-selected=\"false\" tabindex=\"-1\" id=\"fusion-tab-matriculaci\u00f3nyregistro\" href=\"#tab-8ba2f48952027bd2bd1\"><h4 class=\"fusion-tab-heading\"><i class=\"fontawesome-icon fa fa-user\" aria-hidden=\"true\" style=\"font-size:13px;\"><\/i>Matriculaci\u00f3n y registro<\/h4><\/a><\/li><\/ul><\/div><div class=\"tab-content\"><div class=\"nav fusion-mobile-tab-nav\"><ul class=\"nav-tabs\" role=\"tablist\"><li class=\"active\" role=\"presentation\"><a class=\"tab-link\" data-toggle=\"tab\" role=\"tab\" aria-controls=\"tab-67ca8c42516f55d2bf7\" aria-selected=\"true\" id=\"mobile-fusion-tab-requisitos\" href=\"#tab-67ca8c42516f55d2bf7\"><h4 class=\"fusion-tab-heading\"><i class=\"fontawesome-icon fa fa-unlock-alt\" aria-hidden=\"true\" style=\"font-size:13px;\"><\/i>Requisitos<\/h4><\/a><\/li><\/ul><\/div><div class=\"tab-pane fade fusion-clearfix in active\" role=\"tabpanel\" tabindex=\"0\" aria-labelledby=\"fusion-tab-requisitos\" id=\"tab-67ca8c42516f55d2bf7\">\n<p>El doctorado supone la realizaci\u00f3n de una tesis. La tesis es una investigaci\u00f3n in\u00e9dita y original sobre un tema relacionado con el ideario de ULIA, conducida bajo un\/a director\/a de tesis. Los resultados de esta investigaci\u00f3n se recogen en un documento escrito seg\u00fan el formato de la tradici\u00f3n acad\u00e9mica de un m\u00e1ximo de 350.000 palabras.<\/p>\n<p>Se otorgar\u00e1 el t\u00edtulo de Doctor\/a en Ciencias de la Vida. El programa de doctorado de ULIA dura dos a\u00f1os. Los requisitos de aceptaci\u00f3n en el programa son:<\/p>\n<p>&#8211; Estar en posesi\u00f3n de un t\u00edtulo de M\u00e1ster\/Maestr\u00eda dispensado por ULIA y ser aceptado por la direcci\u00f3n del programa de doctorado. Alternativamente:<br \/>\n&#8211; Estar en posesi\u00f3n de un t\u00edtulo de M\u00e1ster\/Maestr\u00eda o superior por otra universidad y que haya sido aceptado como v\u00e1lido a los efectos de realizaci\u00f3n del doctorado por la direcci\u00f3n del programa en base al ideario de ULIA, no habiendo el candidato o candidata optado con anterioridad a realizar el doctorado en cualquier otra universidad, y siendo exalumno de ULIA en alg\u00fan programa de experto o diplomado.<br \/>\nY adem\u00e1s:<br \/>\n&#8211; El compromiso escrito de dedicar un m\u00ednimo de 24 horas semanales en exclusividad a la tesis durante los dos a\u00f1os que dura el programa con el objetivo de hacer entrega de la tesis dentro de ese plazo. Extraordinariamente se podr\u00e1 solicitar pr\u00f3rroga de, como m\u00e1ximo, un a\u00f1o adicional.<br \/>\n&#8211; El compromiso escrito de asistir a los dos claustros de ULIA en el tiempo en que se realiza la investigaci\u00f3n.<\/p>\n<p>Para el desarrollo del proyecto de tesis se debe seguir el siguiente procedimiento:<\/p>\n<p>&#8211; Propuesta de tema: el alumnado, una vez aceptado en el programa y antes de iniciar la investigaci\u00f3n, debe proponer a la direcci\u00f3n del programa de doctorado un tema de su inter\u00e9s, que tenga relaci\u00f3n con el ideario de ULIA. El tema debe de ser aceptado por la direcci\u00f3n del programa de doctorado.<\/p>\n<p>&#8211; Propuesta de Director: el alumnado, una vez aceptado en el programa y antes de iniciar la investigaci\u00f3n, debe proponer a la direcci\u00f3n del programa el nombre de un posible director o directora con el que previamente haya acordado los t\u00e9rminos de su trabajo. Se puede elegir un profesor\/a doctor de prestigio y m\u00e9rito reconocido de cualquier pa\u00eds o universidad, que acepte el encargo. Debe contar con excelencia investigadora en el \u00e1rea elegida dentro de las ofertadas por ULIA y debe estar en sinton\u00eda con los planteamientos y el ideario de ULIA. El\/a director\/a debe ser aceptado por la direcci\u00f3n del programa.<\/p>\n<\/div><div class=\"nav fusion-mobile-tab-nav\"><ul class=\"nav-tabs\" role=\"tablist\"><li role=\"presentation\"><a class=\"tab-link\" data-toggle=\"tab\" role=\"tab\" aria-controls=\"tab-4830e7aa0eee87a6b3d\" aria-selected=\"false\" tabindex=\"-1\" id=\"mobile-fusion-tab-tesis\" href=\"#tab-4830e7aa0eee87a6b3d\"><h4 class=\"fusion-tab-heading\"><i class=\"fontawesome-icon fa fa-file-text-o\" aria-hidden=\"true\" style=\"font-size:13px;\"><\/i>Tesis<\/h4><\/a><\/li><\/ul><\/div><div class=\"tab-pane fade fusion-clearfix\" role=\"tabpanel\" tabindex=\"0\" aria-labelledby=\"fusion-tab-tesis\" id=\"tab-4830e7aa0eee87a6b3d\">\n<div class=\"fusion-title title fusion-title-1 fusion-title-text fusion-title-size-three\"><h3 class=\"fusion-title-heading title-heading-left fusion-responsive-typography-calculated\" style=\"margin:0;--fontSize:16;--minFontSize:16;line-height:1.5;\">Presentaci\u00f3n del proyecto de tesis en el primer trimestre del programa.<\/h3><span class=\"awb-title-spacer\"><\/span><div class=\"title-sep-container\"><div class=\"title-sep sep-double sep-solid\" style=\"border-color:#e0dede;\"><\/div><\/div><\/div>\n<p>&#8211; Elaboraci\u00f3n del Proyecto de Tesis: con la aprobaci\u00f3n preliminar del\/a Director\/a, el alumno debe elaborar un Proyecto de Tesis. Lo presentar\u00e1 dentro de los tres meses primeros de inicio del programa. Deber\u00e1 definir el tema de la tesis, con la o las preguntas iniciales que se plantean, el objetivo general y los objetivos espec\u00edficos, de acuerdo a la pauta estipulada:<\/p>\n<p>1. T\u00edtulo provisorio de la tesis.<br \/>\n2. Formulaci\u00f3n de la pregunta e hip\u00f3tesis de trabajo. Objetivo general y objetivos espec\u00edficos.<br \/>\n3. Inter\u00e9s y actualidad del tema, fundamentado en una revisi\u00f3n bibliogr\u00e1fica.<br \/>\n4. Enfoque y metodolog\u00eda.<br \/>\n5. Tabla provisoria de los contenidos a tratar.<br \/>\n6. Descripci\u00f3n del proyecto y su planificaci\u00f3n temporal.<br \/>\n7. Dificultades previsibles en el desarrollo del proyecto y estrategias para superarlas.<br \/>\n8. Posibles objeciones a su hip\u00f3tesis y respuestas provisorias a esas objeciones.<br \/>\n9. Conclusiones que puede adelantar.<br \/>\n10. Bibliograf\u00eda propuesta.<\/p>\n<p>&#8211; Aprobaci\u00f3n del Proyecto de Tesis: ser\u00e1 realizada por la direcci\u00f3n del programa de doctorado, que deber\u00e1 velar porque el proyecto cumpla con los requisitos exigidos para una tesis.<\/p>\n<\/div><div class=\"nav fusion-mobile-tab-nav\"><ul class=\"nav-tabs\" role=\"tablist\"><li role=\"presentation\"><a class=\"tab-link\" data-toggle=\"tab\" role=\"tab\" aria-controls=\"tab-78a74c48b56a87df3ff\" aria-selected=\"false\" tabindex=\"-1\" id=\"mobile-fusion-tab-presentaci\u00f3n\" href=\"#tab-78a74c48b56a87df3ff\"><h4 class=\"fusion-tab-heading\"><i class=\"fontawesome-icon fa fa-video-camera\" aria-hidden=\"true\" style=\"font-size:13px;\"><\/i> Presentaci\u00f3n<\/h4><\/a><\/li><\/ul><\/div><div class=\"tab-pane fade fusion-clearfix\" role=\"tabpanel\" tabindex=\"0\" aria-labelledby=\"fusion-tab-presentaci\u00f3n\" id=\"tab-78a74c48b56a87df3ff\">\n<div class=\"fusion-title title fusion-title-2 fusion-title-text fusion-title-size-three\"><h3 class=\"fusion-title-heading title-heading-left fusion-responsive-typography-calculated\" style=\"margin:0;--fontSize:16;--minFontSize:16;line-height:1.5;\">Desarrollo y culminaci\u00f3n de la investigaci\u00f3n:<\/h3><span class=\"awb-title-spacer\"><\/span><div class=\"title-sep-container\"><div class=\"title-sep sep-double sep-solid\" style=\"border-color:#e0dede;\"><\/div><\/div><\/div>\n<p>&#8211; Luego de obtener la aprobaci\u00f3n formal por parte del Comit\u00e9 del Doctorado, la\/el alumna\/o desarrolla su investigaci\u00f3n bajo la supervisi\u00f3n del\/a directora, debiendo presentar cada trimestre a la direcci\u00f3n del programa un reporte de avance del trabajo.<\/p>\n<p>&#8211; Dep\u00f3sito de la tesis. Se enviar\u00e1n a la direcci\u00f3n del programa de doctorado con el visto bueno del\/a director\/a en el \u00faltimo mes del plazo de dos a\u00f1os del programa y pudi\u00e9ndose acoger a una pr\u00f3rroga de 15 d\u00edas, cinco ejemplares impresos de acuerdo con la tradici\u00f3n acad\u00e9mica.<\/p>\n<p>&#8211; Defensa de la tesis. Se llevar\u00e1 a cabo presencialmente ante un tribunal de tres miembros elegidos por la direcci\u00f3n del programa seg\u00fan la costumbre acad\u00e9mica, en el claustro siguiente a la terminaci\u00f3n del plazo de realizaci\u00f3n del doctorado.<\/p>\n<\/div><div class=\"nav fusion-mobile-tab-nav\"><ul class=\"nav-tabs\" role=\"tablist\"><li role=\"presentation\"><a class=\"tab-link\" data-toggle=\"tab\" role=\"tab\" aria-controls=\"tab-8ba2f48952027bd2bd1\" aria-selected=\"false\" tabindex=\"-1\" id=\"mobile-fusion-tab-matriculaci\u00f3nyregistro\" href=\"#tab-8ba2f48952027bd2bd1\"><h4 class=\"fusion-tab-heading\"><i class=\"fontawesome-icon fa fa-user\" aria-hidden=\"true\" style=\"font-size:13px;\"><\/i>Matriculaci\u00f3n y registro<\/h4><\/a><\/li><\/ul><\/div><div class=\"tab-pane fade fusion-clearfix\" role=\"tabpanel\" tabindex=\"0\" aria-labelledby=\"fusion-tab-matriculaci\u00f3nyregistro\" id=\"tab-8ba2f48952027bd2bd1\">La matr\u00edcula se efect\u00faa rellenando los 3 siguientes formularios:<\/p>\n<h4><span style=\"color: #006633;\"><strong><a style=\"color: #006633;\" href=\"http:\/\/ivsa.es\/ulia\/ficha-de-inscripcion-programa-interfacultativo-en-ciencias-de-la-vida\/\" target=\"_blank\" rel=\"noopener noreferrer\">1.- La ficha de inscripci\u00f3n<\/a><\/strong><\/span><br \/>\n<span style=\"color: #006633;\"><strong><a style=\"color: #006633;\" href=\"http:\/\/ivsa.es\/ulia\/cuestionario-de-motivos-previo-a-la-inscripcion-de-dcv\/\" target=\"_blank\" rel=\"noopener noreferrer\">2.- Carta de motivos<\/a><\/strong><\/span><br \/>\n<span style=\"color: #006633;\"><strong><a style=\"color: #006633;\" href=\"http:\/\/ivsa.es\/ulia\/hoja-de-vida-dcv\/\" target=\"_blank\" rel=\"noopener noreferrer\">3.- Hoja de vida<\/a><\/strong><\/span><\/h4>\n<p>Una vez se le comunique al candidato que ha sido aceptado, deber\u00e1 abonar por transferencia bancaria o directamente a trav\u00e9s de Internet en la cuenta del curso el importe de los gastos de pago de gesti\u00f3n del programa. Este importe y en su caso el gasto del posible desplazamiento a una de las dos siguientes claustros de ULIA son los \u00fanicos gastos que ha de aportar el alumno.<div class=\"accordian fusion-accordian\" style=\"--awb-border-size:1px;--awb-icon-size:13px;--awb-content-font-size:13px;--awb-icon-alignment:left;--awb-hover-color:#f9f9f9;--awb-border-color:#cccccc;--awb-background-color:#ffffff;--awb-divider-color:#e0dede;--awb-divider-hover-color:#e0dede;--awb-icon-color:#ffffff;--awb-title-color:#333333;--awb-content-color:#000000;--awb-icon-box-color:#333333;--awb-toggle-hover-accent-color:#65bc7b;--awb-title-font-family:&#039;Trebuchet MS&#039;, Helvetica, sans-serif;--awb-title-font-weight:400;--awb-title-font-style:normal;--awb-title-font-size:13px;--awb-content-font-family:&#039;Trebuchet MS&#039;, Helvetica, sans-serif;--awb-content-font-style:normal;--awb-content-font-weight:400;\"><div class=\"panel-group fusion-toggle-icon-boxed\" id=\"accordion-221-1\"><div class=\"fusion-panel panel-default panel-780564758f9bfceb4 fusion-toggle-has-divider\"><div class=\"panel-heading\"><h4 class=\"panel-title toggle\" id=\"toggle_780564758f9bfceb4\"><a aria-expanded=\"false\" aria-controls=\"780564758f9bfceb4\" role=\"button\" data-toggle=\"collapse\" data-parent=\"#accordion-221-1\" data-target=\"#780564758f9bfceb4\" href=\"#780564758f9bfceb4\"><span class=\"fusion-toggle-icon-wrapper\" aria-hidden=\"true\"><i class=\"fa-fusion-box active-icon awb-icon-minus\" aria-hidden=\"true\"><\/i><i class=\"fa-fusion-box inactive-icon awb-icon-plus\" aria-hidden=\"true\"><\/i><\/span><span class=\"fusion-toggle-heading\">Pago de la Donaci\u00f3n (solo para solicitudes aceptadas)<\/span><\/a><\/h4><\/div><div id=\"780564758f9bfceb4\" class=\"panel-collapse collapse \" aria-labelledby=\"toggle_780564758f9bfceb4\"><div class=\"panel-body toggle-content fusion-clearfix\">\nLa secretar\u00eda del programa y una vez que se le comunique al nuevo alumno que su matr\u00edcula ha sido aceptada, acordar\u00e1 con el solicitante los pasos a seguir para efectivizar el pago de matr\u00edcula correspondiente, equivalente a 200 Euros. Bien mediante transferencia bancaria a la cuenta del curso, bien mediante Paypal.<\/div><\/div><\/div><\/div><\/div>\nEn el caso del Doctorado en Ciencias de la Vida, el pago de 200 euros o su equivalente en d\u00f3lares supone el coste de los gastos de infraestructura del curso: el manejo, dise\u00f1o y gesti\u00f3n profesional de la cobertura inform\u00e1tica del curso por parte de la secretar\u00eda del mismo para los dos a\u00f1os de duraci\u00f3n del programa. En ning\u00fan caso se desvirt\u00faa con esto el compromiso de servir a merced adquirido por ULIA y cada uno de sus profesores.<br \/>\nLa pr\u00f3xima convocatoria para el periodo 2024-2026 se abre en Junio de 2023.<\/p>\n<p>Toda esta comunicaci\u00f3n se llevar\u00e1 a cabo a trav\u00e9s de dcv@ulia.org desde donde el comit\u00e9 del doctorado se comunicar\u00e1 con la\/el alumna\/o.<\/div><\/div><\/div><div class=\"fusion-clearfix\"><\/div><\/div><\/div><\/div><\/div>\n","protected":false},"excerpt":{"rendered":"","protected":false},"author":1,"featured_media":0,"parent":0,"menu_order":0,"comment_status":"closed","ping_status":"closed","template":"","meta":{"footnotes":""},"class_list":["post-221","page","type-page","status-publish","hentry"],"_links":{"self":[{"href":"https:\/\/ivsa.es\/ulia\/wp-json\/wp\/v2\/pages\/221","targetHints":{"allow":["GET"]}}],"collection":[{"href":"https:\/\/ivsa.es\/ulia\/wp-json\/wp\/v2\/pages"}],"about":[{"href":"https:\/\/ivsa.es\/ulia\/wp-json\/wp\/v2\/types\/page"}],"author":[{"embeddable":true,"href":"https:\/\/ivsa.es\/ulia\/wp-json\/wp\/v2\/users\/1"}],"replies":[{"embeddable":true,"href":"https:\/\/ivsa.es\/ulia\/wp-json\/wp\/v2\/comments?post=221"}],"version-history":[{"count":19,"href":"https:\/\/ivsa.es\/ulia\/wp-json\/wp\/v2\/pages\/221\/revisions"}],"predecessor-version":[{"id":2435,"href":"https:\/\/ivsa.es\/ulia\/wp-json\/wp\/v2\/pages\/221\/revisions\/2435"}],"wp:attachment":[{"href":"https:\/\/ivsa.es\/ulia\/wp-json\/wp\/v2\/media?parent=221"}],"curies":[{"name":"wp","href":"https:\/\/api.w.org\/{rel}","templated":true}]}}