{"id":2629,"date":"2024-04-16T09:19:08","date_gmt":"2024-04-16T09:19:08","guid":{"rendered":"http:\/\/ivsa.es\/ulia\/?page_id=2629"},"modified":"2024-05-09T10:54:39","modified_gmt":"2024-05-09T10:54:39","slug":"curso-de-experto-en-prevencion-de-adicciones","status":"publish","type":"page","link":"https:\/\/ivsa.es\/ulia\/curso-de-experto-en-prevencion-de-adicciones\/","title":{"rendered":"Curso de Experto en Prevenci\u00f3n de Adicciones"},"content":{"rendered":"<p><div class=\"fusion-fullwidth fullwidth-box fusion-builder-row-1 hundred-percent-fullwidth non-hundred-percent-height-scrolling\" style=\"--awb-border-radius-top-left:0px;--awb-border-radius-top-right:0px;--awb-border-radius-bottom-right:0px;--awb-border-radius-bottom-left:0px;--awb-overflow:visible;--awb-flex-wrap:wrap;\" ><div class=\"fusion-builder-row fusion-row\"><div class=\"fusion-layout-column fusion_builder_column fusion-builder-column-0 fusion_builder_column_1_1 1_1 fusion-one-full fusion-column-first fusion-column-last fusion-column-no-min-height\" style=\"--awb-bg-size:cover;--awb-margin-bottom:0px;\"><div class=\"fusion-column-wrapper fusion-flex-column-wrapper-legacy\"><div class=\"fusion-text fusion-text-1\"><p>&nbsp;<\/p>\n<p style=\"text-align: justify;\">\n<\/div><div class=\"fusion-clearfix\"><\/div><\/div><\/div><\/div><\/div><div class=\"fusion-fullwidth fullwidth-box fusion-builder-row-2 nonhundred-percent-fullwidth non-hundred-percent-height-scrolling\" style=\"--awb-background-position:left top;--awb-border-radius-top-left:0px;--awb-border-radius-top-right:0px;--awb-border-radius-bottom-right:0px;--awb-border-radius-bottom-left:0px;--awb-padding-top:20px;--awb-padding-bottom:20px;--awb-border-sizes-top:0px;--awb-border-sizes-bottom:0px;--awb-flex-wrap:wrap;\" ><div class=\"fusion-builder-row fusion-row\"><div class=\"fusion-layout-column fusion_builder_column fusion-builder-column-1 fusion_builder_column_1_1 1_1 fusion-one-full fusion-column-first fusion-column-last fusion-column-no-min-height\" style=\"--awb-bg-size:cover;--awb-margin-bottom:0px;\"><div class=\"fusion-column-wrapper fusion-flex-column-wrapper-legacy\"><div class=\"fusion-tabs fusion-tabs-1 classic vertical-tabs icon-position-left mobile-mode-accordion\" style=\"--awb-title-border-radius-top-left:0px;--awb-title-border-radius-top-right:0px;--awb-title-border-radius-bottom-right:0px;--awb-title-border-radius-bottom-left:0px;--awb-inactive-color:#f1f2f2;--awb-background-color:#ffffff;--awb-border-color:#ebeaea;--awb-active-border-color:#006634;\"><div class=\"nav\"><ul class=\"nav-tabs\" role=\"tablist\"><li class=\"active\" role=\"presentation\"><a class=\"tab-link\" data-toggle=\"tab\" role=\"tab\" aria-controls=\"tab-86ffb3ca297d7cca2ce\" aria-selected=\"true\" id=\"fusion-tab-caracter\u00edsticas\" href=\"#tab-86ffb3ca297d7cca2ce\"><h4 class=\"fusion-tab-heading\"><i class=\"fontawesome-icon fa fa-list-ul\" aria-hidden=\"true\" style=\"font-size:13px;\"><\/i>Caracter\u00edsticas<\/h4><\/a><\/li><li role=\"presentation\"><a class=\"tab-link\" data-toggle=\"tab\" role=\"tab\" aria-controls=\"tab-1acbde037508c277084\" aria-selected=\"false\" tabindex=\"-1\" id=\"fusion-tab-contenidos\" href=\"#tab-1acbde037508c277084\"><h4 class=\"fusion-tab-heading\"><i class=\"fontawesome-icon fa fa-list-alt\" aria-hidden=\"true\" style=\"font-size:13px;\"><\/i>Contenidos<\/h4><\/a><\/li><li role=\"presentation\"><a class=\"tab-link\" data-toggle=\"tab\" role=\"tab\" aria-controls=\"tab-13771846ae6dbed32bb\" aria-selected=\"false\" tabindex=\"-1\" id=\"fusion-tab-metodolog\u00eda\" href=\"#tab-13771846ae6dbed32bb\"><h4 class=\"fusion-tab-heading\"><i class=\"fontawesome-icon fa fa-comment\" aria-hidden=\"true\" style=\"font-size:13px;\"><\/i>Metodolog\u00eda<\/h4><\/a><\/li><li role=\"presentation\"><a class=\"tab-link\" data-toggle=\"tab\" role=\"tab\" aria-controls=\"tab-4f7b621d68e8c54b339\" aria-selected=\"false\" tabindex=\"-1\" id=\"fusion-tab-inscripci\u00f3n\" href=\"#tab-4f7b621d68e8c54b339\"><h4 class=\"fusion-tab-heading\"><i class=\"fontawesome-icon fa fa-user\" aria-hidden=\"true\" style=\"font-size:13px;\"><\/i>Inscripci\u00f3n<\/h4><\/a><\/li><\/ul><\/div><div class=\"tab-content\"><div class=\"nav fusion-mobile-tab-nav\"><ul class=\"nav-tabs\" role=\"tablist\"><li class=\"active\" role=\"presentation\"><a class=\"tab-link\" data-toggle=\"tab\" role=\"tab\" aria-controls=\"tab-86ffb3ca297d7cca2ce\" aria-selected=\"true\" id=\"mobile-fusion-tab-caracter\u00edsticas\" href=\"#tab-86ffb3ca297d7cca2ce\"><h4 class=\"fusion-tab-heading\"><i class=\"fontawesome-icon fa fa-list-ul\" aria-hidden=\"true\" style=\"font-size:13px;\"><\/i>Caracter\u00edsticas<\/h4><\/a><\/li><\/ul><\/div><div class=\"tab-pane fade fusion-clearfix in active\" role=\"tabpanel\" tabindex=\"0\" aria-labelledby=\"fusion-tab-caracter\u00edsticas\" id=\"tab-86ffb3ca297d7cca2ce\">\n<div style=\"text-align: justify;\" align=\"justify\">\n<p>CURSO DE FORMACI\u00d3N ON LINE. El curso de Experto en Prevenci\u00f3n de Adicciones est\u00e1 coordinado por la profesora Ana Costa, M.D.<\/p>\n<h3><strong><span style=\"color: #006633;\">Descripci\u00f3n General:<\/span><\/strong><\/h3>\n<\/div>\n<div style=\"text-align: justify;\" align=\"justify\">El curso est\u00e1 orientado a profundizar en el problema de la expansi\u00f3n y proliferaci\u00f3n de adicciones analizando sus causas y consecuencias. Particularmente enfocamos en la etapa m\u00e1s propicia a la iniciaci\u00f3n en la adicci\u00f3n y en los modos o modos m\u00e1s eficaces de prevenirla. La adicci\u00f3n es un fen\u00f3meno que puede ser analizado selectiva o generalmente y ambas perspectivas tienen cabida en el curso. Vivimos en un sociedad en la que la idolizaci\u00f3n de experiencias se ha convertido en un efectivo mecanismo de sumisi\u00f3n y captaci\u00f3n clientelar para el consumo y la ganancia. Al mismo tiempo, nuestra cultura potencia la imposici\u00f3n de expectativas globales y la replicaci\u00f3n de comportamientos, con lo que la aparici\u00f3n de nuevas adicciones y su consiguiente generalizaci\u00f3n se sucede con facilidad. Hoy en d\u00eda, los fen\u00f3menos adictivos constituyen una de las principales causas del retraso de la madurez, de la p\u00e9rdida de autocontrol, y de la aparici\u00f3n de dependencias que lastran el arm\u00f3nico desarrollo de personalidades equilibradas.<\/div>\n<h3 align=\"justify\"><span style=\"color: #006633;\"><strong>Duraci\u00f3n:<\/strong><\/span><\/h3>\n<p>Un semestre: Desde el 1 Enero al 30 Junio.<\/p>\n<p>Carga lectiva equivalente a 10 cr\u00e9ditos ECTS (equivalente a 250 horas de dedicaci\u00f3n)<span style=\"text-align: left;\">.<\/span><\/p>\n<p>Matr\u00edcula abierta hasta completar cupo y en todo caso antes del 8 de diciembre del a\u00f1o en curso.<\/p>\n<div align=\"justify\">\n<h3><span style=\"color: #006633;\"><strong>Dirigido a:<\/strong><\/span><\/h3>\n<\/div>\n<p>Padres, profesores y todas las personas que deseen comprender la importancia y los efectos nocivos de las adicciones, esclarecer su origen y tipo de secuelas, as\u00ed como contribuir a orientar la educaci\u00f3n de los hijos y alumnos, de modo que puedan hacer frente con resoluci\u00f3n a la incitaci\u00f3n a la adicci\u00f3n o a su deshabituaci\u00f3n.<\/p>\n<h3 align=\"justify\"><strong><span style=\"color: #006633;\">Requisitos:<\/span><\/strong><\/h3>\n<p>Aparte del deseo de aprender y las posibilidades de hacerlo a distancia, se considerar\u00e1 favorable haber tenido alg\u00fan contacto con los problemas que generan las conductas adictivas y el deseo de prevenir las desviaciones, enfermedades y frustraciones que causan, tanto para la salud individual como para la salud social.<\/p>\n<h3 align=\"justify\"><span style=\"color: #006633;\"><strong>Objetivos:<\/strong><\/span><\/h3>\n<p style=\"font-weight: 400;\">1.- Sensibilizar a los participantes en el curso sobre la necesidad de sensibilizarse y prepararse para incorporar el tema de la prevenci\u00f3n de adicciones a su competencia profesional.<\/p>\n<p style=\"font-weight: 400;\">2.- Hacer ver a los mismos la importancia de la ejemplaridad en su cometido, repensando incluso sus propias actitudes al respecto. Dif\u00edcilmente podr\u00e1 ser efectiva ninguna prevenci\u00f3n si no hay coherencia en las actitudes, valores y conocimientos incorporados por parte de quien tiene a su cargo un grupo de j\u00f3venes en un contexto de aprendizaje.<\/p>\n<p style=\"font-weight: 400;\">3.- Ilustrar sobre la cultura de la adicci\u00f3n en la sociedad de consumo de masas, la ingenuidad de pensar que hay adicciones inicuas o neutras, y las repercusiones negativas, end\u00f3genas y ex\u00f3genas, del autoenga\u00f1o en este tema.<\/p>\n<p><span style=\"font-family: Arial;\">La direcci\u00f3n de correo \u00fanica del curso es <a href=\"mailto:epa@ulia.org\">epa@ulia.org<\/a><\/span><\/p>\n<p style=\"text-align: justify;\" align=\"JUSTIFY\"><\/div><div class=\"nav fusion-mobile-tab-nav\"><ul class=\"nav-tabs\" role=\"tablist\"><li role=\"presentation\"><a class=\"tab-link\" data-toggle=\"tab\" role=\"tab\" aria-controls=\"tab-1acbde037508c277084\" aria-selected=\"false\" tabindex=\"-1\" id=\"mobile-fusion-tab-contenidos\" href=\"#tab-1acbde037508c277084\"><h4 class=\"fusion-tab-heading\"><i class=\"fontawesome-icon fa fa-list-alt\" aria-hidden=\"true\" style=\"font-size:13px;\"><\/i>Contenidos<\/h4><\/a><\/li><\/ul><\/div><div class=\"tab-pane fade fusion-clearfix\" role=\"tabpanel\" tabindex=\"0\" aria-labelledby=\"fusion-tab-contenidos\" id=\"tab-1acbde037508c277084\">\n<p><span style=\"color: #006633;\"><strong>Temas a cubrir entre los que figuran:<\/strong><\/span><\/p>\n<ul>\n<li>\n<p style=\"font-weight: 400;\">Los contenidos de cada unidad son los siguientes:<\/p>\n<p style=\"font-weight: 400;\">1.- Antropolog\u00eda de las adicciones. Consumo y comportamiento mim\u00e9tico. La adicci\u00f3n como objetivo comercial.<\/p>\n<p style=\"font-weight: 400;\">2.- Caracter\u00edsticas de enganche y problemas derivados de la iniciaci\u00f3n al consumo adictivo de sustancias: alcohol, tabaco y drogas.<\/p>\n<p style=\"font-weight: 400;\">3.- Caracter\u00edsticas de enganche y problemas derivados de la iniciaci\u00f3n al consumo adictivo de entretenimiento y tecnolog\u00eda: series y pantallas.<\/p>\n<p style=\"font-weight: 400;\">4.- Caracter\u00edsticas de enganche y problemas derivados de la iniciaci\u00f3n al consumo adictivo de productos de moda, juego y apuestas.<\/p>\n<p style=\"font-weight: 400;\">5.- Caracter\u00edsticas de enganche y problemas derivados de la iniciaci\u00f3n al consumo adictivo de pornograf\u00eda.<\/p>\n<p style=\"font-weight: 400;\">6.- La funci\u00f3n de la familia. La formaci\u00f3n del car\u00e1cter como proceso vital continuo y el papel de las virtudes. Autodominio, madurez, y tribus urbanas.<\/p>\n<\/li>\n<li>Profesorado del curso: Dr. Francisco Javier Larra\u00edn (Chile); Dr. Pascual \u00c1ngel Gargiulo (Argentina); Prof. Marisol Feraud (Ecuador); Prof. Jimena Casillas (M\u00e9xico); Prof. Carlos Javier Blanco (Espa\u00f1a); Dr. Salvador Peir\u00f3 (Espa\u00f1a).<\/li>\n<\/ul>\n<p style=\"text-align: justify;\"><\/div><div class=\"nav fusion-mobile-tab-nav\"><ul class=\"nav-tabs\" role=\"tablist\"><li role=\"presentation\"><a class=\"tab-link\" data-toggle=\"tab\" role=\"tab\" aria-controls=\"tab-13771846ae6dbed32bb\" aria-selected=\"false\" tabindex=\"-1\" id=\"mobile-fusion-tab-metodolog\u00eda\" href=\"#tab-13771846ae6dbed32bb\"><h4 class=\"fusion-tab-heading\"><i class=\"fontawesome-icon fa fa-comment\" aria-hidden=\"true\" style=\"font-size:13px;\"><\/i>Metodolog\u00eda<\/h4><\/a><\/li><\/ul><\/div><div class=\"tab-pane fade fusion-clearfix\" role=\"tabpanel\" tabindex=\"0\" aria-labelledby=\"fusion-tab-metodolog\u00eda\" id=\"tab-13771846ae6dbed32bb\">\n<p style=\"font-weight: 400;\">Metodolog\u00eda.<\/p>\n<p style=\"font-weight: 400;\">Cada unidad est\u00e1 dividida en cuatro temas. Se env\u00edan los contenidos de cada tema semanalmente (textos propios o ajenos), sugerencias de recursos (casos, pel\u00edculas, testimonios, enlaces, planes de acci\u00f3n) elegidos a juicio del profesor de la unidad, y el correspondiente control de lectura. Todo a trav\u00e9s del buz\u00f3n de correo electr\u00f3nico propio del curso.<\/p>\n<p style=\"font-weight: 400;\">Recepci\u00f3n de los controles semanalmente, antes del env\u00edo del siguiente tema.<\/p>\n<p style=\"font-weight: 400;\">Son seis unidades en total para seis meses. Se env\u00edan por email con un Profesor\/tutor para cada unidad, que elabora y punt\u00faa las tareas o control, y que puede recabar del alumnado alguna sesi\u00f3n en l\u00ednea para solventar dudas y cuestiones.<\/p>\n<p style=\"text-align: justify;\"><\/div><div class=\"nav fusion-mobile-tab-nav\"><ul class=\"nav-tabs\" role=\"tablist\"><li role=\"presentation\"><a class=\"tab-link\" data-toggle=\"tab\" role=\"tab\" aria-controls=\"tab-4f7b621d68e8c54b339\" aria-selected=\"false\" tabindex=\"-1\" id=\"mobile-fusion-tab-inscripci\u00f3n\" href=\"#tab-4f7b621d68e8c54b339\"><h4 class=\"fusion-tab-heading\"><i class=\"fontawesome-icon fa fa-user\" aria-hidden=\"true\" style=\"font-size:13px;\"><\/i>Inscripci\u00f3n<\/h4><\/a><\/li><\/ul><\/div><div class=\"tab-pane fade fusion-clearfix\" role=\"tabpanel\" tabindex=\"0\" aria-labelledby=\"fusion-tab-inscripci\u00f3n\" id=\"tab-4f7b621d68e8c54b339\">\n<p style=\"text-align: justify;\">La matr\u00edcula se efect\u00faa rellenando el siguiente formulario:<\/p>\n<p style=\"text-align: justify;\"><strong><span style=\"color: #006633;\"><a style=\"color: #006633;\" href=\"http:\/\/ivsa.es\/ulia\/ficha-de-inscripcion-curso-de-experto-en-prevencion-de-adiccione-2\/\" target=\"_blank\" rel=\"noopener noreferrer\">1.- La ficha de inscripci\u00f3n<\/a><\/span><\/strong><\/p>\n<p>Se abre el plazo el 1 de Junio.\u00a0 El cupo de alumnos es estrictamente limitado. Se har\u00e1 una selecci\u00f3n rigurosa por parte de la coordinaci\u00f3n para garantizar la idoneidad de los seleccionados en base a los criterios de ubicaci\u00f3n geogr\u00e1fica, representatividad, imagen, disponibilidad, compromiso, y capacitaci\u00f3n. Tendr\u00e1n cierta preferencia los alumni de ULIA.<\/p>\n<p>Una vez enviada la solicitud (rellenado el formulario), y si esta ha pasado la primera selecci\u00f3n, puede que solicitemos con alguno de los\u00a0aplicantes una comunicaci\u00f3n v\u00eda Skype.<\/p>\n<p>El curso se oferta gratuitamente, pero a los solicitantes aceptados se les\u00a0pide como donaci\u00f3n\u00a0abonar una cuota m\u00ednima de compromiso de 50 euros para cubrir los gastos de mantenimiento en red del curso. Este importe y en su caso el gasto (voluntario) del posible desplazamiento a uno de los dos siguientes claustros de ULIA son los \u00fanicos gastos que ha de aportar el alumno.<\/p>\n<p style=\"text-align: justify;\"><\/div><\/div><\/div><div class=\"fusion-clearfix\"><\/div><\/div><\/div><\/div><\/div><div class=\"fusion-fullwidth fullwidth-box fusion-builder-row-3 hundred-percent-fullwidth non-hundred-percent-height-scrolling\" style=\"--awb-border-radius-top-left:0px;--awb-border-radius-top-right:0px;--awb-border-radius-bottom-right:0px;--awb-border-radius-bottom-left:0px;--awb-overflow:visible;--awb-flex-wrap:wrap;\" ><div class=\"fusion-builder-row fusion-row\"><div class=\"fusion-layout-column fusion_builder_column fusion-builder-column-2 fusion_builder_column_1_1 1_1 fusion-one-full fusion-column-first fusion-column-last fusion-column-no-min-height\" style=\"--awb-bg-size:cover;--awb-margin-bottom:0px;\"><div class=\"fusion-column-wrapper fusion-flex-column-wrapper-legacy\"><div class=\"fusion-text fusion-text-2\"><p style=\"text-align: justify;\">\n<\/div><div class=\"fusion-text fusion-text-3\"><\/div><div class=\"fusion-clearfix\"><\/div><\/div><\/div><\/div><\/div><\/p>\n","protected":false},"excerpt":{"rendered":"","protected":false},"author":1,"featured_media":0,"parent":0,"menu_order":0,"comment_status":"closed","ping_status":"closed","template":"","meta":{"footnotes":""},"class_list":["post-2629","page","type-page","status-publish","hentry"],"_links":{"self":[{"href":"https:\/\/ivsa.es\/ulia\/wp-json\/wp\/v2\/pages\/2629","targetHints":{"allow":["GET"]}}],"collection":[{"href":"https:\/\/ivsa.es\/ulia\/wp-json\/wp\/v2\/pages"}],"about":[{"href":"https:\/\/ivsa.es\/ulia\/wp-json\/wp\/v2\/types\/page"}],"author":[{"embeddable":true,"href":"https:\/\/ivsa.es\/ulia\/wp-json\/wp\/v2\/users\/1"}],"replies":[{"embeddable":true,"href":"https:\/\/ivsa.es\/ulia\/wp-json\/wp\/v2\/comments?post=2629"}],"version-history":[{"count":16,"href":"https:\/\/ivsa.es\/ulia\/wp-json\/wp\/v2\/pages\/2629\/revisions"}],"predecessor-version":[{"id":2717,"href":"https:\/\/ivsa.es\/ulia\/wp-json\/wp\/v2\/pages\/2629\/revisions\/2717"}],"wp:attachment":[{"href":"https:\/\/ivsa.es\/ulia\/wp-json\/wp\/v2\/media?parent=2629"}],"curies":[{"name":"wp","href":"https:\/\/api.w.org\/{rel}","templated":true}]}}