{"id":2797,"date":"2025-08-21T11:01:49","date_gmt":"2025-08-21T11:01:49","guid":{"rendered":"http:\/\/ivsa.es\/ulia\/?page_id=2797"},"modified":"2025-08-24T15:35:37","modified_gmt":"2025-08-24T15:35:37","slug":"curso-introductorio-de-prompting","status":"publish","type":"page","link":"https:\/\/ivsa.es\/ulia\/curso-introductorio-de-prompting\/","title":{"rendered":"Curso introductorio de prompting para hispanohablantes"},"content":{"rendered":"<p><div class=\"fusion-fullwidth fullwidth-box fusion-builder-row-1 hundred-percent-fullwidth non-hundred-percent-height-scrolling\" style=\"--awb-border-radius-top-left:0px;--awb-border-radius-top-right:0px;--awb-border-radius-bottom-right:0px;--awb-border-radius-bottom-left:0px;--awb-overflow:visible;--awb-flex-wrap:wrap;\" ><div class=\"fusion-builder-row fusion-row\"><div class=\"fusion-layout-column fusion_builder_column fusion-builder-column-0 fusion_builder_column_1_1 1_1 fusion-one-full fusion-column-first fusion-column-last fusion-column-no-min-height\" style=\"--awb-bg-size:cover;--awb-margin-bottom:0px;\"><div class=\"fusion-column-wrapper fusion-flex-column-wrapper-legacy\"><div class=\"fusion-text fusion-text-1\"><p style=\"text-align: justify;\">\n<\/div><div class=\"fusion-clearfix\"><\/div><\/div><\/div><\/div><\/div><div class=\"fusion-fullwidth fullwidth-box fusion-builder-row-2 nonhundred-percent-fullwidth non-hundred-percent-height-scrolling\" style=\"--awb-background-position:left top;--awb-border-radius-top-left:0px;--awb-border-radius-top-right:0px;--awb-border-radius-bottom-right:0px;--awb-border-radius-bottom-left:0px;--awb-padding-top:20px;--awb-padding-bottom:20px;--awb-border-sizes-top:0px;--awb-border-sizes-bottom:0px;--awb-flex-wrap:wrap;\" ><div class=\"fusion-builder-row fusion-row\"><div class=\"fusion-layout-column fusion_builder_column fusion-builder-column-1 fusion_builder_column_1_1 1_1 fusion-one-full fusion-column-first fusion-column-last fusion-column-no-min-height\" style=\"--awb-bg-size:cover;--awb-margin-bottom:0px;\"><div class=\"fusion-column-wrapper fusion-flex-column-wrapper-legacy\"><div class=\"fusion-tabs fusion-tabs-1 classic vertical-tabs icon-position-left mobile-mode-accordion\" style=\"--awb-title-border-radius-top-left:0px;--awb-title-border-radius-top-right:0px;--awb-title-border-radius-bottom-right:0px;--awb-title-border-radius-bottom-left:0px;--awb-inactive-color:#f1f2f2;--awb-background-color:#ffffff;--awb-border-color:#ebeaea;--awb-active-border-color:#006634;\"><div class=\"nav\"><ul class=\"nav-tabs\" role=\"tablist\"><li class=\"active\" role=\"presentation\"><a class=\"tab-link\" data-toggle=\"tab\" role=\"tab\" aria-controls=\"tab-9588e9468f39be1456e\" aria-selected=\"true\" id=\"fusion-tab-caracter\u00edsticas\" href=\"#tab-9588e9468f39be1456e\"><h4 class=\"fusion-tab-heading\"><i class=\"fontawesome-icon fa fa-list-ul\" aria-hidden=\"true\" style=\"font-size:13px;\"><\/i>Caracter\u00edsticas<\/h4><\/a><\/li><li role=\"presentation\"><a class=\"tab-link\" data-toggle=\"tab\" role=\"tab\" aria-controls=\"tab-d761702f91f24b5d81f\" aria-selected=\"false\" tabindex=\"-1\" id=\"fusion-tab-contenidos\" href=\"#tab-d761702f91f24b5d81f\"><h4 class=\"fusion-tab-heading\"><i class=\"fontawesome-icon fa fa-list-alt\" aria-hidden=\"true\" style=\"font-size:13px;\"><\/i>Contenidos<\/h4><\/a><\/li><li role=\"presentation\"><a class=\"tab-link\" data-toggle=\"tab\" role=\"tab\" aria-controls=\"tab-793fb7d5b2cca6a165d\" aria-selected=\"false\" tabindex=\"-1\" id=\"fusion-tab-metodolog\u00eda\" href=\"#tab-793fb7d5b2cca6a165d\"><h4 class=\"fusion-tab-heading\"><i class=\"fontawesome-icon fa fa-comment\" aria-hidden=\"true\" style=\"font-size:13px;\"><\/i>Metodolog\u00eda<\/h4><\/a><\/li><li role=\"presentation\"><a class=\"tab-link\" data-toggle=\"tab\" role=\"tab\" aria-controls=\"tab-eab6bad7a6911a4bac4\" aria-selected=\"false\" tabindex=\"-1\" id=\"fusion-tab-inscripci\u00f3n\" href=\"#tab-eab6bad7a6911a4bac4\"><h4 class=\"fusion-tab-heading\"><i class=\"fontawesome-icon fa fa-user\" aria-hidden=\"true\" style=\"font-size:13px;\"><\/i>Inscripci\u00f3n<\/h4><\/a><\/li><\/ul><\/div><div class=\"tab-content\"><div class=\"nav fusion-mobile-tab-nav\"><ul class=\"nav-tabs\" role=\"tablist\"><li class=\"active\" role=\"presentation\"><a class=\"tab-link\" data-toggle=\"tab\" role=\"tab\" aria-controls=\"tab-9588e9468f39be1456e\" aria-selected=\"true\" id=\"mobile-fusion-tab-caracter\u00edsticas\" href=\"#tab-9588e9468f39be1456e\"><h4 class=\"fusion-tab-heading\"><i class=\"fontawesome-icon fa fa-list-ul\" aria-hidden=\"true\" style=\"font-size:13px;\"><\/i>Caracter\u00edsticas<\/h4><\/a><\/li><\/ul><\/div><div class=\"tab-pane fade fusion-clearfix in active\" role=\"tabpanel\" tabindex=\"0\" aria-labelledby=\"fusion-tab-caracter\u00edsticas\" id=\"tab-9588e9468f39be1456e\">\n<div style=\"text-align: justify;\" align=\"justify\">\n<p>CURSO DE FORMACI\u00d3N ON LINE. Un curso de Prompting\/Introducci\u00f3n al lenguaje de la Inteligencia Artificial, IA, online, pr\u00e1ctico y sencillo, para dar instrucciones y sacar el mejor partido de la IA. \u00a0Impartido por el Prof. Dr. Louis Cardona, doctor en Inteligencia Artificial, en exclusividad para UL\u00cdA.<\/p>\n<h3><strong><span style=\"color: #006633;\">Descripci\u00f3n General:<\/span><\/strong><\/h3>\n<\/div>\n<div style=\"text-align: justify;\" align=\"justify\">\n<p>Este curso de <em>Prompting para la Vida Cotidiana<\/em> est\u00e1 pensado para que cualquier persona, sin necesidad de conocimientos previos de inform\u00e1tica o inteligencia artificial, aprenda a comunicarse eficazmente con herramientas como ChatGPT.<\/p>\n<p>Aprender\u00e1s a formular instrucciones (\u201cprompts\u201d) claras y precisas para obtener las mejores respuestas posibles de la IA. Los ejemplos y ejercicios estar\u00e1n siempre conectados con situaciones de la vida diaria, como planificar comidas, organizar un viaje, hacer compras, preparar un evento o descubrir actividades culturales.<\/p>\n<\/div>\n<h3 align=\"justify\"><span style=\"color: #006633;\"><strong>Duraci\u00f3n:<\/strong><\/span><\/h3>\n<p>Se trata de un curso de 9 meses. \u00a0De enero a junio es la primera parte, y la segunda de agosto a octubre.<\/p>\n<p>Carga lectiva equivalente a 15 cr\u00e9ditos ECTS (300 horas de dedicaci\u00f3n).<\/p>\n<p>Matr\u00edcula abierta hasta completar cupo y en todo caso antes del 8 de diciembre del a\u00f1o en curso.<\/p>\n<div align=\"justify\">\n<h3><span style=\"color: #006633;\"><strong>Dirigido a:<\/strong><\/span><\/h3>\n<\/div>\n<p>Adultos (35\u201380 a\u00f1os), hispanohablantes, sin experiencia previa con IA. El objetivo es ense\u00f1ar prompting de forma progresiva, usando ejemplos y ejercicios vinculados a tareas cotidianas.<\/p>\n<h3 align=\"justify\"><strong><span style=\"color: #006633;\">Requisitos:<\/span><\/strong><\/h3>\n<p>Para justificar la selecci\u00f3n la direcci\u00f3n del programa se basar\u00e1 principalmente en el cuestionario incluido en la solicitud de inscripci\u00f3n. No se requieren estudios espec\u00edficos previos.<\/p>\n<p>El curso se sigue por email desde una computadora. La direcci\u00f3n de correo \u00fanica del curso es: <a href=\"mailto:cip@ulia.org\">cip@ulia.org<\/a><\/p>\n<h3 align=\"justify\"><span style=\"color: #006633;\"><strong>Contenidos:<\/strong><\/span><\/h3>\n<p>Al principio de cada mes recibir\u00e1n por email 4 lecciones. Cada lecci\u00f3n contiene:<\/p>\n<ol>\n<li>Objetivo semanal claro.<\/li>\n<li>Explicaci\u00f3n breve (m\u00e1x. 250 palabras).<\/li>\n<li>5 ejemplos de prompts sobre 5 temas diferentes.<\/li>\n<li>5 ejercicios pr\u00e1cticos (2 puntos cada uno).<\/li>\n<li>Reto final (lo enviar\u00e1n por email para revisi\u00f3n y nota).<\/li>\n<\/ol>\n<p>El curso sigue 5 fases:<\/p>\n<ol>\n<li>Confianza y curiosidad (Enero\u2013Febrero)<\/li>\n<li>Competencia b\u00e1sica (Marzo\u2013Abril)<\/li>\n<li>Creatividad aplicada (Mayo\u2013Junio)<\/li>\n<li>Profundizaci\u00f3n y optimizaci\u00f3n (Agosto\u2013Septiembre)<\/li>\n<li>Autonom\u00eda y proyectos (Octubre\u2013Noviembre)<\/li>\n<\/ol>\n<p style=\"text-align: justify;\" align=\"JUSTIFY\"><\/div><div class=\"nav fusion-mobile-tab-nav\"><ul class=\"nav-tabs\" role=\"tablist\"><li role=\"presentation\"><a class=\"tab-link\" data-toggle=\"tab\" role=\"tab\" aria-controls=\"tab-d761702f91f24b5d81f\" aria-selected=\"false\" tabindex=\"-1\" id=\"mobile-fusion-tab-contenidos\" href=\"#tab-d761702f91f24b5d81f\"><h4 class=\"fusion-tab-heading\"><i class=\"fontawesome-icon fa fa-list-alt\" aria-hidden=\"true\" style=\"font-size:13px;\"><\/i>Contenidos<\/h4><\/a><\/li><\/ul><\/div><div class=\"tab-pane fade fusion-clearfix\" role=\"tabpanel\" tabindex=\"0\" aria-labelledby=\"fusion-tab-contenidos\" id=\"tab-d761702f91f24b5d81f\">\n<p><span style=\"color: #006633;\"><strong>Lo que se espera del alumnado:<\/strong><\/span><\/p>\n<ul>\n<li>Cada ejercicio se califica as\u00ed:- 2 puntos: cumple todos los criterios.- 1 punto: cumple parcialmente.- 0 puntos: no cumple o est\u00e1 incompleto. Criterios revisados:\n<ol>\n<li>Claridad del prompt.<\/li>\n<li>Especificidad y relevancia.<\/li>\n<li>Cumplimiento de la consigna.<\/li>\n<li>Calidad de la respuesta de la IA.<\/li>\n<li>Aplicaci\u00f3n de t\u00e9cnicas aprendidas.<\/li>\n<\/ol>\n<p>Nota semanal: Suma de los 5 ejercicios (m\u00e1x. 10). Promedio final: Media de todas las lecciones evaluadas.<\/li>\n<\/ul>\n<p style=\"text-align: justify;\"><\/div><div class=\"nav fusion-mobile-tab-nav\"><ul class=\"nav-tabs\" role=\"tablist\"><li role=\"presentation\"><a class=\"tab-link\" data-toggle=\"tab\" role=\"tab\" aria-controls=\"tab-793fb7d5b2cca6a165d\" aria-selected=\"false\" tabindex=\"-1\" id=\"mobile-fusion-tab-metodolog\u00eda\" href=\"#tab-793fb7d5b2cca6a165d\"><h4 class=\"fusion-tab-heading\"><i class=\"fontawesome-icon fa fa-comment\" aria-hidden=\"true\" style=\"font-size:13px;\"><\/i>Metodolog\u00eda<\/h4><\/a><\/li><\/ul><\/div><div class=\"tab-pane fade fusion-clearfix\" role=\"tabpanel\" tabindex=\"0\" aria-labelledby=\"fusion-tab-metodolog\u00eda\" id=\"tab-793fb7d5b2cca6a165d\">\n<p>El curso consta de 36 lecciones semanales en total. Casi la totalidad de las mismas comprenden:<\/p>\n<ol>\n<li>El video del experto (15-20 minutos)<\/li>\n<li>Textos de estudio<\/li>\n<li>Material complementario<\/li>\n<li>Un control para ir consolidando los contenidos de cada sesi\u00f3n, que el alumnado entregar\u00e1 al finalizar el mes en curso (4 lecciones por control), y que incluir\u00e1 pr\u00e1cticas concretas del M\u00e9todo.<\/li>\n<\/ol>\n<p>A los controles (1 por cada mes, abarcando la totalidad de las lecciones), se le sumar\u00e1 un TRABAJO FINAL para el curso, que no resultar\u00e1 complejo para quien venga acertando en los controles.<\/p>\n<p>-Se podr\u00e1n ir consultando dudas con la tutor\u00eda durante el curso. Opcional: una conexi\u00f3n v\u00eda zoom para consolidaci\u00f3n y pr\u00e1ctica, cercana a la realizaci\u00f3n del trabajo final.<\/p>\n<p style=\"text-align: justify;\"><\/div><div class=\"nav fusion-mobile-tab-nav\"><ul class=\"nav-tabs\" role=\"tablist\"><li role=\"presentation\"><a class=\"tab-link\" data-toggle=\"tab\" role=\"tab\" aria-controls=\"tab-eab6bad7a6911a4bac4\" aria-selected=\"false\" tabindex=\"-1\" id=\"mobile-fusion-tab-inscripci\u00f3n\" href=\"#tab-eab6bad7a6911a4bac4\"><h4 class=\"fusion-tab-heading\"><i class=\"fontawesome-icon fa fa-user\" aria-hidden=\"true\" style=\"font-size:13px;\"><\/i>Inscripci\u00f3n<\/h4><\/a><\/li><\/ul><\/div><div class=\"tab-pane fade fusion-clearfix\" role=\"tabpanel\" tabindex=\"0\" aria-labelledby=\"fusion-tab-inscripci\u00f3n\" id=\"tab-eab6bad7a6911a4bac4\">\n<p style=\"text-align: justify;\">La matr\u00edcula se efect\u00faa rellenando el siguiente formulario:<\/p>\n<p style=\"text-align: justify;\"><strong><span style=\"color: #006633;\"><a style=\"color: #006633;\" href=\"http:\/\/ivsa.es\/ulia\/ficha-de-inscripcion-curso-introductorio-de-prompting\" target=\"_blank\" rel=\"noopener noreferrer\">1.- La ficha de inscripci\u00f3n<\/a><\/span><\/strong><\/p>\n<p>El cupo de alumnos es de 50. Se har\u00e1 una selecci\u00f3n rigurosa por parte de la coordinaci\u00f3n para garantizar la idoneidad de los seleccionados en base a los criterios de ubicaci\u00f3n geogr\u00e1fica, representatividad, contexto familiar, situaci\u00f3n socio-laboral, compromiso cristiano, y capacitaci\u00f3n.<\/p>\n<p>El curso se oferta gratuitamente, pero a los solicitantes aceptados se les pedir\u00e1 abonar una donaci\u00f3n de mantenimiento y compromiso de 50 Euros \u00f3 50 d\u00f3lares americanos, para cubrir los gastos de mantenimiento en red del curso. Una vez se le comunique al candidato que ha sido aceptado, deber\u00e1 enviar la donaci\u00f3n. Este importe y en su caso el gasto (voluntario) del posible desplazamiento a uno de los dos siguientes claustros de ULIA son los \u00fanicos gastos que habr\u00eda de aportar el alumnado.<\/p>\n<p style=\"text-align: justify;\"><\/div><\/div><\/div><div class=\"fusion-clearfix\"><\/div><\/div><\/div><\/div><\/div><div class=\"fusion-fullwidth fullwidth-box fusion-builder-row-3 hundred-percent-fullwidth non-hundred-percent-height-scrolling\" style=\"--awb-border-radius-top-left:0px;--awb-border-radius-top-right:0px;--awb-border-radius-bottom-right:0px;--awb-border-radius-bottom-left:0px;--awb-overflow:visible;--awb-flex-wrap:wrap;\" ><div class=\"fusion-builder-row fusion-row\"><div class=\"fusion-layout-column fusion_builder_column fusion-builder-column-2 fusion_builder_column_1_1 1_1 fusion-one-full fusion-column-first fusion-column-last fusion-column-no-min-height\" style=\"--awb-bg-size:cover;--awb-margin-bottom:0px;\"><div class=\"fusion-column-wrapper fusion-flex-column-wrapper-legacy\"><div class=\"fusion-text fusion-text-2\"><p style=\"text-align: justify;\">\n<\/div><div class=\"fusion-text fusion-text-3\"><\/div><div class=\"fusion-clearfix\"><\/div><\/div><\/div><\/div><\/div><\/p>\n","protected":false},"excerpt":{"rendered":"","protected":false},"author":1,"featured_media":0,"parent":0,"menu_order":0,"comment_status":"closed","ping_status":"closed","template":"","meta":{"footnotes":""},"class_list":["post-2797","page","type-page","status-publish","hentry"],"_links":{"self":[{"href":"https:\/\/ivsa.es\/ulia\/wp-json\/wp\/v2\/pages\/2797","targetHints":{"allow":["GET"]}}],"collection":[{"href":"https:\/\/ivsa.es\/ulia\/wp-json\/wp\/v2\/pages"}],"about":[{"href":"https:\/\/ivsa.es\/ulia\/wp-json\/wp\/v2\/types\/page"}],"author":[{"embeddable":true,"href":"https:\/\/ivsa.es\/ulia\/wp-json\/wp\/v2\/users\/1"}],"replies":[{"embeddable":true,"href":"https:\/\/ivsa.es\/ulia\/wp-json\/wp\/v2\/comments?post=2797"}],"version-history":[{"count":9,"href":"https:\/\/ivsa.es\/ulia\/wp-json\/wp\/v2\/pages\/2797\/revisions"}],"predecessor-version":[{"id":2811,"href":"https:\/\/ivsa.es\/ulia\/wp-json\/wp\/v2\/pages\/2797\/revisions\/2811"}],"wp:attachment":[{"href":"https:\/\/ivsa.es\/ulia\/wp-json\/wp\/v2\/media?parent=2797"}],"curies":[{"name":"wp","href":"https:\/\/api.w.org\/{rel}","templated":true}]}}