{"id":3083,"date":"2026-04-14T07:36:14","date_gmt":"2026-04-14T07:36:14","guid":{"rendered":"https:\/\/ivsa.es\/ulia\/?page_id=3083"},"modified":"2026-04-14T08:24:27","modified_gmt":"2026-04-14T08:24:27","slug":"fundamentos-de-comunicacion-catolica","status":"publish","type":"page","link":"https:\/\/ivsa.es\/ulia\/fundamentos-de-comunicacion-catolica\/","title":{"rendered":"Fundamentos de comunicaci\u00f3n cat\u00f3lica"},"content":{"rendered":"<div class=\"fusion-fullwidth fullwidth-box fusion-builder-row-1 hundred-percent-fullwidth non-hundred-percent-height-scrolling\" style=\"--awb-border-radius-top-left:0px;--awb-border-radius-top-right:0px;--awb-border-radius-bottom-right:0px;--awb-border-radius-bottom-left:0px;--awb-overflow:visible;--awb-flex-wrap:wrap;\" ><div class=\"fusion-builder-row fusion-row\"><div class=\"fusion-layout-column fusion_builder_column fusion-builder-column-0 fusion_builder_column_1_1 1_1 fusion-one-full fusion-column-first fusion-column-last fusion-column-no-min-height\" style=\"--awb-bg-size:cover;--awb-margin-bottom:0px;\"><div class=\"fusion-column-wrapper fusion-flex-column-wrapper-legacy\"><div class=\"fusion-text fusion-text-1\"><p style=\"text-align: justify;\">\n<\/div><div class=\"fusion-clearfix\"><\/div><\/div><\/div><\/div><\/div>\n<p><div class=\"fusion-fullwidth fullwidth-box fusion-builder-row-2 nonhundred-percent-fullwidth non-hundred-percent-height-scrolling\" style=\"--awb-background-position:left top;--awb-border-radius-top-left:0px;--awb-border-radius-top-right:0px;--awb-border-radius-bottom-right:0px;--awb-border-radius-bottom-left:0px;--awb-padding-top:20px;--awb-padding-bottom:20px;--awb-border-sizes-top:0px;--awb-border-sizes-bottom:0px;--awb-flex-wrap:wrap;\" ><div class=\"fusion-builder-row fusion-row\"><div class=\"fusion-layout-column fusion_builder_column fusion-builder-column-1 fusion_builder_column_1_1 1_1 fusion-one-full fusion-column-first fusion-column-last fusion-column-no-min-height\" style=\"--awb-bg-size:cover;--awb-margin-bottom:0px;\"><div class=\"fusion-column-wrapper fusion-flex-column-wrapper-legacy\"><div class=\"fusion-tabs fusion-tabs-1 classic vertical-tabs icon-position-left mobile-mode-accordion\" style=\"--awb-title-border-radius-top-left:0px;--awb-title-border-radius-top-right:0px;--awb-title-border-radius-bottom-right:0px;--awb-title-border-radius-bottom-left:0px;--awb-inactive-color:#f1f2f2;--awb-background-color:#ffffff;--awb-border-color:#ebeaea;--awb-active-border-color:#006634;\"><div class=\"nav\"><ul class=\"nav-tabs\" role=\"tablist\"><li class=\"active\" role=\"presentation\"><a class=\"tab-link\" data-toggle=\"tab\" role=\"tab\" aria-controls=\"tab-a11a653c9f2110e6cbb\" aria-selected=\"true\" id=\"fusion-tab-caracter\u00edsticas\" href=\"#tab-a11a653c9f2110e6cbb\"><h4 class=\"fusion-tab-heading\"><i class=\"fontawesome-icon fa fa-list-ul\" aria-hidden=\"true\" style=\"font-size:13px;\"><\/i>Caracter\u00edsticas<\/h4><\/a><\/li><\/ul><\/div><div class=\"tab-content\"><div class=\"nav fusion-mobile-tab-nav\"><ul class=\"nav-tabs\" role=\"tablist\"><li class=\"active\" role=\"presentation\"><a class=\"tab-link\" data-toggle=\"tab\" role=\"tab\" aria-controls=\"tab-a11a653c9f2110e6cbb\" aria-selected=\"true\" id=\"mobile-fusion-tab-caracter\u00edsticas\" href=\"#tab-a11a653c9f2110e6cbb\"><h4 class=\"fusion-tab-heading\"><i class=\"fontawesome-icon fa fa-list-ul\" aria-hidden=\"true\" style=\"font-size:13px;\"><\/i>Caracter\u00edsticas<\/h4><\/a><\/li><\/ul><\/div><div class=\"tab-pane fade fusion-clearfix in active\" role=\"tabpanel\" tabindex=\"0\" aria-labelledby=\"fusion-tab-caracter\u00edsticas\" id=\"tab-a11a653c9f2110e6cbb\">\n<div style=\"text-align: justify;\" align=\"justify\">\n<p>CURSO DE FORMACI\u00d3N ON LINE que se oferta como t\u00edtulo propio. El curso de Experto en Fundamentos de Comunicaci\u00f3n Cat\u00f3lica, FCC, est\u00e1 dirigido por el profesor Norberto Gonz\u00e1lez Gaitano, profesor em\u00e9rito de Opini\u00f3n p\u00fablica en la Universidad Pontificia de la Santa Cruz en Roma.<\/p>\n<p>El curso, de naturaleza te\u00f3rica, ofrece los contenidos y la justificaci\u00f3n de la propuesta cient\u00edfica sobre la opini\u00f3n p\u00fablica aplicada a la informaci\u00f3n institucional religiosa.<\/p>\n<h3><span style=\"color: #006633; font-family: Arial;\"><b>Descripci\u00f3n General<\/b>:<\/span><\/h3>\n<\/div>\n<div align=\"justify\">Este curso libre Opini\u00f3n p\u00fablica e Iglesia Cat\u00f3lica del programa de la ULIA pretende responder a dos preguntas: \u00bfC\u00f3mo se comporta la opini\u00f3n p\u00fablica sobre la Iglesia Cat\u00f3lica y por qu\u00e9? \u00bfC\u00f3mo funciona, o deber\u00eda funcionar, la opini\u00f3n p\u00fablica \u2013 que existe \u2013 dentro de la Iglesia Cat\u00f3lica?<\/div>\n<h3 style=\"text-align: justify;\" align=\"justify\"><span style=\"color: #006633; font-family: Arial;\"><b>Duraci\u00f3n<\/b>:<\/span><\/h3>\n<p align=\"justify\">Un semestre: De Enero a Junio<\/p>\n<p align=\"justify\">Carga lectiva equivalente a 10 cr\u00e9ditos ECTS (250 horas de dedicaci\u00f3n).<\/p>\n<div align=\"justify\">Matr\u00edcula abierta hasta completar cupo y en todo caso antes del 8 de diciembre del a\u00f1o en curso.<\/div>\n<div style=\"text-align: left;\" align=\"justify\">\n<h3><span style=\"color: #006633; font-family: Arial;\"><b>Dirigido a<\/b>:<\/span><\/h3>\n<\/div>\n<p>Docentes de religi\u00f3n, operadores de la comunicaci\u00f3n cat\u00f3lica (encargados de oficinas de prensa, periodistas en medios de titularidad eclesi\u00e1stica o de inspiraci\u00f3n cat\u00f3lica, editores de portales cat\u00f3licos, bloggers cat\u00f3licos, etc.) y periodistas de medios comerciales especializados o interesados en la informaci\u00f3n religiosa.<\/p>\n<h3 style=\"text-align: justify;\" align=\"justify\"><span style=\"color: #006633; font-family: Arial;\"><b>Requisitos<\/b>:<\/span><\/h3>\n<p>No se requieren estudios espec\u00edficos previos.<\/p>\n<p>Para justificar la selecci\u00f3n, la direcci\u00f3n del programa se basar\u00e1 principalmente en el cuestionario incluido en la solicitud de inscripci\u00f3n (<a href=\"http:\/\/ivsa.es\/ulia\/ficha-de-inscripcion-curso-de-experto-en-comunicacion-catolica\/\">http:\/\/ivsa.es\/ulia\/ficha-de-inscripcion-curso-de-experto-en-comunicacion-catolica\/<\/a>)<\/p>\n<p>Una vez aceptada dicha solicitud, se informar\u00e1n los medios para efectuar un \u00fanico donativo de 50 Euros para aplicar a costos de mantenimiento.<\/p>\n<p align=\"justify\">La direcci\u00f3n de correo \u00fanica del curso es: <span style=\"font-family: Arial;\"><a href=\"mailto:ecc@ulia.org\"><span style=\"color: #006633;\">ecc@ulia.org<\/span><\/a><\/span><\/p>\n<p><span style=\"color: #006633;\"><strong>8 sesiones sobre temas de actualidad y de inter\u00e9s medi\u00e1tico:<\/strong><\/span><\/p>\n<p>1.- Lecci\u00f3n introductoria.<\/p>\n<p>2.- Unidad 1: La Iglesia y los medios de comunicaci\u00f3n, una relaci\u00f3n siempre conflictiva.<\/p>\n<p>3.- Unidad 2: La opini\u00f3n p\u00fablica y la opini\u00f3n publicada: la teor\u00eda de la espiral del silencio.<\/p>\n<p>4.- Unidad 3:\u00a0El poder de la agenda de los medios de comunicaci\u00f3n.<\/p>\n<p>5.- Unidad 4: El \u201cframing\u201d, como relaci\u00f3n entre los medios de comunicaci\u00f3n y la opini\u00f3n p\u00fablica y viceversa.<\/p>\n<p>6.- Unidad 5: La opini\u00f3n p\u00fablica en la Iglesia: una lectura eclesiol\u00f3gica y comunicativa.<\/p>\n<p>7.- Unidad 6: Los lugares comunes del discurso p\u00fablico y su papel en la formaci\u00f3n de la opini\u00f3n p\u00fablica.<\/p>\n<p>8.- Lectura final y conversaci\u00f3n v\u00eda Zoom con el autor de todos los estudiantes:<\/p>\n<p style=\"font-weight: 400;\">El curso consta de 6 unidades en total. Casi la totalidad de las unidades comprenden:<\/p>\n<ol style=\"font-weight: 400;\">\n<li>El video del experto (15-20 minutos)<\/li>\n<li>Textos de estudio<\/li>\n<li>Material complementario<\/li>\n<li>Un control para ir consolidando los contenidos de cada sesi\u00f3n, que el alumnado entregar\u00e1 al finalizar el mes en curso (4 sesiones por control), y que incluir\u00e1 pr\u00e1cticas concretas del M\u00e9todo.<\/li>\n<\/ol>\n<p style=\"font-weight: 400;\">Los alumnos deber\u00e1n entregar un ensayo original de una extensi\u00f3n m\u00e1xima de 11 pp. a un solo espacio y con separaci\u00f3n entre par\u00e1grafos conteniendo alrededor de 30.000 caracteres, espacios incluidos.<br \/>\nEl ensayo debe responder a estas preguntas:<\/p>\n<p style=\"font-weight: 400;\">1. \u00bfQu\u00e9 ha aprendido el estudiante que no supiese previamente?<\/p>\n<p style=\"font-weight: 400;\">2. \u00bfEn qu\u00e9 est\u00e1 de acuerdo y\/o en desacuerdo con el autor y por qu\u00e9?<\/p>\n<p style=\"font-weight: 400;\">3. \u00bfQu\u00e9 otros temas faltan, a su juicio, para una m\u00e1s completa exposici\u00f3n de la materia? \u00bfPodr\u00e1 proporcionar\u00a0 otras referencias bibliogr\u00e1ficas que apoyen sus puntos de vista?<\/p>\n<p style=\"font-weight: 400;\">La exposici\u00f3n de sus propias ideas debe ir ilustrada con ejemplos de la experiencia de su propio pa\u00eds o de la Iglesia universal que, a su juicio, encajan o se distinguen de las tesis sostenidas por el autor. La exposici\u00f3n de esos ejemplos debe ser muy sint\u00e9tica en el texto principal, pudiendo reenviar al lector a bibliograf\u00eda fundamental para ampliar el conocimiento de esos hechos.<\/p>\n<p style=\"text-align: justify;\">La matr\u00edcula se efect\u00faa rellenando el siguiente formulario:<\/p>\n<p style=\"text-align: justify;\"><strong><span style=\"color: #006633;\"><a style=\"color: #006633;\" href=\"http:\/\/ivsa.es\/ulia\/ficha-de-inscripcion-curso-de-experto-en-comunicacion-catolica\/\" target=\"_blank\" rel=\"noopener noreferrer\">1.- La ficha de inscripci\u00f3n<\/a><\/span><\/strong><\/p>\n<p>El cupo de alumnos es de 50. Se har\u00e1 una selecci\u00f3n rigurosa por parte de la coordinaci\u00f3n para garantizar la idoneidad de los seleccionados en base a los criterios de ubicaci\u00f3n geogr\u00e1fica, representatividad, imagen, contexto familiar, situaci\u00f3n socio-laboral, compromiso cristiano, y capacitaci\u00f3n.<\/p>\n<p>El curso se oferta gratuitamente pero a los solicitantes aceptados se les exigir\u00e1 abonar una cuota m\u00ednima de compromiso de 50 Euros \u00f3 55 d\u00f3lares americanos para cubrir los gastos de mantenimiento en red del curso. Una vez se le comunique al candidato que ha sido aceptado definitivamente, deber\u00e1 abonar por transferencia bancaria o directamente a trav\u00e9s de internet en la cuenta del curso el importe de la cuota m\u00ednima de compromiso. Este importe y en su caso el gasto (voluntario) del posible desplazamiento a una de los dos siguientes claustros de ULIA son los \u00fanicos gastos que ha de aportar el alumno.<\/p>\n<p style=\"text-align: justify;\"><\/div><\/div><\/div><div class=\"fusion-clearfix\"><\/div><\/div><\/div><\/div><\/div><div class=\"fusion-fullwidth fullwidth-box fusion-builder-row-3 hundred-percent-fullwidth non-hundred-percent-height-scrolling\" style=\"--awb-border-radius-top-left:0px;--awb-border-radius-top-right:0px;--awb-border-radius-bottom-right:0px;--awb-border-radius-bottom-left:0px;--awb-overflow:visible;--awb-flex-wrap:wrap;\" ><div class=\"fusion-builder-row fusion-row\"><div class=\"fusion-layout-column fusion_builder_column fusion-builder-column-2 fusion_builder_column_1_1 1_1 fusion-one-full fusion-column-first fusion-column-last fusion-column-no-min-height\" style=\"--awb-bg-size:cover;--awb-margin-bottom:0px;\"><div class=\"fusion-column-wrapper fusion-flex-column-wrapper-legacy\"><div class=\"fusion-text fusion-text-2\"><p style=\"text-align: justify;\">\n<\/div><div class=\"fusion-text fusion-text-3\"><\/div><div class=\"fusion-clearfix\"><\/div><\/div><\/div><\/div><\/div><\/p>\n","protected":false},"excerpt":{"rendered":"","protected":false},"author":1,"featured_media":0,"parent":0,"menu_order":0,"comment_status":"closed","ping_status":"closed","template":"","meta":{"footnotes":""},"class_list":["post-3083","page","type-page","status-publish","hentry"],"_links":{"self":[{"href":"https:\/\/ivsa.es\/ulia\/wp-json\/wp\/v2\/pages\/3083","targetHints":{"allow":["GET"]}}],"collection":[{"href":"https:\/\/ivsa.es\/ulia\/wp-json\/wp\/v2\/pages"}],"about":[{"href":"https:\/\/ivsa.es\/ulia\/wp-json\/wp\/v2\/types\/page"}],"author":[{"embeddable":true,"href":"https:\/\/ivsa.es\/ulia\/wp-json\/wp\/v2\/users\/1"}],"replies":[{"embeddable":true,"href":"https:\/\/ivsa.es\/ulia\/wp-json\/wp\/v2\/comments?post=3083"}],"version-history":[{"count":11,"href":"https:\/\/ivsa.es\/ulia\/wp-json\/wp\/v2\/pages\/3083\/revisions"}],"predecessor-version":[{"id":3088,"href":"https:\/\/ivsa.es\/ulia\/wp-json\/wp\/v2\/pages\/3083\/revisions\/3088"}],"wp:attachment":[{"href":"https:\/\/ivsa.es\/ulia\/wp-json\/wp\/v2\/media?parent=3083"}],"curies":[{"name":"wp","href":"https:\/\/api.w.org\/{rel}","templated":true}]}}