{"id":309,"date":"2016-01-17T18:00:01","date_gmt":"2016-01-17T18:00:01","guid":{"rendered":"http:\/\/ivsa.es\/ulia\/?page_id=309"},"modified":"2024-04-16T10:17:14","modified_gmt":"2024-04-16T10:17:14","slug":"maestria-en-familia","status":"publish","type":"page","link":"https:\/\/ivsa.es\/ulia\/maestria-en-familia\/","title":{"rendered":"Maestr\u00eda en Familia"},"content":{"rendered":"<p align=\"justify\"><span style=\"font-family: Arial;\">La maestr\u00eda o m\u00e1ster en familia se otorga a los alumnos que hayan cursado con aprovechamiento medio-alto los diplomas en mediaci\u00f3n y orientaci\u00f3n familiar, <a href=\"http:\/\/ivsa.es\/ulia\/diploma-en-mediacion-y-orientacion-familiar\/\">dof<\/a>, y en liderazgo y pr\u00e1cticas de afirmaci\u00f3n familiar, <a href=\"http:\/\/ivsa.es\/ulia\/diploma-en-liderazgo-y-practicas-de-afirmacion-familiar\/\">dpaf<\/a>, de ULIA y dispongan de un t\u00edtulo de grado en ciencias sociales, de la salud, o de la educaci\u00f3n. Los alumnos admitidos al programa deber\u00e1n presentar un trabajo de investigaci\u00f3n.<\/span><\/p>\r\n<p align=\"justify\"><span style=\"font-family: Arial;\">La sexta promoci\u00f3n de la MFAM comenzar\u00e1 el 1 de enero. Las solicitudes de admisi\u00f3n, por parte de titulados en el dof y el dpaf, deben enviarse a <a href=\"mailto:info@ulia.org\">info@ulia.org<\/a> a partir del 25 de Mayo. Con la aceptaci\u00f3n, el alumnado recibir\u00e1 las pautas del trabajo de investigaci\u00f3n, que deber\u00e1 presentarse a lo largo del a\u00f1o<\/span><\/p>\r\n\r\n<p>&nbsp;<\/p>\r\n","protected":false},"excerpt":{"rendered":"<p>La maestr\u00eda o m\u00e1ster en familia se otorga a los alumnos que hayan cursado con aprovechamiento medio-alto los diplomas en mediaci\u00f3n y orientaci\u00f3n familiar, dof, y en liderazgo y pr\u00e1cticas de afirmaci\u00f3n familiar, dpaf, de ULIA y dispongan de un t\u00edtulo de grado en ciencias sociales, de la salud, o de la educaci\u00f3n. Los alumnos  [&#8230;]<\/p>\n","protected":false},"author":1,"featured_media":0,"parent":0,"menu_order":0,"comment_status":"closed","ping_status":"closed","template":"","meta":{"footnotes":""},"class_list":["post-309","page","type-page","status-publish","hentry"],"_links":{"self":[{"href":"https:\/\/ivsa.es\/ulia\/wp-json\/wp\/v2\/pages\/309","targetHints":{"allow":["GET"]}}],"collection":[{"href":"https:\/\/ivsa.es\/ulia\/wp-json\/wp\/v2\/pages"}],"about":[{"href":"https:\/\/ivsa.es\/ulia\/wp-json\/wp\/v2\/types\/page"}],"author":[{"embeddable":true,"href":"https:\/\/ivsa.es\/ulia\/wp-json\/wp\/v2\/users\/1"}],"replies":[{"embeddable":true,"href":"https:\/\/ivsa.es\/ulia\/wp-json\/wp\/v2\/comments?post=309"}],"version-history":[{"count":14,"href":"https:\/\/ivsa.es\/ulia\/wp-json\/wp\/v2\/pages\/309\/revisions"}],"predecessor-version":[{"id":2694,"href":"https:\/\/ivsa.es\/ulia\/wp-json\/wp\/v2\/pages\/309\/revisions\/2694"}],"wp:attachment":[{"href":"https:\/\/ivsa.es\/ulia\/wp-json\/wp\/v2\/media?parent=309"}],"curies":[{"name":"wp","href":"https:\/\/api.w.org\/{rel}","templated":true}]}}