{"id":333,"date":"2016-01-17T21:21:31","date_gmt":"2016-01-17T21:21:31","guid":{"rendered":"http:\/\/ivsa.es\/ulia\/?page_id=333"},"modified":"2025-10-27T10:10:41","modified_gmt":"2025-10-27T10:10:41","slug":"maestria-en-sociologia","status":"publish","type":"page","link":"https:\/\/ivsa.es\/ulia\/maestria-en-sociologia\/","title":{"rendered":"Maestr\u00eda en Sociologia"},"content":{"rendered":"<p style=\"text-align: justify;\"><div class=\"fusion-fullwidth fullwidth-box fusion-builder-row-1 nonhundred-percent-fullwidth non-hundred-percent-height-scrolling\" style=\"--awb-background-position:left top;--awb-border-radius-top-left:0px;--awb-border-radius-top-right:0px;--awb-border-radius-bottom-right:0px;--awb-border-radius-bottom-left:0px;--awb-padding-top:20px;--awb-padding-bottom:20px;--awb-border-sizes-top:0px;--awb-border-sizes-bottom:0px;--awb-flex-wrap:wrap;\" ><div class=\"fusion-builder-row fusion-row\"><div class=\"fusion-layout-column fusion_builder_column fusion-builder-column-0 fusion_builder_column_1_1 1_1 fusion-one-full fusion-column-first fusion-column-last fusion-column-no-min-height\" style=\"--awb-bg-size:cover;--awb-margin-bottom:0px;\"><div class=\"fusion-column-wrapper fusion-flex-column-wrapper-legacy\"><div class=\"fusion-tabs fusion-tabs-1 classic vertical-tabs icon-position-left mobile-mode-accordion\" style=\"--awb-title-border-radius-top-left:0px;--awb-title-border-radius-top-right:0px;--awb-title-border-radius-bottom-right:0px;--awb-title-border-radius-bottom-left:0px;--awb-inactive-color:#f1f2f2;--awb-background-color:#ffffff;--awb-border-color:#ebeaea;--awb-active-border-color:#006634;\"><div class=\"nav\"><ul class=\"nav-tabs\" role=\"tablist\"><li class=\"active\" role=\"presentation\"><a class=\"tab-link\" data-toggle=\"tab\" role=\"tab\" aria-controls=\"tab-91fb49ca0cd5f3a605c\" aria-selected=\"true\" id=\"fusion-tab-caracter\u00edsticas\" href=\"#tab-91fb49ca0cd5f3a605c\"><h4 class=\"fusion-tab-heading\"><i class=\"fontawesome-icon fa fa-list-ul\" aria-hidden=\"true\" style=\"font-size:13px;\"><\/i>Caracter\u00edsticas<\/h4><\/a><\/li><li role=\"presentation\"><a class=\"tab-link\" data-toggle=\"tab\" role=\"tab\" aria-controls=\"tab-d3e1f7fd1804602c547\" aria-selected=\"false\" tabindex=\"-1\" id=\"fusion-tab-objetivos\" href=\"#tab-d3e1f7fd1804602c547\"><h4 class=\"fusion-tab-heading\"><i class=\"fontawesome-icon fa fa-check-square-o\" aria-hidden=\"true\" style=\"font-size:13px;\"><\/i>Objetivos<\/h4><\/a><\/li><li role=\"presentation\"><a class=\"tab-link\" data-toggle=\"tab\" role=\"tab\" aria-controls=\"tab-43950d3cbc72a581122\" aria-selected=\"false\" tabindex=\"-1\" id=\"fusion-tab-contenidos\" href=\"#tab-43950d3cbc72a581122\"><h4 class=\"fusion-tab-heading\"><i class=\"fontawesome-icon fa fa-list-alt\" aria-hidden=\"true\" style=\"font-size:13px;\"><\/i>Contenidos<\/h4><\/a><\/li><li role=\"presentation\"><a class=\"tab-link\" data-toggle=\"tab\" role=\"tab\" aria-controls=\"tab-331ad7b20ee8a550140\" aria-selected=\"false\" tabindex=\"-1\" id=\"fusion-tab-metodolog\u00eda\" href=\"#tab-331ad7b20ee8a550140\"><h4 class=\"fusion-tab-heading\"><i class=\"fontawesome-icon fa fa-comment\" aria-hidden=\"true\" style=\"font-size:13px;\"><\/i>Metodolog\u00eda<\/h4><\/a><\/li><li role=\"presentation\"><a class=\"tab-link\" data-toggle=\"tab\" role=\"tab\" aria-controls=\"tab-0f9de325da0c1250a97\" aria-selected=\"false\" tabindex=\"-1\" id=\"fusion-tab-inscripci\u00f3n\" href=\"#tab-0f9de325da0c1250a97\"><h4 class=\"fusion-tab-heading\"><i class=\"fontawesome-icon fa fa-user\" aria-hidden=\"true\" style=\"font-size:13px;\"><\/i>Inscripci\u00f3n<\/h4><\/a><\/li><\/ul><\/div><div class=\"tab-content\"><div class=\"nav fusion-mobile-tab-nav\"><ul class=\"nav-tabs\" role=\"tablist\"><li class=\"active\" role=\"presentation\"><a class=\"tab-link\" data-toggle=\"tab\" role=\"tab\" aria-controls=\"tab-91fb49ca0cd5f3a605c\" aria-selected=\"true\" id=\"mobile-fusion-tab-caracter\u00edsticas\" href=\"#tab-91fb49ca0cd5f3a605c\"><h4 class=\"fusion-tab-heading\"><i class=\"fontawesome-icon fa fa-list-ul\" aria-hidden=\"true\" style=\"font-size:13px;\"><\/i>Caracter\u00edsticas<\/h4><\/a><\/li><\/ul><\/div><div class=\"tab-pane fade fusion-clearfix in active\" role=\"tabpanel\" tabindex=\"0\" aria-labelledby=\"fusion-tab-caracter\u00edsticas\" id=\"tab-91fb49ca0cd5f3a605c\">\n<h2 style=\"text-align: justify;\"><b><span style=\"color: #006633;\">Presentaci\u00f3n<\/span><br \/>\n<\/b><\/h2>\n<p style=\"text-align: justify;\">La Maestr\u00eda en Sociolog\u00eda Msoc, se oferta desde ULIA mediante convenio con IVSA que la organiza y gestiona.<\/p>\n<p style=\"text-align: justify;\">IVSA son las siglas del Instituto Valenciano de Sociolog\u00eda Aplicada, una iniciativa de 4 profesores de la Universidad de Valencia, Polit\u00e9cnica de Valencia, CEU-Cardenal Herrera, y Cat\u00f3lica de Valencia, que fomenta la investigaci\u00f3n, oferta formaci\u00f3n de calidad en Ciencias Sociales, y asesora en temas relacionados con las necesidades sociales y la repercusi\u00f3n de la acci\u00f3n institucional. Las actividades de IVSA carecen de \u00e1nimo de lucro y quieren contribuir con un enfoque plural e independiente a una mejor comprensi\u00f3n de nuestra sociedad. \u00a0IVSA asume una visi\u00f3n no sectaria de la realidad social, carece de compromiso pol\u00edtico y no acepta subvenciones p\u00fablicas. Los promotores de IVSA son:<\/p>\n<p style=\"text-align: justify;\">&#8211; Ignacio Gil Pechu\u00e1n, catedr\u00e1tico acreditado de organizaci\u00f3n de empresas en la Universidad Polit\u00e9cnica de Valencia y presidente de IECO, Instituto de \u00c9tica y Comunicaci\u00f3n en las Organizaciones<\/p>\n<p style=\"text-align: justify;\">&#8211; Jos\u00e9 P\u00e9rez Ad\u00e1n, catedr\u00e1tico acreditado de sociolog\u00eda en la Universidad de Valencia y presidente de la Fundaci\u00f3n Interamericana Ciencia y Vida<\/p>\n<p style=\"text-align: justify;\">&#8211; Javier Ros Codo\u00f1er, profesor de sociolog\u00eda en la Universidad Cat\u00f3lica de Valencia y en el Instituto Pontificio Juan Pablo II<\/p>\n<p style=\"text-align: justify;\">&#8211; Vicente Villar Amig\u00f3, profesor de farmacia en la Universidad CEU-Cardenal Herrera y Vicepresidente de la Fundaci\u00f3n Sida y Drogas de la Comunidad Valenciana.<\/p>\n<h2 style=\"text-align: justify;\"><span style=\"color: #006633;\"><b>Caracter\u00edsticas<\/b><\/span><\/h2>\n<p style=\"text-align: justify;\">La Msoc va dirigida a profesores de asignaturas de Ciencias Sociales que no dispongan de titulaci\u00f3n de licenciatura o grado en Sociolog\u00eda (como la mayor\u00eda de los que trabajan en universidades y colegios de ideario cat\u00f3lico). As\u00edmismo, a graduados universitarios de otras \u00e1reas que deseen completar su formaci\u00f3n con una maestr\u00eda en Sociolog\u00eda.<\/p>\n<p style=\"text-align: justify;\">Se trata de un programa a distancia enmarcado en el ideario de <span style=\"color: #006633;\"><a style=\"color: #006633;\" href=\"http:\/\/ivsa.es\/ulia\/\">ULIA<\/a><\/span> y de la <span style=\"color: #006633;\"><a style=\"color: #006633;\" href=\"http:\/\/ivsa.es\/ulia\/ficv\/\">Fundaci\u00f3n Interamericana Ciencia y Vida (FICV)<\/a><\/span> y ofertado en acuerdo cooperativo con <span style=\"color: #006633;\"><a style=\"color: #006633;\" href=\"http:\/\/www.ivsa.es\/\">IVSA<\/a><\/span>.<\/p>\n<p style=\"text-align: justify;\"><span style=\"color: #339966;\">Duraci\u00f3n:<\/span><br \/>\nDos a\u00f1os: 3 semestres de docencia y uno de investigaci\u00f3n para la elaboraci\u00f3n de tesina.<\/p>\n<p style=\"text-align: justify;\">Carga lectiva equivalente a 120 cr\u00e9ditos ECTS. (1 ECTS = 15-25 horas). (European Credit Transfer System).<\/p>\n<p style=\"text-align: justify;\">\n<p style=\"text-align: justify;\"><span style=\"color: #339966;\">Modalidad:<\/span><br \/>\nA distancia.<\/p>\n<p style=\"text-align: justify;\"><span style=\"color: #339966;\">Perfil del titulado:<\/span><\/p>\n<p style=\"text-align: justify;\">Maestr\u00eda en Sociolog\u00eda:<\/p>\n<p style=\"text-align: justify;\">Docencia en Ciencias Sociales a nivel secundario y terciario. Complemento de formaci\u00f3n para licenciados y graduados de ciencias jur\u00eddicas, econ\u00f3micas, pol\u00edticas, en gesti\u00f3n p\u00fablica y empresarial, y en humanidades. Directivos de organizaciones empresariales, y de entidades p\u00fablicas o de iniciativa social. Gabinetes de opini\u00f3n p\u00fablica y medios de comunicaci\u00f3n.<\/p>\n<p style=\"text-align: justify;\"><span style=\"color: #339966;\">Requisitos:<\/span><\/p>\n<p style=\"text-align: justify;\">Los requisitos de matriculaci\u00f3n son:<\/p>\n<ol style=\"text-align: justify;\">\n<li>estar en disposici\u00f3n de un t\u00edtulo de grado\/licenciatura oficial universitario.<\/li>\n<li>disponer de un perfecto dominio escrito del idioma espa\u00f1ol,<\/li>\n<li>disponer del soporte y conocimiento inform\u00e1tico adecuados,\u00a0 y<\/li>\n<li>abonar la tasa de matriculaci\u00f3n de coste (ULIA) con el cargo adicional de docencia externa (IVSA).<\/li>\n<\/ol>\n<p style=\"text-align: justify;\">Los criterios de selecci\u00f3n y admisi\u00f3n de alumnos son:<\/p>\n<ol style=\"text-align: justify;\">\n<li>disponibilidad de plazas<\/li>\n<li>idoneidad curricular y valoraci\u00f3n del curr\u00edculum solidario de la candidata o candidato.<\/li>\n<\/ol>\n<p style=\"text-align: justify;\">El curso est\u00e1 coordinado, a trav\u00e9s de IVSA, por el profesor Jos\u00e9 P\u00e9rez Ad\u00e1n, catedr\u00e1tico de Sociolog\u00eda, de la Universidad de Valencia y de ULIA.<\/p>\n<p style=\"text-align: justify;\">La direcci\u00f3n del curso es: <span style=\"color: #006633;\"><a style=\"color: #006633;\" href=\"mailto:msoc@ulia.org\">msoc@ulia.org<\/a><\/span><\/p>\n<h3 style=\"text-align: justify;\"><\/h3>\n<p style=\"text-align: justify;\"><\/div><div class=\"nav fusion-mobile-tab-nav\"><ul class=\"nav-tabs\" role=\"tablist\"><li role=\"presentation\"><a class=\"tab-link\" data-toggle=\"tab\" role=\"tab\" aria-controls=\"tab-d3e1f7fd1804602c547\" aria-selected=\"false\" tabindex=\"-1\" id=\"mobile-fusion-tab-objetivos\" href=\"#tab-d3e1f7fd1804602c547\"><h4 class=\"fusion-tab-heading\"><i class=\"fontawesome-icon fa fa-check-square-o\" aria-hidden=\"true\" style=\"font-size:13px;\"><\/i>Objetivos<\/h4><\/a><\/li><\/ul><\/div><div class=\"tab-pane fade fusion-clearfix\" role=\"tabpanel\" tabindex=\"0\" aria-labelledby=\"fusion-tab-objetivos\" id=\"tab-d3e1f7fd1804602c547\">\n<p style=\"text-align: justify;\">Los principales objetivos del programa son:<\/p>\n<ol style=\"text-align: justify;\">\n<li>Evitar el intrusismo profesional de profesores no formados en ciencias sociales que est\u00e1n a cargo de asignaturas propias del \u00e1rea como Sociolog\u00eda y que haciendo la maestr\u00eda adquirir\u00edan esa capacitaci\u00f3n espec\u00edfica.<\/li>\n<li>Evitar que esa capacitaci\u00f3n deba de adquirirse necesariamente en centros, de profesores o con textos que tienen una visi\u00f3n ideol\u00f3gicamente sesgada de la realidad o parten de una militancia que reniega la inviolabilidad de la vida humana.<\/li>\n<li>Motivar al alumnado de la maestr\u00eda a proseguir una especializaci\u00f3n en ciencias sociales ilusion\u00e1ndose con la investigaci\u00f3n en el \u00e1rea<\/li>\n<li>Descubrir futuros referentes de excelencia para la difusi\u00f3n de un mensaje humanista desde, con y a trav\u00e9s de la Sociolog\u00eda.<\/div><div class=\"nav fusion-mobile-tab-nav\"><ul class=\"nav-tabs\" role=\"tablist\"><li role=\"presentation\"><a class=\"tab-link\" data-toggle=\"tab\" role=\"tab\" aria-controls=\"tab-43950d3cbc72a581122\" aria-selected=\"false\" tabindex=\"-1\" id=\"mobile-fusion-tab-contenidos\" href=\"#tab-43950d3cbc72a581122\"><h4 class=\"fusion-tab-heading\"><i class=\"fontawesome-icon fa fa-list-alt\" aria-hidden=\"true\" style=\"font-size:13px;\"><\/i>Contenidos<\/h4><\/a><\/li><\/ul><\/div><div class=\"tab-pane fade fusion-clearfix\" role=\"tabpanel\" tabindex=\"0\" aria-labelledby=\"fusion-tab-contenidos\" id=\"tab-43950d3cbc72a581122\"><\/li>\n<\/ol>\n<h2 style=\"text-align: justify;\"><span style=\"color: #006633;\"><strong>PROGRAMA<\/strong><\/span><\/h2>\n<p style=\"text-align: justify;\">El programa del curso dividido por semestres es como sigue:<\/p>\n<h3 style=\"text-align: justify;\"><span style=\"color: #339966;\">Semestre 1\u00a0<\/span><\/h3>\n<p style=\"padding-left: 30px; text-align: justify;\"><strong>1.Sociolog\u00eda general: Enero y Febrero<\/strong><\/p>\n<p style=\"padding-left: 30px; text-align: justify;\"><strong>2.Teor\u00eda sociol\u00f3gica: Marzo y Abril<\/strong><\/p>\n<p style=\"padding-left: 30px; text-align: justify;\"><strong>3.Estructura social: Mayo y Junio<\/strong><\/p>\n<h3 style=\"text-align: justify;\"><span style=\"color: #339966;\">Semestre 2<\/span><\/h3>\n<p style=\"padding-left: 30px; text-align: justify;\"><strong>4. M\u00e9todos y T\u00e9cnicas: Agosto y Septiembre<\/strong><\/p>\n<p style=\"padding-left: 30px; text-align: justify;\"><strong>5. Sociolog\u00eda de la Religi\u00f3n: Octubre y Noviembre<\/strong><\/p>\n<h3 style=\"text-align: justify;\"><span style=\"color: #339966;\">Semestre 3<br \/>\n<\/span><\/h3>\n<p style=\"padding-left: 30px; text-align: justify;\"><strong>6.Sociolog\u00eda de la Familia: Enero y Febrero<\/strong><\/p>\n<p style=\"padding-left: 30px; text-align: justify;\"><strong>7.Sociolog\u00eda econ\u00f3mica, del trabajo y las organizaciones: Marzo y Abril<\/strong><\/p>\n<p style=\"padding-left: 30px; text-align: justify;\"><strong>8.La sociedad red: comunicaci\u00f3n y tecnolog\u00eda al servicio humano: Mayo y Junio<\/strong><\/p>\n<h3 style=\"text-align: justify;\"><span style=\"color: #339966;\">Semestre 4<\/span><\/h3>\n<p style=\"text-align: justify;\"><strong>9. Tesina Agosto-Noviembre<\/strong><\/div><div class=\"nav fusion-mobile-tab-nav\"><ul class=\"nav-tabs\" role=\"tablist\"><li role=\"presentation\"><a class=\"tab-link\" data-toggle=\"tab\" role=\"tab\" aria-controls=\"tab-331ad7b20ee8a550140\" aria-selected=\"false\" tabindex=\"-1\" id=\"mobile-fusion-tab-metodolog\u00eda\" href=\"#tab-331ad7b20ee8a550140\"><h4 class=\"fusion-tab-heading\"><i class=\"fontawesome-icon fa fa-comment\" aria-hidden=\"true\" style=\"font-size:13px;\"><\/i>Metodolog\u00eda<\/h4><\/a><\/li><\/ul><\/div><div class=\"tab-pane fade fusion-clearfix\" role=\"tabpanel\" tabindex=\"0\" aria-labelledby=\"fusion-tab-metodolog\u00eda\" id=\"tab-331ad7b20ee8a550140\">\n<p style=\"text-align: justify;\">El curso consta de 8 asignaturas m\u00e1s tesina con una duraci\u00f3n total de dos a\u00f1os. Cada asignatura contiene entre 8 y 10 unidades. Y cada unidad suma:<\/p>\n<ol style=\"text-align: justify;\">\n<li>Un video explicativo del profesor de unos 10 minutos.<\/li>\n<li>Un\/os textos que son la materia o contenido de la unidad: pueden ser propios o de otros. Es lo que el alumno tiene que saber.<\/li>\n<li>Unos ejercicios o trabajo pr\u00e1ctico que se encarga al alumno sobre la unidad: una\/s lecturas; un\/os videos; o un\/os enlaces externos disponibles en internet<\/li>\n<li>Un control en forma de preguntas a contestar o reflexi\u00f3n a realizar al gusto del profesor.<\/li>\n<\/ol>\n<p style=\"text-align: justify;\">Los controles de lectura y aprovechamiento de cada unidad suponen el 60% de la nota final de cada semestre. El otro 40% reflejar\u00e1 la val\u00eda de la tesina.<\/p>\n<p style=\"text-align: justify;\">Requisitos y procedimientos para la aprobaci\u00f3n y defensa de la tesis (semestre 4):<\/p>\n<p style=\"text-align: justify;\">La tesis es una investigaci\u00f3n sobre un tema de Sociolog\u00eda, conducida bajo la tutor\u00eda de un\/a Profesor\/a Gu\u00eda. Los resultados de esta investigaci\u00f3n se recogen en un documento escrito de alrededor de 60-80 p\u00e1ginas (papel tama\u00f1o A4 carta, letra tama\u00f1o 12, interlineado 1,5). Para el desarrollo del proyecto de tesis se debe seguir el siguiente procedimiento:<\/p>\n<p style=\"padding-left: 30px; text-align: justify;\">&#8211; Propuesta de tema y Profesor Gu\u00eda: el alumnado debe proponer a la direcci\u00f3n del programa un tema de su inter\u00e9s, as\u00ed como el nombre de un posible Profesor Gu\u00eda si lo desea. Se puede elegir un profesor\/a de cualquier pa\u00eds o Universidad, con tal de que cuente con un doctorado en cualquier carrera af\u00edn al tema elegido. Desde la Direcci\u00f3n de la Maestr\u00eda se aprobar\u00e1n el tema y el Profesor Gu\u00eda de cada alumno.<\/p>\n<p style=\"padding-left: 30px; text-align: justify;\">&#8211; Elaboraci\u00f3n del Proyecto de Tesis: con la aprobaci\u00f3n preliminar del Director de Mag\u00edster y bajo la supervisi\u00f3n de su Profesor Gu\u00eda, el alumno debe elaborar un Proyecto de Tesis. Lo presentar\u00e1 a finales del segundo semestre, en el que deber\u00e1 definir el tema de la tesis, con la o las preguntas iniciales que se plantean, el objetivo general y los objetivos espec\u00edficos, de acuerdo a la pauta estipulada.<\/p>\n<p style=\"text-align: justify;\">Ap\u00e9ndice: Pauta de presentaci\u00f3n del proyecto de tesis<\/p>\n<ol style=\"text-align: justify;\">\n<li>T\u00edtulo provisorio de la tesis.<\/li>\n<li>Formulaci\u00f3n de la pregunta e hip\u00f3tesis de trabajo. Objetivo general y objetivos espec\u00edficos.<\/li>\n<li>Inter\u00e9s y actualidad del tema, fundamentado en una revisi\u00f3n bibliogr\u00e1fica.<\/li>\n<li>Enfoque y metodolog\u00eda.<\/li>\n<li>Tabla provisoria de los contenidos a tratar.<\/li>\n<li>Descripci\u00f3n del proyecto y su planificaci\u00f3n temporal.<\/li>\n<li>Dificultades previsibles en el desarrollo del proyecto y estrategias para superarlas.<\/li>\n<li>Posibles objeciones a su hip\u00f3tesis y respuestas provisorias a esas objeciones.<\/li>\n<li>Conclusiones que puede adelantar.<\/li>\n<li>Bibliograf\u00eda propuesta.<\/li>\n<\/ol>\n<p style=\"text-align: justify;\">&#8211; Presentaci\u00f3n formal del Proyecto de Tesis: una vez que la\/el Profesor\/a Gu\u00eda (PG) haya aprobado la formulaci\u00f3n escrita del Proyecto de Tesis la\/el alumna\/o debe enviar su Proyecto al Director de la Maestr\u00eda antes de comenzar el semestre 3.<\/p>\n<p style=\"text-align: justify;\">&#8211; Aprobaci\u00f3n del Proyecto de Tesis: ser\u00e1 realizada antes de comenzar el semestre 4 por el Comit\u00e9 de profesores de la Maestr\u00eda, que deber\u00e1 velar porque el proyecto cumpla con los requisitos exigidos para una tesis de Master.<\/p>\n<p style=\"text-align: justify;\">&#8211; Desarrollo de la investigaci\u00f3n: luego de obtener la aprobaci\u00f3n formal por parte del Comit\u00e9 de la Maestr\u00eda, la\/el alumna\/o desarrolla su investigaci\u00f3n bajo la supervisi\u00f3n peri\u00f3dica de su PG, debiendo presentar a finales del mes de marzo, un avance de la tesis con la redacci\u00f3n al menos de: los objetivos, el marco te\u00f3rico y la metodolog\u00eda utilizada. Ser\u00e1 evaluada por el comit\u00e9 de maestr\u00eda con calificaci\u00f3n de 1 a 7.<\/p>\n<p style=\"text-align: justify;\">&#8211; En julio deber\u00e1n definir el tema de la tesis, con la o las preguntas iniciales que se plantean, el objetivo general y los objetivos espec\u00edficos. Deber\u00e1 ser aprobado por la Direcci\u00f3n de la Maestr\u00eda.<\/p>\n<p style=\"text-align: justify;\">&#8211; En el mes de septiembre, deber\u00e1n presentar ya un avance de la tesis con el marco te\u00f3rico redactado.<\/p>\n<p style=\"text-align: justify;\">&#8211; En el mes de noviembre deber\u00e1n presentar ya la tesis finalizada, con introducci\u00f3n, marco te\u00f3rico, objetivos, metodolog\u00eda, la aplicaci\u00f3n de la metodolog\u00eda correspondiente, an\u00e1lisis de los resultados, conclusiones y bibliograf\u00eda.<\/p>\n<p style=\"text-align: justify;\">&#8211; Adem\u00e1s de la opini\u00f3n y calificaci\u00f3n del\/a PG, se contar\u00e1 con la evaluaci\u00f3n del Director y al menos otro\/a profesor\/a m\u00e1s de la Maestr\u00eda.<\/p>\n<p style=\"text-align: justify;\"><\/div><div class=\"nav fusion-mobile-tab-nav\"><ul class=\"nav-tabs\" role=\"tablist\"><li role=\"presentation\"><a class=\"tab-link\" data-toggle=\"tab\" role=\"tab\" aria-controls=\"tab-0f9de325da0c1250a97\" aria-selected=\"false\" tabindex=\"-1\" id=\"mobile-fusion-tab-inscripci\u00f3n\" href=\"#tab-0f9de325da0c1250a97\"><h4 class=\"fusion-tab-heading\"><i class=\"fontawesome-icon fa fa-user\" aria-hidden=\"true\" style=\"font-size:13px;\"><\/i>Inscripci\u00f3n<\/h4><\/a><\/li><\/ul><\/div><div class=\"tab-pane fade fusion-clearfix\" role=\"tabpanel\" tabindex=\"0\" aria-labelledby=\"fusion-tab-inscripci\u00f3n\" id=\"tab-0f9de325da0c1250a97\">\n<p style=\"text-align: justify;\">La matr\u00edcula se efect\u00faa rellenando los 3 siguientes formularios:<\/p>\n<h4 style=\"text-align: justify;\"><strong><span style=\"color: #006633;\"><a style=\"color: #006633;\" href=\"http:\/\/ivsa.es\/ulia\/ficha-de-inscripcion-maestria-en-sociologia\/\" target=\"_blank\" rel=\"noopener noreferrer\">1.- La ficha de inscripci\u00f3n<\/a><\/span><\/strong><br \/>\n<strong><span style=\"color: #006633;\"><a style=\"color: #006633;\" href=\"http:\/\/ivsa.es\/ulia\/carta-de-motivos-maestria-en-sociologia\/\" target=\"_blank\" rel=\"noopener noreferrer\">2.- Carta de motivos<\/a><\/span><\/strong><br \/>\n<strong><span style=\"color: #006633;\"><a style=\"color: #006633;\" href=\"http:\/\/ivsa.es\/ulia\/hoja-de-vida-maestria-en-sociologia\/\" target=\"_blank\" rel=\"noopener noreferrer\">3.- Hoja de vida<\/a><\/span><\/strong><\/h4>\n<p style=\"text-align: justify;\">Una vez se le comunique al candidato que ha sido aceptado, deber\u00e1 abonar por el sistema que se le indique seg\u00fan su pa\u00eds de origen, el importe del coste de gesti\u00f3n del programa m\u00e1s la docencia externa. Este importe y en su caso el gasto del desplazamiento a los dos claustros de ULIA son los \u00fanicos gastos que ha de aportar el alumno.<div class=\"accordian fusion-accordian\" style=\"--awb-border-size:1px;--awb-icon-size:13px;--awb-content-font-size:13px;--awb-icon-alignment:left;--awb-hover-color:#f9f9f9;--awb-border-color:#cccccc;--awb-background-color:#ffffff;--awb-divider-color:#e0dede;--awb-divider-hover-color:#e0dede;--awb-icon-color:#ffffff;--awb-title-color:#333333;--awb-content-color:#000000;--awb-icon-box-color:#333333;--awb-toggle-hover-accent-color:#65bc7b;--awb-title-font-family:&#039;Trebuchet MS&#039;, Helvetica, sans-serif;--awb-title-font-weight:400;--awb-title-font-style:normal;--awb-title-font-size:13px;--awb-content-font-family:&#039;Trebuchet MS&#039;, Helvetica, sans-serif;--awb-content-font-style:normal;--awb-content-font-weight:400;\"><div class=\"panel-group fusion-toggle-icon-boxed\" id=\"accordion-333-1\"><div class=\"fusion-panel panel-default panel-c8bab312c94b41f92 fusion-toggle-has-divider\"><div class=\"panel-heading\"><h4 class=\"panel-title toggle\" id=\"toggle_c8bab312c94b41f92\"><a aria-expanded=\"false\" aria-controls=\"c8bab312c94b41f92\" role=\"button\" data-toggle=\"collapse\" data-parent=\"#accordion-333-1\" data-target=\"#c8bab312c94b41f92\" href=\"#c8bab312c94b41f92\"><span class=\"fusion-toggle-icon-wrapper\" aria-hidden=\"true\"><i class=\"fa-fusion-box active-icon awb-icon-minus\" aria-hidden=\"true\"><\/i><i class=\"fa-fusion-box inactive-icon awb-icon-plus\" aria-hidden=\"true\"><\/i><\/span><span class=\"fusion-toggle-heading\">Pago de la Donaci\u00f3n (solo para solicitudes aceptadas)<\/span><\/a><\/h4><\/div><div id=\"c8bab312c94b41f92\" class=\"panel-collapse collapse \" aria-labelledby=\"toggle_c8bab312c94b41f92\"><div class=\"panel-body toggle-content fusion-clearfix\">\n<div>\n<p align=\"justify\">La\u00a0secretar\u00eda del MSOC y una vez que se le comunique al nuevo alumno que\u00a0su\u00a0matr\u00edcula ha sido aceptada,\u00a0acordar\u00e1 con el\u00a0solicitante los pasos a seguir para efectivizar el pago de matr\u00edcula\u00a0correspondiente (1000 euros o su equivalencia en D\u00f3lares). Bien mediante transferencia bancaria a la cuenta del curso, bien mediante Paypal.<\/div><\/div><\/div><\/div><\/div>\n<\/div>\n<p style=\"text-align: justify;\">El coste de gesti\u00f3n de ULIA para cada programa es de 250 euros o su equivalente en d\u00f3lares (gastos de infraestructura del curso: manejo, dise\u00f1o y gesti\u00f3n profesional de la cobertura inform\u00e1tica del curso por parte de la secretar\u00eda del mismo para los dos a\u00f1os de duraci\u00f3n del programa). En ning\u00fan caso se desvirt\u00faa con esto el compromiso de servir a merced adquirido por ULIA y cada uno de sus profesores. A ello hay que a\u00f1adir el coste de la docencia externa (IVSA no tiene compromiso de gratuidad) que seg\u00fan el acuerdo estipulado con ULIA es de 750 euros. El monto total es pues de 1.000 euros.<\/p>\n<p style=\"text-align: justify;\"><\/div><\/div><\/div><div class=\"fusion-clearfix\"><\/div><\/div><\/div><\/div><\/div><div class=\"fusion-fullwidth fullwidth-box fusion-builder-row-2 hundred-percent-fullwidth non-hundred-percent-height-scrolling\" style=\"--awb-border-radius-top-left:0px;--awb-border-radius-top-right:0px;--awb-border-radius-bottom-right:0px;--awb-border-radius-bottom-left:0px;--awb-overflow:visible;--awb-flex-wrap:wrap;\" ><div class=\"fusion-builder-row fusion-row\"><div class=\"fusion-layout-column fusion_builder_column fusion-builder-column-1 fusion_builder_column_1_1 1_1 fusion-one-full fusion-column-first fusion-column-last fusion-column-no-min-height\" style=\"--awb-bg-size:cover;--awb-margin-bottom:0px;\"><div class=\"fusion-column-wrapper fusion-flex-column-wrapper-legacy\"><div class=\"fusion-text fusion-text-1\"><p style=\"text-align: justify;\">\n<\/div>\n<div class=\"fusion-clearfix\"><\/div><\/div><\/div><\/div><\/div><\/p>\n","protected":false},"excerpt":{"rendered":"","protected":false},"author":1,"featured_media":0,"parent":0,"menu_order":0,"comment_status":"closed","ping_status":"closed","template":"","meta":{"footnotes":""},"class_list":["post-333","page","type-page","status-publish","hentry"],"_links":{"self":[{"href":"https:\/\/ivsa.es\/ulia\/wp-json\/wp\/v2\/pages\/333","targetHints":{"allow":["GET"]}}],"collection":[{"href":"https:\/\/ivsa.es\/ulia\/wp-json\/wp\/v2\/pages"}],"about":[{"href":"https:\/\/ivsa.es\/ulia\/wp-json\/wp\/v2\/types\/page"}],"author":[{"embeddable":true,"href":"https:\/\/ivsa.es\/ulia\/wp-json\/wp\/v2\/users\/1"}],"replies":[{"embeddable":true,"href":"https:\/\/ivsa.es\/ulia\/wp-json\/wp\/v2\/comments?post=333"}],"version-history":[{"count":19,"href":"https:\/\/ivsa.es\/ulia\/wp-json\/wp\/v2\/pages\/333\/revisions"}],"predecessor-version":[{"id":2868,"href":"https:\/\/ivsa.es\/ulia\/wp-json\/wp\/v2\/pages\/333\/revisions\/2868"}],"wp:attachment":[{"href":"https:\/\/ivsa.es\/ulia\/wp-json\/wp\/v2\/media?parent=333"}],"curies":[{"name":"wp","href":"https:\/\/api.w.org\/{rel}","templated":true}]}}