{"id":357,"date":"2016-01-18T00:22:12","date_gmt":"2016-01-18T00:22:12","guid":{"rendered":"http:\/\/ivsa.es\/ulia\/?page_id=357"},"modified":"2024-05-09T11:05:04","modified_gmt":"2024-05-09T11:05:04","slug":"maestria-en-comunicacion-educativa","status":"publish","type":"page","link":"https:\/\/ivsa.es\/ulia\/maestria-en-comunicacion-educativa\/","title":{"rendered":"Maestr\u00eda en Comunicaci\u00f3n Educativa"},"content":{"rendered":"<p><div class=\"fusion-fullwidth fullwidth-box fusion-builder-row-1 hundred-percent-fullwidth non-hundred-percent-height-scrolling\" style=\"--awb-border-radius-top-left:0px;--awb-border-radius-top-right:0px;--awb-border-radius-bottom-right:0px;--awb-border-radius-bottom-left:0px;--awb-overflow:visible;--awb-flex-wrap:wrap;\" ><div class=\"fusion-builder-row fusion-row\"><div class=\"fusion-layout-column fusion_builder_column fusion-builder-column-0 fusion_builder_column_1_1 1_1 fusion-one-full fusion-column-first fusion-column-last fusion-column-no-min-height\" style=\"--awb-bg-size:cover;--awb-margin-bottom:0px;\"><div class=\"fusion-column-wrapper fusion-flex-column-wrapper-legacy\"><div class=\"fusion-text fusion-text-1\"><p style=\"text-align: justify;\">\n<\/div><div class=\"fusion-clearfix\"><\/div><\/div><\/div><\/div><\/div><div class=\"fusion-fullwidth fullwidth-box fusion-builder-row-2 nonhundred-percent-fullwidth non-hundred-percent-height-scrolling\" style=\"--awb-background-position:left top;--awb-border-radius-top-left:0px;--awb-border-radius-top-right:0px;--awb-border-radius-bottom-right:0px;--awb-border-radius-bottom-left:0px;--awb-padding-top:20px;--awb-padding-bottom:20px;--awb-border-sizes-top:0px;--awb-border-sizes-bottom:0px;--awb-flex-wrap:wrap;\" ><div class=\"fusion-builder-row fusion-row\"><div class=\"fusion-layout-column fusion_builder_column fusion-builder-column-1 fusion_builder_column_1_1 1_1 fusion-one-full fusion-column-first fusion-column-last fusion-column-no-min-height\" style=\"--awb-bg-size:cover;--awb-margin-bottom:0px;\"><div class=\"fusion-column-wrapper fusion-flex-column-wrapper-legacy\"><div class=\"fusion-tabs fusion-tabs-1 classic vertical-tabs icon-position-left mobile-mode-accordion\" style=\"--awb-title-border-radius-top-left:0px;--awb-title-border-radius-top-right:0px;--awb-title-border-radius-bottom-right:0px;--awb-title-border-radius-bottom-left:0px;--awb-inactive-color:#f1f2f2;--awb-background-color:#ffffff;--awb-border-color:#ebeaea;--awb-active-border-color:#006634;\"><div class=\"nav\"><ul class=\"nav-tabs\" role=\"tablist\"><li class=\"active\" role=\"presentation\"><a class=\"tab-link\" data-toggle=\"tab\" role=\"tab\" aria-controls=\"tab-e32647604828be48bb9\" aria-selected=\"true\" id=\"fusion-tab-caracter\u00edsticas\" href=\"#tab-e32647604828be48bb9\"><h4 class=\"fusion-tab-heading\"><i class=\"fontawesome-icon fa fa-list-ul\" aria-hidden=\"true\" style=\"font-size:13px;\"><\/i>Caracter\u00edsticas<\/h4><\/a><\/li><li role=\"presentation\"><a class=\"tab-link\" data-toggle=\"tab\" role=\"tab\" aria-controls=\"tab-7baade61daf4e5eb048\" aria-selected=\"false\" tabindex=\"-1\" id=\"fusion-tab-objetivos\" href=\"#tab-7baade61daf4e5eb048\"><h4 class=\"fusion-tab-heading\"><i class=\"fontawesome-icon fa fa-check-square-o\" aria-hidden=\"true\" style=\"font-size:13px;\"><\/i>Objetivos<\/h4><\/a><\/li><li role=\"presentation\"><a class=\"tab-link\" data-toggle=\"tab\" role=\"tab\" aria-controls=\"tab-b8c5a8cbbb09ab9f334\" aria-selected=\"false\" tabindex=\"-1\" id=\"fusion-tab-contenidos\" href=\"#tab-b8c5a8cbbb09ab9f334\"><h4 class=\"fusion-tab-heading\"><i class=\"fontawesome-icon fa fa-list-alt\" aria-hidden=\"true\" style=\"font-size:13px;\"><\/i>Contenidos<\/h4><\/a><\/li><li role=\"presentation\"><a class=\"tab-link\" data-toggle=\"tab\" role=\"tab\" aria-controls=\"tab-490e4f6d2cce691574c\" aria-selected=\"false\" tabindex=\"-1\" id=\"fusion-tab-metodolog\u00eda\" href=\"#tab-490e4f6d2cce691574c\"><h4 class=\"fusion-tab-heading\"><i class=\"fontawesome-icon fa fa-comment\" aria-hidden=\"true\" style=\"font-size:13px;\"><\/i>Metodolog\u00eda<\/h4><\/a><\/li><li role=\"presentation\"><a class=\"tab-link\" data-toggle=\"tab\" role=\"tab\" aria-controls=\"tab-cde960b72927d95b285\" aria-selected=\"false\" tabindex=\"-1\" id=\"fusion-tab-inscripci\u00f3n\" href=\"#tab-cde960b72927d95b285\"><h4 class=\"fusion-tab-heading\"><i class=\"fontawesome-icon fa fa-user\" aria-hidden=\"true\" style=\"font-size:13px;\"><\/i>Inscripci\u00f3n<\/h4><\/a><\/li><\/ul><\/div><div class=\"tab-content\"><div class=\"nav fusion-mobile-tab-nav\"><ul class=\"nav-tabs\" role=\"tablist\"><li class=\"active\" role=\"presentation\"><a class=\"tab-link\" data-toggle=\"tab\" role=\"tab\" aria-controls=\"tab-e32647604828be48bb9\" aria-selected=\"true\" id=\"mobile-fusion-tab-caracter\u00edsticas\" href=\"#tab-e32647604828be48bb9\"><h4 class=\"fusion-tab-heading\"><i class=\"fontawesome-icon fa fa-list-ul\" aria-hidden=\"true\" style=\"font-size:13px;\"><\/i>Caracter\u00edsticas<\/h4><\/a><\/li><\/ul><\/div><div class=\"tab-pane fade fusion-clearfix in active\" role=\"tabpanel\" tabindex=\"0\" aria-labelledby=\"fusion-tab-caracter\u00edsticas\" id=\"tab-e32647604828be48bb9\">\n<p style=\"text-align: justify;\">Nuevo master\/maestr\u00eda centrado en la educaci\u00f3n informal e ideado para dar soporte a;<\/p>\n<ol style=\"text-align: justify;\">\n<li>padres y familias que han optado por educar a sus hijos en casa durante la etapa de los estudios primarios y secundarios; y<\/li>\n<li>profesores y educadores en general que desean responsabilizarse de la educaci\u00f3n integral que reciben sus hijos o alumnos tanto en casa como en la escuela.<\/li>\n<\/ol>\n<p style=\"text-align: justify;\">Los estudios comienzan el 1 de Enero, para un periodo de dos a\u00f1os, y la matr\u00edcula estar\u00e1 abierta hasta completar cupo y en todo caso antes del 8 de diciembre del a\u00f1o en curso. De acuerdo con nuestro modo de operar: A) solo se ofertan 20 plazas no estando previsto en ning\u00fan caso pasar de \u00e9se n\u00famero en el futuro, y B) toda la maestr\u00eda es en l\u00ednea, a distancia.<\/p>\n<p style=\"text-align: justify;\">La direcci\u00f3n \u00fanica del curso es: <a href=\"mailto:comedu@ulia.org\"><strong><span style=\"color: #006633;\">comedu@ulia.org<\/span><\/strong><\/a><\/div><div class=\"nav fusion-mobile-tab-nav\"><ul class=\"nav-tabs\" role=\"tablist\"><li role=\"presentation\"><a class=\"tab-link\" data-toggle=\"tab\" role=\"tab\" aria-controls=\"tab-7baade61daf4e5eb048\" aria-selected=\"false\" tabindex=\"-1\" id=\"mobile-fusion-tab-objetivos\" href=\"#tab-7baade61daf4e5eb048\"><h4 class=\"fusion-tab-heading\"><i class=\"fontawesome-icon fa fa-check-square-o\" aria-hidden=\"true\" style=\"font-size:13px;\"><\/i>Objetivos<\/h4><\/a><\/li><\/ul><\/div><div class=\"tab-pane fade fusion-clearfix\" role=\"tabpanel\" tabindex=\"0\" aria-labelledby=\"fusion-tab-objetivos\" id=\"tab-7baade61daf4e5eb048\">\nCapacitar con nivel acad\u00e9mico a estudiantes que desean complementariamente:<\/p>\n<p style=\"padding-left: 30px; text-align: justify;\">A) profundizar en los elementos b\u00e1sicos de la educaci\u00f3n informal como la educaci\u00f3n en virtudes, los roles de ejemplaridad, o la repercusi\u00f3n de las redes sociales y las nuevas tecnolog\u00edas en la formaci\u00f3n,<\/p>\n<p style=\"padding-left: 30px; text-align: justify;\">B) implementar proyectos educativos alternativos, como la educaci\u00f3n en el hogar (homeschooling) u otros, y<\/p>\n<p style=\"padding-left: 30px; text-align: justify;\">C) enriquecer los contenidos transmitidos en la educaci\u00f3n formal creando ambientes de excelencia tanto en casa como en la escuela. Todo ello de acuerdo con la filosof\u00eda ULIA sustentada en el compromiso de gratuidad y la defensa de la dignidad de cada vida humana.<\/p>\n<p style=\"text-align: justify;\">Desgraciadamente observamos, hoy en d\u00eda, que tanto la comunicaci\u00f3n como la educaci\u00f3n pasan a convertirse en tantos pa\u00edses en un medio buscado de instrucci\u00f3n y destrezas m\u00e1s que de formaci\u00f3n y realizaci\u00f3n. En vez de liberar, muchas veces sujetan a un p\u00fablico cautivo. A veces estas instancias privan a lo que consideran su cantera, de los elementos cr\u00edticos y liberadores necesarios para acompa\u00f1ar un crecimiento personal.<\/p>\n<p style=\"text-align: justify;\">Pensamos que el mayor bagaje que puede aportar una tarea educativa es la formaci\u00f3n integral de la persona, y que el mejor seguro de que disponemos para comunicar sabidur\u00eda, esparcir conocimiento, y propiciar un crecimiento en libertad es que ello cuente y se haga por medio de \u00abagentes amorosos\u00bb, y no de \u00abagentes poderosos\u00bb. De ah\u00ed que apostemos decididamente porque la capacidad de decisi\u00f3n en la educaci\u00f3n de ni\u00f1os, j\u00f3venes y adolescentes est\u00e9 en sus familias y porque la administraci\u00f3n p\u00fablica vele \u00fanica, exclusiva y subsidiariamente en esta materia por el respeto de los derechos humanos.<\/p>\n<p style=\"text-align: justify;\">El fundamento y raz\u00f3n de ser del programa es, pues, capacitar a esos agentes amorosos para que puedan formar a sus hijos y alumnos especialmente en tres espacios:<br \/>\n&#8211; En el hogar como alternativa a la escuela.<br \/>\n&#8211; En las escuelas como complemento al hogar, bien como docentes vicarios de la familia o bien, en otro sentido, como familia responsable que delega esa funci\u00f3n.<br \/>\n&#8211; En el uso pasivo y activo de los medios comunicaci\u00f3n.<\/p>\n<p style=\"text-align: justify;\">Aspiramos a que nuestros alumnos valoren la educaci\u00f3n m\u00e1s all\u00e1 de la mera ense\u00f1anza. Pretendemos que los padres y los profesores que les ayuden eduquen, formen, fomenten los talentos naturales de los hijos, y pongan a su disposici\u00f3n los medios e instrumentos id\u00f3neos para fomentar el crecimiento personal y social.<\/p>\n<p style=\"text-align: justify;\"><strong>Requisitos de ingreso:<\/strong> Una titulaci\u00f3n oficial universitaria de grado o licenciatura. Evaluaci\u00f3n satisfactoria de la solicitud sobre: idoneidad, madurez, motivaci\u00f3n y compromiso.<\/p>\n<p align=\"JUSTIFY\">La direcci\u00f3n \u00fanica del curso es: <a href=\"mailto:comedu@ulia.org\"><strong><span style=\"color: #006633;\">comedu@ulia.org<\/span><\/strong><\/a><\/p>\n<p style=\"text-align: justify;\" align=\"JUSTIFY\"><\/div><div class=\"nav fusion-mobile-tab-nav\"><ul class=\"nav-tabs\" role=\"tablist\"><li role=\"presentation\"><a class=\"tab-link\" data-toggle=\"tab\" role=\"tab\" aria-controls=\"tab-b8c5a8cbbb09ab9f334\" aria-selected=\"false\" tabindex=\"-1\" id=\"mobile-fusion-tab-contenidos\" href=\"#tab-b8c5a8cbbb09ab9f334\"><h4 class=\"fusion-tab-heading\"><i class=\"fontawesome-icon fa fa-list-alt\" aria-hidden=\"true\" style=\"font-size:13px;\"><\/i>Contenidos<\/h4><\/a><\/li><\/ul><\/div><div class=\"tab-pane fade fusion-clearfix\" role=\"tabpanel\" tabindex=\"0\" aria-labelledby=\"fusion-tab-contenidos\" id=\"tab-b8c5a8cbbb09ab9f334\">\n<h2 style=\"text-align: justify;\"><span style=\"color: #006633;\">PLAN DE ESTUDIOS<\/span><\/h2>\n<p style=\"text-align: justify;\">Carga: 120 cr\u00e9ditos (entre 1800 y 3300 horas)<\/p>\n<p style=\"text-align: justify;\">Modalidad: A distancia\/En l\u00ednea\/On line<\/p>\n<p style=\"text-align: justify;\">Duraci\u00f3n: 2 a\u00f1os: 4 semestres<\/p>\n<p style=\"text-align: justify;\">8 asignaturas de 10 cr\u00e9ditos cada una agrupadas en 3 semestres m\u00e1s tesina de 30 cr\u00e9ditos en el 4\u00ba semestre<\/p>\n<p style=\"text-align: justify;\">3 asignaturas por semestre. Cada asignatura tiene una duraci\u00f3n bimensual y consta de 8 unidades de periodicidad semanal.<\/p>\n<h3 style=\"text-align: justify;\"><span style=\"color: #006633;\">Relaci\u00f3n de las 8 asignaturas:<\/span><\/h3>\n<ol>\n<li>El mensaje educativo: valores y virtudes. Prof. Evaristo Ayuso<\/li>\n<li>Nuevas tecnolog\u00edas, desarrollo personal y valores comunitarios. Prof. Fernando S\u00e1nchez.<\/li>\n<li>Din\u00e1micas de comportamiento en redes sociales. Prof. Salvador Peiro<\/li>\n<li>Comunicar la vida: principios de Bio\u00e9tica. Prof. Ana Mar\u00eda Costa<\/li>\n<li>Desarrollo de habilidades educativas. Prof. Margarita del Pilar Cabrer Esteban.<\/li>\n<li>La educaci\u00f3n en casa: historia y desarrollo. Prof. Mara Van Thienen.<\/li>\n<li>Econom\u00eda y Familia. Prof.\u00a0 Laura Cremades Granja.<\/li>\n<li>La convivencia escolar. Prof. Salvador Peiro.<\/li>\n<\/ol>\n<p style=\"text-align: justify;\">Directores: Ignacio Gil Pechu\u00e1n y Jos\u00e9 P\u00e9rez Ad\u00e1n, ambos catedr\u00e1ticos acreditados en la Universidad Polit\u00e9cnica de Valencia y Universidad de Valencia respectivamente. Coordinadores: Salvador Peir\u00f3 (Espa\u00f1a) y Mar\u00eda Ofelia Cirone (Argentina)<\/p>\n<p style=\"text-align: justify;\"><\/div><div class=\"nav fusion-mobile-tab-nav\"><ul class=\"nav-tabs\" role=\"tablist\"><li role=\"presentation\"><a class=\"tab-link\" data-toggle=\"tab\" role=\"tab\" aria-controls=\"tab-490e4f6d2cce691574c\" aria-selected=\"false\" tabindex=\"-1\" id=\"mobile-fusion-tab-metodolog\u00eda\" href=\"#tab-490e4f6d2cce691574c\"><h4 class=\"fusion-tab-heading\"><i class=\"fontawesome-icon fa fa-comment\" aria-hidden=\"true\" style=\"font-size:13px;\"><\/i>Metodolog\u00eda<\/h4><\/a><\/li><\/ul><\/div><div class=\"tab-pane fade fusion-clearfix\" role=\"tabpanel\" tabindex=\"0\" aria-labelledby=\"fusion-tab-metodolog\u00eda\" id=\"tab-490e4f6d2cce691574c\">\n<p style=\"text-align: justify;\">La propia de ULIA, con env\u00edo de materiales y cuestionarios evaluativos a trav\u00e9s de la red y con tutor\u00eda personalizada on line. Asimismo, el alumno dispondr\u00e1 de la ayuda del equipo docente para solventar dudas o problemas, consultar los temas de estudio o trabajos de evaluaci\u00f3n requeridos.<br \/>\nLa comunicaci\u00f3n est\u00e1 centralizada en la secretar\u00eda del programa. Desde ah\u00ed se env\u00edan los materiales y cuestionarios evaluativos; se reciben las respuestas de los alumnos y se remiten las respuestas de los profesores y tutores.<br \/>\nLas actividades del curso comprenden la lectura, comprensi\u00f3n y an\u00e1lisis de los temas y documentos de cada asignatura que se enviar\u00e1n a trav\u00e9s de la red. Cada asignatura consta de 8 unidades o temas con sus correspondientes pr\u00e1cticas y controles de lectura que el alumnado habr\u00e1 de enviar antes de recibir el siguiente tema.<\/p>\n<p style=\"text-align: justify;\">Cada unidad semanal consta un\/os textos cuyo contenido debe de aprenderse, un\/os ejercicios o trabajos, y un control de lectura que debe entregarse antes de iniciar la siguiente unidad.<\/p>\n<p style=\"text-align: justify;\">El cronograma es el siguiente:<\/p>\n<p style=\"text-align: justify;\">Semestre 1 Meses 1 y 2 Asignatura 1<br \/>\nSemestre 1 Meses 3 y 4 Asignatura 2<br \/>\nSemestre 1 Meses 5 y 6 Asignatura 3<br \/>\nSemestre 2 Meses 7 y 8 Asignatura 4<br \/>\nSemestre 2 Meses 9 y 10 Asignatura 5<br \/>\nSemestre 2 Meses 11 y 12 Asignatura 6<br \/>\nSemestre 3 Meses 1 y 2 Asignatura 7<br \/>\nSemestre 3 Meses 3 y 4 Asignatura 8<br \/>\nSemestre 3 Meses 5 y 6 Asignatura extra optativa\/Seminarios complementarios<br \/>\nSemestre 4 Meses 7 a 12 Tesina<\/p>\n<p style=\"text-align: justify;\">Los egresados del grado COMEDU estar\u00e1n capacitados como padres o maestros que saben tanto, c\u00f3mo acometer la responsabilidad de educar en familia como apoyar a las familias en su cometido desde la escuela o las instancias administrativas civiles, religiosas, p\u00fablicas o privadas. Dispondr\u00e1n de una comprensi\u00f3n cabal de c\u00f3mo funciona la comunicaci\u00f3n moderna y c\u00f3mo usarla en ayuda de las tareas de formaci\u00f3n a todos los niveles.<\/p>\n<h3 style=\"text-align: justify;\"><span style=\"color: #006633;\">EVALUACI\u00d3N:<\/span><\/h3>\n<p style=\"text-align: justify;\">Cada asignatura se eval\u00faa independientemente y todas las asignaturas tienen el mismo valor.<\/p>\n<p style=\"text-align: justify;\"><\/div><div class=\"nav fusion-mobile-tab-nav\"><ul class=\"nav-tabs\" role=\"tablist\"><li role=\"presentation\"><a class=\"tab-link\" data-toggle=\"tab\" role=\"tab\" aria-controls=\"tab-cde960b72927d95b285\" aria-selected=\"false\" tabindex=\"-1\" id=\"mobile-fusion-tab-inscripci\u00f3n\" href=\"#tab-cde960b72927d95b285\"><h4 class=\"fusion-tab-heading\"><i class=\"fontawesome-icon fa fa-user\" aria-hidden=\"true\" style=\"font-size:13px;\"><\/i>Inscripci\u00f3n<\/h4><\/a><\/li><\/ul><\/div><div class=\"tab-pane fade fusion-clearfix\" role=\"tabpanel\" tabindex=\"0\" aria-labelledby=\"fusion-tab-inscripci\u00f3n\" id=\"tab-cde960b72927d95b285\">\n<p style=\"text-align: justify;\">La matr\u00edcula se efect\u00faa rellenando los 3 siguientes formularios:<\/p>\n<h4 style=\"text-align: justify;\"><strong><span style=\"color: #006633;\"><a style=\"color: #006633;\" href=\"http:\/\/ivsa.es\/ulia\/ficha-de-inscripcion-maestria-en-comunicacion-educativa\/\" target=\"_blank\" rel=\"noopener noreferrer\">1.- La ficha de inscripci\u00f3n<\/a><\/span><\/strong><br \/>\n<strong><span style=\"color: #006633;\"><a style=\"color: #006633;\" href=\"http:\/\/ivsa.es\/ulia\/carta-de-motivos-maestria-en-comunicacion-educativa\/\" target=\"_blank\" rel=\"noopener noreferrer\">2.- Carta de motivos<\/a><\/span><\/strong><br \/>\n<strong><span style=\"color: #006633;\"><a style=\"color: #006633;\" href=\"http:\/\/ivsa.es\/ulia\/hoja-de-vida-maestria-en-comunicacion-educativa\/\" target=\"_blank\" rel=\"noopener noreferrer\">3.- Hoja de vida<\/a><\/span><\/strong><\/h4>\n<p style=\"text-align: justify;\">Una vez se le comunique al candidato que ha sido aceptado, deber\u00e1 hacer la donaci\u00f3n pertinente estipulada como importe de los gastos de gesti\u00f3n del programa. Este importe y en su caso el gasto del posible desplazamiento a una de las dos siguientes claustros de ULIA son los \u00fanicos gastos que ha de aportar el alumno.<div class=\"accordian fusion-accordian\" style=\"--awb-border-size:1px;--awb-icon-size:13px;--awb-content-font-size:13px;--awb-icon-alignment:left;--awb-hover-color:#f9f9f9;--awb-border-color:#cccccc;--awb-background-color:#ffffff;--awb-divider-color:#e0dede;--awb-divider-hover-color:#e0dede;--awb-icon-color:#ffffff;--awb-title-color:#333333;--awb-content-color:#000000;--awb-icon-box-color:#333333;--awb-toggle-hover-accent-color:#65bc7b;--awb-title-font-family:&#039;Trebuchet MS&#039;, Helvetica, sans-serif;--awb-title-font-weight:400;--awb-title-font-style:normal;--awb-title-font-size:13px;--awb-content-font-family:&#039;Trebuchet MS&#039;, Helvetica, sans-serif;--awb-content-font-style:normal;--awb-content-font-weight:400;\"><div class=\"panel-group fusion-toggle-icon-boxed\" id=\"accordion-357-1\"><div class=\"fusion-panel panel-default panel-fafa0d99d1cf6e8b1 fusion-toggle-has-divider\"><div class=\"panel-heading\"><h4 class=\"panel-title toggle\" id=\"toggle_fafa0d99d1cf6e8b1\"><a aria-expanded=\"false\" aria-controls=\"fafa0d99d1cf6e8b1\" role=\"button\" data-toggle=\"collapse\" data-parent=\"#accordion-357-1\" data-target=\"#fafa0d99d1cf6e8b1\" href=\"#fafa0d99d1cf6e8b1\"><span class=\"fusion-toggle-icon-wrapper\" aria-hidden=\"true\"><i class=\"fa-fusion-box active-icon awb-icon-minus\" aria-hidden=\"true\"><\/i><i class=\"fa-fusion-box inactive-icon awb-icon-plus\" aria-hidden=\"true\"><\/i><\/span><span class=\"fusion-toggle-heading\">Pago de la Donaci\u00f3n (solo para solicitudes aceptadas)<\/span><\/a><\/h4><\/div><div id=\"fafa0d99d1cf6e8b1\" class=\"panel-collapse collapse \" aria-labelledby=\"toggle_fafa0d99d1cf6e8b1\"><div class=\"panel-body toggle-content fusion-clearfix\">\n<div style=\"text-align: justify;\">\n<p align=\"justify\">La secretar\u00eda del COMEDU y una vez que se le comunique al nuevo alumno que su matr\u00edcula ha sido aceptada, acordar\u00e1 con el solicitante los pasos a seguir para efectivizar como pago de matr\u00edcula la donaci\u00f3n requerida (250 euros o su equivalencia en D\u00f3lares). Bien mediante transferencia bancaria a la cuenta del curso, bien mediante Paypal.<\/div><\/div><\/div><\/div><\/div>\n<\/div>\n<p style=\"text-align: justify;\">Ello cubre el coste de los gastos de infraestructura de la maestr\u00eda: el manejo, dise\u00f1o y gesti\u00f3n profesional de la cobertura inform\u00e1tica del curso por parte de la secretar\u00eda del mismo y la protecci\u00f3n de seguridad y confidencialidad necesaria al efecto. En ning\u00fan caso se desvirt\u00faa con esto el compromiso de servir a merced adquirido por ULIA y cada uno de sus profesores.<\/p>\n<p style=\"text-align: justify;\">El plazo de admisiones se cierra en cuanto se complete el cupo de 20 alumnos y en cualquier caso antes del 8 de Diciembre.<\/p>\n<p style=\"text-align: justify;\"><\/div><\/div><\/div><div class=\"fusion-clearfix\"><\/div><\/div><\/div><\/div><\/div><div class=\"fusion-fullwidth fullwidth-box fusion-builder-row-3 hundred-percent-fullwidth non-hundred-percent-height-scrolling\" style=\"--awb-border-radius-top-left:0px;--awb-border-radius-top-right:0px;--awb-border-radius-bottom-right:0px;--awb-border-radius-bottom-left:0px;--awb-overflow:visible;--awb-flex-wrap:wrap;\" ><div class=\"fusion-builder-row fusion-row\"><div class=\"fusion-layout-column fusion_builder_column fusion-builder-column-2 fusion_builder_column_1_1 1_1 fusion-one-full fusion-column-first fusion-column-last fusion-column-no-min-height\" style=\"--awb-bg-size:cover;--awb-margin-bottom:0px;\"><div class=\"fusion-column-wrapper fusion-flex-column-wrapper-legacy\"><div class=\"fusion-text fusion-text-2\"><p style=\"text-align: justify;\">\n<\/div><div class=\"fusion-text fusion-text-3\"><\/div><div class=\"fusion-clearfix\"><\/div><\/div><\/div><\/div><\/div><\/p>\n","protected":false},"excerpt":{"rendered":"","protected":false},"author":1,"featured_media":0,"parent":0,"menu_order":0,"comment_status":"closed","ping_status":"closed","template":"","meta":{"footnotes":""},"class_list":["post-357","page","type-page","status-publish","hentry"],"_links":{"self":[{"href":"https:\/\/ivsa.es\/ulia\/wp-json\/wp\/v2\/pages\/357","targetHints":{"allow":["GET"]}}],"collection":[{"href":"https:\/\/ivsa.es\/ulia\/wp-json\/wp\/v2\/pages"}],"about":[{"href":"https:\/\/ivsa.es\/ulia\/wp-json\/wp\/v2\/types\/page"}],"author":[{"embeddable":true,"href":"https:\/\/ivsa.es\/ulia\/wp-json\/wp\/v2\/users\/1"}],"replies":[{"embeddable":true,"href":"https:\/\/ivsa.es\/ulia\/wp-json\/wp\/v2\/comments?post=357"}],"version-history":[{"count":24,"href":"https:\/\/ivsa.es\/ulia\/wp-json\/wp\/v2\/pages\/357\/revisions"}],"predecessor-version":[{"id":2722,"href":"https:\/\/ivsa.es\/ulia\/wp-json\/wp\/v2\/pages\/357\/revisions\/2722"}],"wp:attachment":[{"href":"https:\/\/ivsa.es\/ulia\/wp-json\/wp\/v2\/media?parent=357"}],"curies":[{"name":"wp","href":"https:\/\/api.w.org\/{rel}","templated":true}]}}