{"id":377,"date":"2016-01-18T02:49:32","date_gmt":"2016-01-18T02:49:32","guid":{"rendered":"http:\/\/ivsa.es\/ulia\/?page_id=377"},"modified":"2024-04-16T09:32:56","modified_gmt":"2024-04-16T09:32:56","slug":"diploma-en-educacion-en-virtudes-a-traves-del-cine","status":"publish","type":"page","link":"https:\/\/ivsa.es\/ulia\/diploma-en-educacion-en-virtudes-a-traves-del-cine\/","title":{"rendered":"Diploma en Educaci\u00f3n en Virtudes a trav\u00e9s del cine"},"content":{"rendered":"<p style=\"text-align: justify;\"><div class=\"fusion-fullwidth fullwidth-box fusion-builder-row-1 nonhundred-percent-fullwidth non-hundred-percent-height-scrolling\" style=\"--awb-background-position:left top;--awb-border-radius-top-left:0px;--awb-border-radius-top-right:0px;--awb-border-radius-bottom-right:0px;--awb-border-radius-bottom-left:0px;--awb-padding-top:20px;--awb-padding-bottom:20px;--awb-border-sizes-top:0px;--awb-border-sizes-bottom:0px;--awb-flex-wrap:wrap;\" ><div class=\"fusion-builder-row fusion-row\"><div class=\"fusion-layout-column fusion_builder_column fusion-builder-column-0 fusion_builder_column_1_1 1_1 fusion-one-full fusion-column-first fusion-column-last fusion-column-no-min-height\" style=\"--awb-bg-size:cover;--awb-margin-bottom:0px;\"><div class=\"fusion-column-wrapper fusion-flex-column-wrapper-legacy\"><div class=\"fusion-tabs fusion-tabs-1 classic vertical-tabs icon-position-left mobile-mode-accordion\" style=\"--awb-title-border-radius-top-left:0px;--awb-title-border-radius-top-right:0px;--awb-title-border-radius-bottom-right:0px;--awb-title-border-radius-bottom-left:0px;--awb-inactive-color:#f1f2f2;--awb-background-color:#ffffff;--awb-border-color:#ebeaea;--awb-active-border-color:#006634;\"><div class=\"nav\"><ul class=\"nav-tabs\" role=\"tablist\"><li class=\"active\" role=\"presentation\"><a class=\"tab-link\" data-toggle=\"tab\" role=\"tab\" aria-controls=\"tab-19963c8ec6e799b754a\" aria-selected=\"true\" id=\"fusion-tab-caracter\u00edsticas\" href=\"#tab-19963c8ec6e799b754a\"><h4 class=\"fusion-tab-heading\"><i class=\"fontawesome-icon fa fa-list-ul\" aria-hidden=\"true\" style=\"font-size:13px;\"><\/i>Caracter\u00edsticas<\/h4><\/a><\/li><li role=\"presentation\"><a class=\"tab-link\" data-toggle=\"tab\" role=\"tab\" aria-controls=\"tab-44b80959361af3f495e\" aria-selected=\"false\" tabindex=\"-1\" id=\"fusion-tab-objetivos\" href=\"#tab-44b80959361af3f495e\"><h4 class=\"fusion-tab-heading\"><i class=\"fontawesome-icon fa fa-check-square-o\" aria-hidden=\"true\" style=\"font-size:13px;\"><\/i>Objetivos<\/h4><\/a><\/li><li role=\"presentation\"><a class=\"tab-link\" data-toggle=\"tab\" role=\"tab\" aria-controls=\"tab-f5ca8b030140fe9695f\" aria-selected=\"false\" tabindex=\"-1\" id=\"fusion-tab-contenidos\" href=\"#tab-f5ca8b030140fe9695f\"><h4 class=\"fusion-tab-heading\"><i class=\"fontawesome-icon fa fa-list-alt\" aria-hidden=\"true\" style=\"font-size:13px;\"><\/i>Contenidos<\/h4><\/a><\/li><li role=\"presentation\"><a class=\"tab-link\" data-toggle=\"tab\" role=\"tab\" aria-controls=\"tab-ae7f1867d7be710bf49\" aria-selected=\"false\" tabindex=\"-1\" id=\"fusion-tab-metodolog\u00eda\" href=\"#tab-ae7f1867d7be710bf49\"><h4 class=\"fusion-tab-heading\"><i class=\"fontawesome-icon fa fa-comment\" aria-hidden=\"true\" style=\"font-size:13px;\"><\/i>Metodolog\u00eda<\/h4><\/a><\/li><li role=\"presentation\"><a class=\"tab-link\" data-toggle=\"tab\" role=\"tab\" aria-controls=\"tab-2872c163a16a54dca8b\" aria-selected=\"false\" tabindex=\"-1\" id=\"fusion-tab-inscripci\u00f3n\" href=\"#tab-2872c163a16a54dca8b\"><h4 class=\"fusion-tab-heading\"><i class=\"fontawesome-icon fa fa-user\" aria-hidden=\"true\" style=\"font-size:13px;\"><\/i>Inscripci\u00f3n<\/h4><\/a><\/li><\/ul><\/div><div class=\"tab-content\"><div class=\"nav fusion-mobile-tab-nav\"><ul class=\"nav-tabs\" role=\"tablist\"><li class=\"active\" role=\"presentation\"><a class=\"tab-link\" data-toggle=\"tab\" role=\"tab\" aria-controls=\"tab-19963c8ec6e799b754a\" aria-selected=\"true\" id=\"mobile-fusion-tab-caracter\u00edsticas\" href=\"#tab-19963c8ec6e799b754a\"><h4 class=\"fusion-tab-heading\"><i class=\"fontawesome-icon fa fa-list-ul\" aria-hidden=\"true\" style=\"font-size:13px;\"><\/i>Caracter\u00edsticas<\/h4><\/a><\/li><\/ul><\/div><div class=\"tab-pane fade fusion-clearfix in active\" role=\"tabpanel\" tabindex=\"0\" aria-labelledby=\"fusion-tab-caracter\u00edsticas\" id=\"tab-19963c8ec6e799b754a\">\n<p style=\"text-align: justify;\">Programa a distancia enmarcado en el ideario de <span style=\"color: #006633;\"><a style=\"color: #006633;\" href=\"http:\/\/ivsa.es\/ulia\/md\"><b>ULIA<\/b><\/a><\/span> y de la <span style=\"color: #006633;\"><a style=\"color: #006633;\" href=\"http:\/\/ivsa.es\/ulia\/ficv\"><b>Fundaci\u00f3n Interamericana Ciencia y Vida (FICV)<\/b><\/a><\/span>,que apuesta por la gratuidad en el servicio a la ciencia y la defensa de la vida humana y su dignidad.<\/p>\n<p style=\"text-align: justify;\"><span style=\"color: #006633;\"><strong>Duraci\u00f3n:<\/strong><\/span><br \/>\n1 a\u00f1o: del 1 de Enero al 31 de Diciembre.<br \/>\nCarga lectiva equivalente a 20 cr\u00e9ditos (entre 300 y 500 horas de dedicaci\u00f3n).<\/p>\n<p>Matr\u00edcula abierta hasta completar cupo y en todo caso antes del 8 de diciembre del a\u00f1o en curso.<\/p>\n<p style=\"text-align: justify;\"><span style=\"color: #006633;\"><strong>Dirigido a:<\/strong><\/span><br \/>\nProfesores y maestros de educaci\u00f3n primaria o secundaria; directivos de centros escolares; formadores con inter\u00e9s en el tema; profesores universitarios en las \u00e1reas de pedagog\u00eda y educaci\u00f3n.<br \/>\n<span style=\"color: #006633;\"><strong>Requisitos:<\/strong><\/span><br \/>\nT\u00edtulo de diplomatura o licenciatura; justificar la selecci\u00f3n para cubrir una de las 20 plazas ofertadas; abonar el coste de mantenimiento del programa.<\/p>\n<p style=\"text-align: justify;\">El curso est\u00e1 coordinado, a trav\u00e9s de la Secretar\u00eda General de ULIA, con el asesoramiento de Jos\u00e9 P\u00e9rez Ad\u00e1n, por la profesora Ana Teresa L\u00f3pez de Llergo de la Universidad Panamericana de M\u00e9xico y la profesora Ana Mar\u00eda Costa de UL\u00cdA, ambos miembros de n\u00famero de la Fundaci\u00f3n Interamericana Ciencia y Vida.<\/p>\n<p style=\"text-align: justify;\">La direcci\u00f3n de correo \u00fanica del curso es: <strong><span style=\"color: #006633;\"><a style=\"color: #006633;\" href=\"mailto:dcivi@ulia.org\">dcivi@ulia.org<\/a>\u00a0<\/span><\/strong><\/p>\n<p style=\"text-align: justify;\"><\/div><div class=\"nav fusion-mobile-tab-nav\"><ul class=\"nav-tabs\" role=\"tablist\"><li role=\"presentation\"><a class=\"tab-link\" data-toggle=\"tab\" role=\"tab\" aria-controls=\"tab-44b80959361af3f495e\" aria-selected=\"false\" tabindex=\"-1\" id=\"mobile-fusion-tab-objetivos\" href=\"#tab-44b80959361af3f495e\"><h4 class=\"fusion-tab-heading\"><i class=\"fontawesome-icon fa fa-check-square-o\" aria-hidden=\"true\" style=\"font-size:13px;\"><\/i>Objetivos<\/h4><\/a><\/li><\/ul><\/div><div class=\"tab-pane fade fusion-clearfix\" role=\"tabpanel\" tabindex=\"0\" aria-labelledby=\"fusion-tab-objetivos\" id=\"tab-44b80959361af3f495e\">\n<p style=\"text-align: justify;\">El curso est\u00e1 orientado a impulsar el proceso de personalizaci\u00f3n y desarrollo moral de ni\u00f1os, adolescentes y j\u00f3venes partiendo de los rasgos estructurales de las edades y de la naturaleza de los virtudes. Se utiliza como herramienta educativa las aportaciones que proporciona el cine, instrumento pedag\u00f3gico irrenunciable en la actualidad. Reducir el cine a su dimensi\u00f3n de producto de entretenimiento es perderse gran parte de la potencia cultural que lleva dentro.<\/p>\n<p style=\"text-align: justify;\">El curso consta de 4 unidades divididas en temas (virtudes) que se har\u00e1n llegar al alumno en las fechas establecidas en el programa.<\/p>\n<p style=\"text-align: justify;\"><span style=\"color: #006633;\"><strong>Objetivos Generales<\/strong><\/span><\/p>\n<ol style=\"text-align: justify;\">\n<li style=\"list-style-type: none;\">\n<ol style=\"text-align: justify;\">\n<li style=\"text-align: justify;\">Profundizar en la dimensi\u00f3n educativa del cine.<\/li>\n<\/ol>\n<\/li>\n<\/ol>\n<ol style=\"text-align: justify;\">\n<li style=\"list-style-type: none;\">\n<ol style=\"text-align: justify;\">\n<li style=\"text-align: justify;\"><span style=\"font-family: Arial;\">Estudiar el sentido de la antropolog\u00eda como base de la \u00e9tica educativa y aplicar la teor\u00eda a la pr\u00e1ctica pedag\u00f3gica.<\/span><\/li>\n<\/ol>\n<\/li>\n<\/ol>\n<ol style=\"text-align: justify;\">\n<li style=\"list-style-type: none;\">\n<ol style=\"text-align: justify;\">\n<li style=\"text-align: justify;\">Reflexionar sobre la naturaleza de las virtudes como perfeccionamiento libre y radical de la persona desde s\u00ed misma, y sobre la educaci\u00f3n como formaci\u00f3n de virtudes.<\/li>\n<\/ol>\n<\/li>\n<\/ol>\n<ol style=\"text-align: justify;\">\n<li style=\"list-style-type: none;\">\n<ol style=\"text-align: justify;\">\n<li style=\"text-align: justify;\"><span style=\"font-family: Arial;\">Proponer una distribuci\u00f3n de virtudes teniendo en cuenta los rasgos estructurales de la edad y la naturaleza de cada virtud.<\/span><\/li>\n<\/ol>\n<\/li>\n<\/ol>\n<ol style=\"text-align: justify;\">\n<li style=\"text-align: justify;\"><span style=\"font-family: Arial;\">Dotar a los alumnos de destrezas que les permitan interpretar pel\u00edculas relacion\u00e1ndolas con cuestiones fundamentales del quehacer educativo.<\/span><\/li>\n<\/ol>\n<p style=\"text-align: justify;\"><strong><span style=\"color: #006633;\">Razonamiento de partida<\/span><\/strong><\/p>\n<p style=\"text-align: justify;\">La persona es rica y compleja, limitada e insaciable, aut\u00f3noma y vinculada; ante ella se despliega la posibilidad de la excelencia o la degradaci\u00f3n. Es, pero puede ser mejor con su obrar, e influir en el perfeccionamiento ajeno; pero, tambi\u00e9n puede provocar lo contrario.<\/p>\n<p style=\"text-align: justify;\">La vida humana transcurre por un camino lleno de novedades, el modo de afrontarlas produce al h\u00e9roe o al villano. Se nace con un gran potencial que desarrollamos con el ejercicio de la libertad. Gracias a ella hacemos elecciones y as\u00ed vamos concretando la personalidad que se configura a lo largo de la vida.<\/p>\n<p style=\"text-align: justify;\">Cuando las elecciones ayudan a la salud de la persona, la libertad se perfecciona. Si las elecciones perjudican a la persona, la libertad se deteriora. Al repetir una elecci\u00f3n se establece un h\u00e1bito.<\/p>\n<p style=\"text-align: justify;\">En este sentido entendemos que la <strong>virtud es un h\u00e1bito adquirido bueno<\/strong>. H\u00e1bito adquirido quiere decir un modo de conducirse que aparece poco a poco despu\u00e9s de acostumbrarse a repetir las mismas respuestas. Y, precisamente, como es un h\u00e1bito, la persona lo realiza con facilidad y constancia. Con la virtud se fortalece la salud f\u00edsica, ps\u00edquica y moral. Lo opuesto a la virtud es el <strong>vicio o h\u00e1bito adquirido malo<\/strong>. Por la dimensi\u00f3n social del ser humano, con las virtudes se benefician los dem\u00e1s y con los vicios se perjudican.<\/p>\n<p style=\"text-align: justify;\">Toda persona debe comprometerse con su propio desarrollo, esto incluye la dimensi\u00f3n interior -en la que nadie puede entrar si el interesado no lo permite- y la dimensi\u00f3n externa -donde se realizan los actos-. Juegan aqu\u00ed un papel importante las motivaciones y el ejemplo.<\/p>\n<p style=\"text-align: justify;\">En este terreno, la tarea del educador consiste en saberse gu\u00eda para conseguir una adecuada estimulaci\u00f3n de las facultades del educando, para que \u00e9ste se halle dispuesto a asumir voluntariamente las motivaciones sugeridas y adoptar con esp\u00edritu libre y responsable el buen ejemplo de los dem\u00e1s. Todo ello facilita la adquisici\u00f3n de las virtudes.<\/p>\n<ol style=\"text-align: justify;\">\n<li><\/div><div class=\"nav fusion-mobile-tab-nav\"><ul class=\"nav-tabs\" role=\"tablist\"><li role=\"presentation\"><a class=\"tab-link\" data-toggle=\"tab\" role=\"tab\" aria-controls=\"tab-f5ca8b030140fe9695f\" aria-selected=\"false\" tabindex=\"-1\" id=\"mobile-fusion-tab-contenidos\" href=\"#tab-f5ca8b030140fe9695f\"><h4 class=\"fusion-tab-heading\"><i class=\"fontawesome-icon fa fa-list-alt\" aria-hidden=\"true\" style=\"font-size:13px;\"><\/i>Contenidos<\/h4><\/a><\/li><\/ul><\/div><div class=\"tab-pane fade fusion-clearfix\" role=\"tabpanel\" tabindex=\"0\" aria-labelledby=\"fusion-tab-contenidos\" id=\"tab-f5ca8b030140fe9695f\"><\/li>\n<\/ol>\n<h2 style=\"text-align: justify;\"><span style=\"color: #006633;\"><strong>PROGRAMA Y CALENDARIO DE ENV\u00cdOS<\/strong><\/span><\/h2>\n<h3 style=\"text-align: justify;\"><span style=\"color: #339966;\">UNIDAD 1<\/span><\/h3>\n<p style=\"text-align: justify;\">Se enviar\u00e1 el d\u00eda 1 de Enero (los env\u00edos incluyen los textos de los temas, la sugerencia de pel\u00edculas y las pautas para realizar el trabajo te\u00f3rico -el control de lectura de los textos- y el pr\u00e1ctico -el ensayo sobre las pel\u00edculas-). La fecha l\u00edmite para la recepci\u00f3n del trabajo te\u00f3rico y del trabajo de las pel\u00edculas de esta unidad es el 1 de Marzo<\/p>\n<p style=\"text-align: justify;\">Tema1: fortaleza,<\/p>\n<p style=\"text-align: justify;\">Tema 2: laboriosidad,<\/p>\n<p style=\"text-align: justify;\">Tema 3: generosidad,<\/p>\n<p style=\"text-align: justify;\">Tema 4: audacia,<\/p>\n<p style=\"text-align: justify;\">Tema 5: paciencia,<\/p>\n<p style=\"text-align: justify;\">Tema 6: constancia,<\/p>\n<p style=\"text-align: justify;\">Tema 7: responsabilidad.<\/p>\n<h3 style=\"text-align: justify;\"><span style=\"color: #339966;\">UNIDAD 2<\/span><\/h3>\n<p style=\"text-align: justify;\">Se enviar\u00e1 el d\u00eda 1 de Abril. La fecha l\u00edmite para la recepci\u00f3n del trabajo te\u00f3rico y del trabajo de las pel\u00edculas es el 1 de Junio.<\/p>\n<p style=\"text-align: justify;\">Tema 8: justicia,<\/p>\n<p style=\"text-align: justify;\">Tema 9: sociabilidad,<\/p>\n<p style=\"text-align: justify;\">Tema 10: civilidad,<\/p>\n<p style=\"text-align: justify;\">Tema 11: sinceridad,<\/p>\n<p style=\"text-align: justify;\">Tema 12: afabilidad,<\/p>\n<p style=\"text-align: justify;\">Tema 13: respeto,<\/p>\n<p style=\"text-align: justify;\">Tema 14: lealtad.<\/p>\n<h3 style=\"text-align: justify;\"><span style=\"color: #339966;\">UNIDAD 3<\/span><\/h3>\n<p style=\"text-align: justify;\">Se enviar\u00e1 el d\u00eda 1 de Julio. La fecha l\u00edmite para la recepci\u00f3n del trabajo te\u00f3rico y del trabajo de las pel\u00edculas es el 1 de Septiembre.<\/p>\n<p style=\"text-align: justify;\">Tema 15: templanza,<\/p>\n<p style=\"text-align: justify;\">Tema 16: sobriedad,<\/p>\n<p style=\"text-align: justify;\">Tema 17: pudor,<\/p>\n<p style=\"text-align: justify;\">Tema 18: humildad,<\/p>\n<p style=\"text-align: justify;\">Tema 19: desprendimiento,<\/p>\n<p style=\"text-align: justify;\">Tema 20: honradez.<\/p>\n<h3 style=\"text-align: justify;\"><span style=\"color: #339966;\">UNIDAD 4<\/span><\/h3>\n<p style=\"text-align: justify;\">Se enviar\u00e1 el d\u00eda 1 de Octubre. La fecha l\u00edmite para la recepci\u00f3n del trabajo te\u00f3rico y del trabajo de las pel\u00edculas es el 1 de Diciembre.<\/p>\n<p style=\"text-align: justify;\">Tema 21: prudencia,<\/p>\n<p style=\"text-align: justify;\">Tema 22: alegr\u00eda,<\/p>\n<p style=\"text-align: justify;\">Tema 23: sencillez,<\/p>\n<p style=\"text-align: justify;\">Tema 24: orden,<\/p>\n<p style=\"text-align: justify;\">Tema 25: flexibilidad,<\/p>\n<p style=\"text-align: justify;\">Tema 26: comprensi\u00f3n.<\/p>\n<p style=\"text-align: justify;\">El d\u00eda 24 de Diciembre se enviar\u00e1n las calificaciones finales y en su caso el Diploma el d\u00eda 9 de Enero desde la Secretar\u00eda de ULIA.<\/div><div class=\"nav fusion-mobile-tab-nav\"><ul class=\"nav-tabs\" role=\"tablist\"><li role=\"presentation\"><a class=\"tab-link\" data-toggle=\"tab\" role=\"tab\" aria-controls=\"tab-ae7f1867d7be710bf49\" aria-selected=\"false\" tabindex=\"-1\" id=\"mobile-fusion-tab-metodolog\u00eda\" href=\"#tab-ae7f1867d7be710bf49\"><h4 class=\"fusion-tab-heading\"><i class=\"fontawesome-icon fa fa-comment\" aria-hidden=\"true\" style=\"font-size:13px;\"><\/i>Metodolog\u00eda<\/h4><\/a><\/li><\/ul><\/div><div class=\"tab-pane fade fusion-clearfix\" role=\"tabpanel\" tabindex=\"0\" aria-labelledby=\"fusion-tab-metodolog\u00eda\" id=\"tab-ae7f1867d7be710bf49\">\n<p style=\"text-align: justify;\" align=\"JUSTIFY\"><span style=\"font-family: Arial;\">Las actividades del curso comprenden, por un lado, la lectura, an\u00e1lisis y estudio de los textos enviados en cada unidad que hacen referencia a cada una de las virtudes estipuladas en el programa. Por otro lado, el visionado de una o dos pel\u00edculas relacionadas con cada virtud de entre las sugeridas en el env\u00edo .<\/span><\/p>\n<p style=\"text-align: justify;\" align=\"JUSTIFY\"><span style=\"font-family: Arial;\">Por cada unidad los alumnos deber\u00e1n efectuar un control de lectura referido al contenido te\u00f3rico del diploma y un trabajo escrito tipo ensayo sobre las pel\u00edculas visionadas. En ambos casos se seguir\u00e1n las pautas marcadas por los coordinadores del programa y que vendr\u00e1n especificadas en cada uno de los cuatro env\u00edos.<\/span><\/p>\n<p style=\"text-align: justify;\" align=\"JUSTIFY\"><span style=\"font-family: Arial;\">La recepci\u00f3n de los trabajos es perentoria para la continuidad del curso. Si bien por lo que se refiere al contenido te\u00f3rico se podr\u00e1n sugerir fuentes y lecturas complementarias, bastar\u00e1 con lo enviado en los textos de cada unidad para asimilar con aprovechamiento el curso. Por otro lado las pel\u00edculas se han elegido de manera que sean f\u00e1ciles de obtener por parte del alumnado independientemente del pa\u00eds en que se encuentre; muchas estar\u00e1n disponibles en la red.<\/span><\/p>\n<p style=\"text-align: justify;\"><span style=\"font-family: Arial;\">Las evaluaciones parciales y finales se elaborar\u00e1n teniendo en cuenta en un 50% la parte te\u00f3rica del programa y en un 50% los trabajos de las pel\u00edculas.<\/span><\/p>\n<p style=\"text-align: justify;\"><\/div><div class=\"nav fusion-mobile-tab-nav\"><ul class=\"nav-tabs\" role=\"tablist\"><li role=\"presentation\"><a class=\"tab-link\" data-toggle=\"tab\" role=\"tab\" aria-controls=\"tab-2872c163a16a54dca8b\" aria-selected=\"false\" tabindex=\"-1\" id=\"mobile-fusion-tab-inscripci\u00f3n\" href=\"#tab-2872c163a16a54dca8b\"><h4 class=\"fusion-tab-heading\"><i class=\"fontawesome-icon fa fa-user\" aria-hidden=\"true\" style=\"font-size:13px;\"><\/i>Inscripci\u00f3n<\/h4><\/a><\/li><\/ul><\/div><div class=\"tab-pane fade fusion-clearfix\" role=\"tabpanel\" tabindex=\"0\" aria-labelledby=\"fusion-tab-inscripci\u00f3n\" id=\"tab-2872c163a16a54dca8b\">\n<p style=\"text-align: justify;\">La matr\u00edcula se efect\u00faa rellenando los 3 siguientes formularios:<\/p>\n<h4 style=\"text-align: justify;\"><strong><span style=\"color: #006633;\"><a style=\"color: #006633;\" href=\"http:\/\/ivsa.es\/ulia\/ficha-de-inscripcion-diploma-en-educacion-en-virtudes-a-traves-del-cine\/\" target=\"_blank\" rel=\"noopener noreferrer\">1.- La ficha de inscripci\u00f3n<\/a><\/span><\/strong><br \/>\n<strong><span style=\"color: #006633;\"><a style=\"color: #006633;\" href=\"http:\/\/ivsa.es\/ulia\/carta-de-motivos-diploma-en-educacion-en-virtudes-a-traves-del-cine\/\" target=\"_blank\" rel=\"noopener noreferrer\">2.- Carta de motivos<\/a><\/span><\/strong><br \/>\n<strong><span style=\"color: #006633;\"><a style=\"color: #006633;\" href=\"http:\/\/ivsa.es\/ulia\/hoja-de-vida-diploma-en-educacion-en-virtudes-a-traves-del-cine\/\" target=\"_blank\" rel=\"noopener noreferrer\">3.- Hoja de vida<\/a><\/span><\/strong><\/h4>\n<p style=\"text-align: justify;\">Una vez se le comunique al candidato que ha sido aceptado, deber\u00e1 abonar por transferencia bancaria o directamente a trav\u00e9s de internet en la cuenta del curso el importe de los gastos de pago de gesti\u00f3n del programa. Este importe y en su caso el gasto del posible desplazamiento a una de las dos siguientes claustros de ULIA son los \u00fanicos gastos que ha de aportar el alumno.<div class=\"accordian fusion-accordian\" style=\"--awb-border-size:1px;--awb-icon-size:13px;--awb-content-font-size:13px;--awb-icon-alignment:left;--awb-hover-color:#f9f9f9;--awb-border-color:#cccccc;--awb-background-color:#ffffff;--awb-divider-color:#e0dede;--awb-divider-hover-color:#e0dede;--awb-icon-color:#ffffff;--awb-title-color:#333333;--awb-content-color:#000000;--awb-icon-box-color:#333333;--awb-toggle-hover-accent-color:#65bc7b;--awb-title-font-family:&#039;Trebuchet MS&#039;, Helvetica, sans-serif;--awb-title-font-weight:400;--awb-title-font-style:normal;--awb-title-font-size:13px;--awb-content-font-family:&#039;Trebuchet MS&#039;, Helvetica, sans-serif;--awb-content-font-style:normal;--awb-content-font-weight:400;\"><div class=\"panel-group fusion-toggle-icon-boxed\" id=\"accordion-377-1\"><div class=\"fusion-panel panel-default panel-be7d7bee60b0ed135 fusion-toggle-has-divider\"><div class=\"panel-heading\"><h4 class=\"panel-title toggle\" id=\"toggle_be7d7bee60b0ed135\"><a aria-expanded=\"false\" aria-controls=\"be7d7bee60b0ed135\" role=\"button\" data-toggle=\"collapse\" data-parent=\"#accordion-377-1\" data-target=\"#be7d7bee60b0ed135\" href=\"#be7d7bee60b0ed135\"><span class=\"fusion-toggle-icon-wrapper\" aria-hidden=\"true\"><i class=\"fa-fusion-box active-icon awb-icon-minus\" aria-hidden=\"true\"><\/i><i class=\"fa-fusion-box inactive-icon awb-icon-plus\" aria-hidden=\"true\"><\/i><\/span><span class=\"fusion-toggle-heading\">Pago de la Donaci\u00f3n (solo para solicitudes aceptadas)<\/span><\/a><\/h4><\/div><div id=\"be7d7bee60b0ed135\" class=\"panel-collapse collapse \" aria-labelledby=\"toggle_be7d7bee60b0ed135\"><div class=\"panel-body toggle-content fusion-clearfix\">\n<p style=\"text-align: justify;\">La secretar\u00eda del DCIVI y una vez que se le comunique al nuevo alumno que su matr\u00edcula ha sido aceptada, acordar\u00e1 con el solicitante los pasos a seguir para efectivizar el pago de matr\u00edcula correspondiente, equivalente a 150 Euros. Bien mediante transferencia bancaria a la cuenta del curso, bien mediante una transferencia persona a persona.<\/div><\/div><\/div><\/div><\/div>\n<p style=\"text-align: justify;\">En el caso del Diploma de Educaci\u00f3n en Virtudes a trav\u00e9s del Cine el pago de 150 Euros o su equivalencia en D\u00f3lares supone el coste de los gastos de infraestructura del curso: el manejo, dise\u00f1o y gesti\u00f3n profesional de la cobertura inform\u00e1tica del curso por parte de la secretar\u00eda del mismo para el a\u00f1o de duraci\u00f3n del programa. En ning\u00fan caso se desvirt\u00faa con esto el compromiso de servir a merced adquirido por ULIA y cada uno de sus profesores.<\/p>\n<p style=\"text-align: justify;\" align=\"justify\">El plazo de admisiones se cierra en cuanto se complete el cupo de 20 alumnos y en cualquier caso antes del 15 de Diciembre.<\/p>\n<p style=\"text-align: justify;\"><\/div><\/div><\/div><div class=\"fusion-clearfix\"><\/div><\/div><\/div><\/div><\/div><div class=\"fusion-fullwidth fullwidth-box fusion-builder-row-2 hundred-percent-fullwidth non-hundred-percent-height-scrolling\" style=\"--awb-border-radius-top-left:0px;--awb-border-radius-top-right:0px;--awb-border-radius-bottom-right:0px;--awb-border-radius-bottom-left:0px;--awb-overflow:visible;--awb-flex-wrap:wrap;\" ><div class=\"fusion-builder-row fusion-row\"><div class=\"fusion-layout-column fusion_builder_column fusion-builder-column-1 fusion_builder_column_1_1 1_1 fusion-one-full fusion-column-first fusion-column-last fusion-column-no-min-height\" style=\"--awb-bg-size:cover;--awb-margin-bottom:0px;\"><div class=\"fusion-column-wrapper fusion-flex-column-wrapper-legacy\"><div class=\"fusion-text fusion-text-1\"><p style=\"text-align: justify;\">\n<\/div>\n<div class=\"fusion-clearfix\"><\/div><\/div><\/div><\/div><\/div><\/p>\n","protected":false},"excerpt":{"rendered":"","protected":false},"author":1,"featured_media":0,"parent":0,"menu_order":0,"comment_status":"closed","ping_status":"closed","template":"","meta":{"footnotes":""},"class_list":["post-377","page","type-page","status-publish","hentry"],"_links":{"self":[{"href":"https:\/\/ivsa.es\/ulia\/wp-json\/wp\/v2\/pages\/377","targetHints":{"allow":["GET"]}}],"collection":[{"href":"https:\/\/ivsa.es\/ulia\/wp-json\/wp\/v2\/pages"}],"about":[{"href":"https:\/\/ivsa.es\/ulia\/wp-json\/wp\/v2\/types\/page"}],"author":[{"embeddable":true,"href":"https:\/\/ivsa.es\/ulia\/wp-json\/wp\/v2\/users\/1"}],"replies":[{"embeddable":true,"href":"https:\/\/ivsa.es\/ulia\/wp-json\/wp\/v2\/comments?post=377"}],"version-history":[{"count":17,"href":"https:\/\/ivsa.es\/ulia\/wp-json\/wp\/v2\/pages\/377\/revisions"}],"predecessor-version":[{"id":2678,"href":"https:\/\/ivsa.es\/ulia\/wp-json\/wp\/v2\/pages\/377\/revisions\/2678"}],"wp:attachment":[{"href":"https:\/\/ivsa.es\/ulia\/wp-json\/wp\/v2\/media?parent=377"}],"curies":[{"name":"wp","href":"https:\/\/api.w.org\/{rel}","templated":true}]}}