{"id":566,"date":"2016-02-01T11:03:21","date_gmt":"2016-02-01T11:03:21","guid":{"rendered":"http:\/\/ivsa.es\/ulia\/?page_id=566"},"modified":"2024-04-16T09:43:41","modified_gmt":"2024-04-16T09:43:41","slug":"diploma-en-actualizacion-pedagogica-y-excelencia-educativa","status":"publish","type":"page","link":"https:\/\/ivsa.es\/ulia\/diploma-en-actualizacion-pedagogica-y-excelencia-educativa\/","title":{"rendered":"Diploma en Actualizaci\u00f3n Pedag\u00f3gica y excelencia educativa"},"content":{"rendered":"<p><div class=\"fusion-fullwidth fullwidth-box fusion-builder-row-1 hundred-percent-fullwidth non-hundred-percent-height-scrolling\" style=\"--awb-border-radius-top-left:0px;--awb-border-radius-top-right:0px;--awb-border-radius-bottom-right:0px;--awb-border-radius-bottom-left:0px;--awb-overflow:visible;--awb-flex-wrap:wrap;\" ><div class=\"fusion-builder-row fusion-row\"><div class=\"fusion-layout-column fusion_builder_column fusion-builder-column-0 fusion_builder_column_1_1 1_1 fusion-one-full fusion-column-first fusion-column-last fusion-column-no-min-height\" style=\"--awb-bg-size:cover;--awb-margin-bottom:0px;\"><div class=\"fusion-column-wrapper fusion-flex-column-wrapper-legacy\"><div class=\"fusion-text fusion-text-1\"><p style=\"text-align: justify;\">\n<\/div><div class=\"fusion-clearfix\"><\/div><\/div><\/div><\/div><\/div><div class=\"fusion-fullwidth fullwidth-box fusion-builder-row-2 nonhundred-percent-fullwidth non-hundred-percent-height-scrolling\" style=\"--awb-background-position:left top;--awb-border-radius-top-left:0px;--awb-border-radius-top-right:0px;--awb-border-radius-bottom-right:0px;--awb-border-radius-bottom-left:0px;--awb-padding-top:20px;--awb-padding-bottom:20px;--awb-border-sizes-top:0px;--awb-border-sizes-bottom:0px;--awb-flex-wrap:wrap;\" ><div class=\"fusion-builder-row fusion-row\"><div class=\"fusion-layout-column fusion_builder_column fusion-builder-column-1 fusion_builder_column_1_1 1_1 fusion-one-full fusion-column-first fusion-column-last fusion-column-no-min-height\" style=\"--awb-bg-size:cover;--awb-margin-bottom:0px;\"><div class=\"fusion-column-wrapper fusion-flex-column-wrapper-legacy\"><div class=\"fusion-tabs fusion-tabs-1 classic vertical-tabs icon-position-left mobile-mode-accordion\" style=\"--awb-title-border-radius-top-left:0px;--awb-title-border-radius-top-right:0px;--awb-title-border-radius-bottom-right:0px;--awb-title-border-radius-bottom-left:0px;--awb-inactive-color:#f1f2f2;--awb-background-color:#ffffff;--awb-border-color:#ebeaea;--awb-active-border-color:#006634;\"><div class=\"nav\"><ul class=\"nav-tabs\" role=\"tablist\"><li class=\"active\" role=\"presentation\"><a class=\"tab-link\" data-toggle=\"tab\" role=\"tab\" aria-controls=\"tab-e37008186e292cd98b9\" aria-selected=\"true\" id=\"fusion-tab-caracter\u00edsticas\" href=\"#tab-e37008186e292cd98b9\"><h4 class=\"fusion-tab-heading\"><i class=\"fontawesome-icon fa fa-list-ul\" aria-hidden=\"true\" style=\"font-size:13px;\"><\/i>Caracter\u00edsticas<\/h4><\/a><\/li><li role=\"presentation\"><a class=\"tab-link\" data-toggle=\"tab\" role=\"tab\" aria-controls=\"tab-31c845163374f8fb9f0\" aria-selected=\"false\" tabindex=\"-1\" id=\"fusion-tab-objetivos\" href=\"#tab-31c845163374f8fb9f0\"><h4 class=\"fusion-tab-heading\"><i class=\"fontawesome-icon fa fa-check-square-o\" aria-hidden=\"true\" style=\"font-size:13px;\"><\/i>Objetivos<\/h4><\/a><\/li><li role=\"presentation\"><a class=\"tab-link\" data-toggle=\"tab\" role=\"tab\" aria-controls=\"tab-87e48b3ad44e0fd8332\" aria-selected=\"false\" tabindex=\"-1\" id=\"fusion-tab-contenidos\" href=\"#tab-87e48b3ad44e0fd8332\"><h4 class=\"fusion-tab-heading\"><i class=\"fontawesome-icon fa fa-list-alt\" aria-hidden=\"true\" style=\"font-size:13px;\"><\/i>Contenidos<\/h4><\/a><\/li><li role=\"presentation\"><a class=\"tab-link\" data-toggle=\"tab\" role=\"tab\" aria-controls=\"tab-d0f19019e3f4b6a8a3d\" aria-selected=\"false\" tabindex=\"-1\" id=\"fusion-tab-metodolog\u00eda\" href=\"#tab-d0f19019e3f4b6a8a3d\"><h4 class=\"fusion-tab-heading\"><i class=\"fontawesome-icon fa fa-comment\" aria-hidden=\"true\" style=\"font-size:13px;\"><\/i>Metodolog\u00eda<\/h4><\/a><\/li><li role=\"presentation\"><a class=\"tab-link\" data-toggle=\"tab\" role=\"tab\" aria-controls=\"tab-472ac8cca8a2fc8ed7f\" aria-selected=\"false\" tabindex=\"-1\" id=\"fusion-tab-inscripci\u00f3n\" href=\"#tab-472ac8cca8a2fc8ed7f\"><h4 class=\"fusion-tab-heading\"><i class=\"fontawesome-icon fa fa-user\" aria-hidden=\"true\" style=\"font-size:13px;\"><\/i>Inscripci\u00f3n<\/h4><\/a><\/li><\/ul><\/div><div class=\"tab-content\"><div class=\"nav fusion-mobile-tab-nav\"><ul class=\"nav-tabs\" role=\"tablist\"><li class=\"active\" role=\"presentation\"><a class=\"tab-link\" data-toggle=\"tab\" role=\"tab\" aria-controls=\"tab-e37008186e292cd98b9\" aria-selected=\"true\" id=\"mobile-fusion-tab-caracter\u00edsticas\" href=\"#tab-e37008186e292cd98b9\"><h4 class=\"fusion-tab-heading\"><i class=\"fontawesome-icon fa fa-list-ul\" aria-hidden=\"true\" style=\"font-size:13px;\"><\/i>Caracter\u00edsticas<\/h4><\/a><\/li><\/ul><\/div><div class=\"tab-pane fade fusion-clearfix in active\" role=\"tabpanel\" tabindex=\"0\" aria-labelledby=\"fusion-tab-caracter\u00edsticas\" id=\"tab-e37008186e292cd98b9\">\n<p><em>Programa a distancia enmarcado en el ideario de <\/em><a href=\"http:\/\/ivsa.es\/ulia\/md\"><strong><em>ULIA<\/em><\/strong><\/a><em> y de la <\/em><a href=\"http:\/\/ivsa.es\/ulia\/ficv\"><strong><em>Fundaci\u00f3n Interamericana Ciencia y Vida (FICV)<\/em><\/strong><\/a><em>, que apuesta por la gratuidad, y la defensa de la vida humana y su dignidad<\/em>.<\/p>\n<p><strong><span style=\"color: #006633;\">Descripci\u00f3n General:<\/span>\u00a0<\/strong><\/p>\n<p style=\"text-align: justify;\">Este diplomado a distancia ha sido dise\u00f1ado para dotar a los docentes y profesores de herramientas que les permitan analizar y proponer soluciones \u00e9ticas adecuadas a los problemas que plantea la docencia en el mundo de hoy. Particularmente, contribuir a la solidez de su pensamiento en torno a los temas inherentes a la vida humana, y actualizar los modos y formas en los que se expone la defensa y dignidad de cada vida.<\/p>\n<p><span style=\"color: #006633;\"><strong>Duraci\u00f3n<\/strong>:<\/span><\/p>\n<p>1 a\u00f1o: del 1 de Enero al 31 de Diciembre. Carga lectiva equivalente a 20 cr\u00e9ditos (entre 300 y 500 horas de dedicaci\u00f3n).<\/p>\n<p>Matr\u00edcula abierta hasta completar cupo y en todo caso antes del 8 de diciembre del a\u00f1o en curso.<\/p>\n<p style=\"text-align: justify;\"><span style=\"color: #006633;\"><strong>Dirigido a<\/strong>:<\/span><\/p>\n<p style=\"text-align: justify;\">Padres, maestros y profesores de todos los \u00e1mbitos y niveles, directivos de centros educativos, gestores y profesionales de la administraci\u00f3n y pol\u00edtica educativa.<\/p>\n<p><span style=\"color: #006633;\"><strong>Requisitos<\/strong>:<\/span><\/p>\n<p>Disponibilidad de conexi\u00f3n a la red y acceso a correo electr\u00f3nico. Idoneidad y necesidad de esta capacitaci\u00f3n.<\/p>\n<p>La coordinaci\u00f3n del DAPE est\u00e1 a cargo del profesor Salvador Peir\u00f3 i Greg\u00f2ri, miembro de n\u00famero de la FICV y profesor en ULIA.<\/p>\n<p>El alumnado se comunicar\u00e1 con \u00e9l \u00fanicamente a trav\u00e9s de la direcci\u00f3n de correo del curso, la cual es:<\/p>\n<p><span style=\"color: #006633;\"><strong><a style=\"color: #006633;\" href=\"mailto:dape@ulia.org\">dape@ulia.org<\/a><\/strong><\/span><\/p>\n<p style=\"text-align: justify;\"><\/div><div class=\"nav fusion-mobile-tab-nav\"><ul class=\"nav-tabs\" role=\"tablist\"><li role=\"presentation\"><a class=\"tab-link\" data-toggle=\"tab\" role=\"tab\" aria-controls=\"tab-31c845163374f8fb9f0\" aria-selected=\"false\" tabindex=\"-1\" id=\"mobile-fusion-tab-objetivos\" href=\"#tab-31c845163374f8fb9f0\"><h4 class=\"fusion-tab-heading\"><i class=\"fontawesome-icon fa fa-check-square-o\" aria-hidden=\"true\" style=\"font-size:13px;\"><\/i>Objetivos<\/h4><\/a><\/li><\/ul><\/div><div class=\"tab-pane fade fusion-clearfix\" role=\"tabpanel\" tabindex=\"0\" aria-labelledby=\"fusion-tab-objetivos\" id=\"tab-31c845163374f8fb9f0\">\n<ol>\n<li style=\"list-style-type: none;\">\n<ol>\n<li style=\"text-align: justify;\">Transmitir a los educadores los conocimientos y herramientas indispensables que les permitan analizar los principales problemas sobre el sentido y significado de la vida humana, y que les faciliten la adquisici\u00f3n de ideas claras para afrontar los nuevos retos que plantea el desarrollo tecnol\u00f3gico en este campo.<\/li>\n<li style=\"text-align: justify;\">Brindar un servicio eficaz a los educadores para enriquecer su formaci\u00f3n personal y su espec\u00edfica capacitaci\u00f3n acad\u00e9mica en los temas m\u00e1s destacados en el debate p\u00fablico actual.<\/li>\n<li style=\"text-align: justify;\">Suscitar una seria reflexi\u00f3n acerca de la tarea de educar en una cultura del respeto por la val\u00eda de todo lo humano, involucr\u00e1ndose en una responsabilidad concreta de mejora.<\/li>\n<li style=\"text-align: justify;\">Dotar a los centros educativos de capacidad de respuesta ante los requerimientos de una cultura, que a trav\u00e9s de los medios de comunicaci\u00f3n y de la propuesta de estilos de vida, fomenta convertir otras vidas, particularmente en sus estados iniciales, en medio y no fin.<\/li>\n<\/ol>\n<\/li>\n<\/ol>\n<ol>\n<li style=\"list-style-type: none;\"><\/li>\n<\/ol>\n<ol>\n<li style=\"list-style-type: none;\"><\/li>\n<\/ol>\n<p style=\"text-align: justify;\"><\/div><div class=\"nav fusion-mobile-tab-nav\"><ul class=\"nav-tabs\" role=\"tablist\"><li role=\"presentation\"><a class=\"tab-link\" data-toggle=\"tab\" role=\"tab\" aria-controls=\"tab-87e48b3ad44e0fd8332\" aria-selected=\"false\" tabindex=\"-1\" id=\"mobile-fusion-tab-contenidos\" href=\"#tab-87e48b3ad44e0fd8332\"><h4 class=\"fusion-tab-heading\"><i class=\"fontawesome-icon fa fa-list-alt\" aria-hidden=\"true\" style=\"font-size:13px;\"><\/i>Contenidos<\/h4><\/a><\/li><\/ul><\/div><div class=\"tab-pane fade fusion-clearfix\" role=\"tabpanel\" tabindex=\"0\" aria-labelledby=\"fusion-tab-contenidos\" id=\"tab-87e48b3ad44e0fd8332\">\n<h2 style=\"text-align: justify;\"><span style=\"color: #006633;\"><strong>PROGRAMA Y CALENDARIO DE ENV\u00cdOS<\/strong><\/span><\/h2>\n<h3 style=\"text-align: justify;\"><span style=\"color: #339966;\">UNIDAD 1: <strong>La sociedad y la cultura del mundo actual\u00a0 <\/strong><em>(enero)<\/em><b> <\/b><\/span><\/h3>\n<p>La unidad pretende dar a entender el contexto socio-cultural. Se abordar\u00e1n cuestiones como: Globalizaci\u00f3n-cambio de \u00e9poca; El declive de las civilizaciones; datos de opini\u00f3n; algunos videos sobre nuestro contexto; postverdad e ingenier\u00eda social; pedagog\u00eda que prima la diversi\u00f3n, ente otros. Se propone que el alumnado vaya autocontrolando sus aprendizajes<strong>.<\/strong><\/p>\n<h3 style=\"text-align: justify;\"><span style=\"color: #339966;\">UNIDAD 2: <strong>Problemas \u00e9ticos en la sociedad tecnocient\u00edfica<\/strong> <em>(febrero y marzo)<\/em>\u00a0<\/span><\/h3>\n<p>Como especificaci\u00f3n de acciones contrarias a la dignidad humana, estudiamos aqu\u00ed toda una serie de problemas, que hasta ahora han sido abordados en contextos diferentes al educativo: la anticoncepci\u00f3n, el aborto, la ARTs, la crioconservaci\u00f3n de embriones, la manipulaci\u00f3n gen\u00e9tica, las madres en alquiler, temas que generan en los educadores la necesidad de integrar conocimientos de modo transversal a fin de contextualizarlos en cada una de sus asignaturas.<\/p>\n<h3 style=\"text-align: justify;\"><span style=\"color: #339966;\">UNIDAD 3: <strong>Problemas \u00e9ticos en la sociedad tecnocient\u00edfica <\/strong>\u00a0<em>(abril-mayo) <\/em><b> <\/b><\/span><\/h3>\n<p>Debe ser <strong>objetivo<\/strong> particular\u00edsimo \u00a0de la ense\u00f1anza, comprender que la salud debe estar referida a la integralidad del ser humano. El concepto de lo sano remite a un equilibrio intr\u00ednseco distinguiendo la noci\u00f3n de \u201cbien\u201d de la noci\u00f3n de \u201cbienestar\u201d o de \u201ccalidad de vida\u201d. Estudiamos en esta unidad los retos que se presentan en la madurez de la vida como las adicciones o las ETS, y su vinculaci\u00f3n a la conducta libre y responsable, o la actitud del hombre ante el dolor y el sufrimiento.<\/p>\n<h3 style=\"text-align: justify;\"><span style=\"color: #339966;\">UNIDAD 4: <strong>La dictadura del relativismo. Una pedagog\u00eda de la responsabilidad\u00a0 no-relativista con la naturaleza <\/strong><em>(junio-julio)<\/em><b> <\/b><\/span><\/h3>\n<p>Esta unidad pretende ofrecer una reflexi\u00f3n para comprender la interpretaci\u00f3n que el hombre ha hecho de su rol en la naturaleza y en la cultura. Se abordan cuestiones ecol\u00f3gicas, la educaci\u00f3n del gusto, el canon de la belleza, y el debate sobre las fuentes de la moral y la inserci\u00f3n del ser humano en la realidad. El relativismo, que aboca al nihilismo, no es, ni m\u00e1s ni memos, que el fallo del idealismo. La aspiraci\u00f3n frustrada de deconstruir una realidad para sustituirla por otra.<\/p>\n<h3 style=\"text-align: justify;\"><span style=\"color: #339966;\">UNIDAD 5: <strong>Personalidad del nasciturus y su transformaci\u00f3n. Fundamentos de una educaci\u00f3n en el valor a\u00a0 la vida <\/strong><em>(agosto)<\/em><\/span><\/h3>\n<p>Los planteamientos principales de esta unidad son: la descripci\u00f3n de la realidad personal del no-nacido; el proyecto del genoma humano; la dignidad de la familia ; y el sentido de los valores, costumbres, virtudes, y las relaciones de \u00e9stas \u00faltimas entre s\u00ed. De cara a fomentar una sana y feliz vitalidad se propone una reflexi\u00f3n sobre la castidad, la templanza y sus relaciones.<\/p>\n<h3 style=\"text-align: justify;\"><span style=\"color: #339966;\">UNIDAD 6: <strong>Educaci\u00f3n: dimensiones y procesos<\/strong> <strong><em>(septiembre)<\/em><\/strong><b><\/b><\/span><\/h3>\n<p>Se propone la educaci\u00f3n personalizada y la necesidad de distinguir las diversas dimensiones de la educaci\u00f3n (instrucci\u00f3n, formaci\u00f3n, habituaci\u00f3n en cuanto al logro de los niveles de la estructura de la subjetividad). Se constata la necesidad de contar con las aportaciones de la ciencia (asignaturas curriculares) con sentido \u00e9tico (formativo-valores), y la educaci\u00f3n del car\u00e1cter basada en virtudes. Se aborda la formaci\u00f3n de la conciencia y los ciclos de autodesarrollo.<\/p>\n<h3 style=\"text-align: justify;\"><span style=\"color: #339966;\">UNIDAD 7: <strong>El valor de la vida humana en el proyecto curricular<em> (octubre-noviembre)<\/em><\/strong><\/span><\/h3>\n<p>Se pretende logar la capacitaci\u00f3n del graduando para que sepa efectuar una aplicaci\u00f3n de todas las conclusiones desprendidas de las anteriores unidades. Al efecto, se repasar\u00e1: 1) Noci\u00f3n del proyecto curricular en su especifidad relativa a los valores vitales; 2) Qu\u00e9 es educar el car\u00e1cter; 3) Sentido cristiano del curr\u00edculo; 4) Comprensi\u00f3n de los temas transversales; y 5) Lecci\u00f3n con valores. Se ver\u00e1n, tambi\u00e9n, modos y formas de integraci\u00f3n de todas estas metas en el ideario de centros, familias y asociaciones con vertiente educativa.<\/p>\n<p style=\"text-align: justify;\"><\/div><div class=\"nav fusion-mobile-tab-nav\"><ul class=\"nav-tabs\" role=\"tablist\"><li role=\"presentation\"><a class=\"tab-link\" data-toggle=\"tab\" role=\"tab\" aria-controls=\"tab-d0f19019e3f4b6a8a3d\" aria-selected=\"false\" tabindex=\"-1\" id=\"mobile-fusion-tab-metodolog\u00eda\" href=\"#tab-d0f19019e3f4b6a8a3d\"><h4 class=\"fusion-tab-heading\"><i class=\"fontawesome-icon fa fa-comment\" aria-hidden=\"true\" style=\"font-size:13px;\"><\/i>Metodolog\u00eda<\/h4><\/a><\/li><\/ul><\/div><div class=\"tab-pane fade fusion-clearfix\" role=\"tabpanel\" tabindex=\"0\" aria-labelledby=\"fusion-tab-metodolog\u00eda\" id=\"tab-d0f19019e3f4b6a8a3d\">\n<p style=\"text-align: justify;\">La propia de ULIA, con env\u00edo de materiales y cuestionarios evaluativos a trav\u00e9s de la red y con tutor\u00eda personalizada <em>on line<\/em>. Asimismo, el alumno dispondr\u00e1 de la ayuda del equipo docente para solventar dudas o problemas, consultar los temas de estudio o trabajos de evaluaci\u00f3n requeridos.<\/p>\n<p style=\"text-align: justify;\">La comunicaci\u00f3n esta centralizada en la secretar\u00eda del programa. Desde ah\u00ed se env\u00edan los materiales y cuestionarios evaluativos; se reciben las respuestas de los alumnos y se remiten las respuestas de los profesores y tutores.<\/p>\n<p>Las actividades del curso comprenden la lectura y an\u00e1lisis de art\u00edculos y documentos que se enviar\u00e1n a trav\u00e9s de la red. Cada unidad constar\u00e1 de entre tres a cinco temas, con un control de lectura y evaluaci\u00f3n por cada unidad, que el alumno habr\u00e1 de enviar antes de recibir la siguiente unidad.<\/p>\n<p>El diplomado se completar\u00e1 con la entrega de un TRABAJO PERSONAL DE PR\u00c1CTICA que se enviar\u00e1 al mismo tiempo que el control de lectura de la Unidad VII. \u00c9ste consistir\u00e1 en el dise\u00f1o y elaboraci\u00f3n de modelos curriculares innovadores aplicados a la situaci\u00f3n educativa en la que el educador se desempe\u00f1a.<\/p>\n<h4 style=\"text-align: justify;\"><span style=\"color: #006633;\"><strong>EVALUACI\u00d3N<\/strong><\/span><\/h4>\n<p style=\"text-align: justify;\">El curso del Diplomado es anual. Cada unidad tendr\u00e1 una nota de evaluaci\u00f3n. La nota final del Diplomado se obtendr\u00e1\u00a0 como promedio entre el promedio de las notas de las siete unidades y el trabajo final de elaboraci\u00f3n personal.<\/p>\n<p style=\"text-align: justify;\"><\/div><div class=\"nav fusion-mobile-tab-nav\"><ul class=\"nav-tabs\" role=\"tablist\"><li role=\"presentation\"><a class=\"tab-link\" data-toggle=\"tab\" role=\"tab\" aria-controls=\"tab-472ac8cca8a2fc8ed7f\" aria-selected=\"false\" tabindex=\"-1\" id=\"mobile-fusion-tab-inscripci\u00f3n\" href=\"#tab-472ac8cca8a2fc8ed7f\"><h4 class=\"fusion-tab-heading\"><i class=\"fontawesome-icon fa fa-user\" aria-hidden=\"true\" style=\"font-size:13px;\"><\/i>Inscripci\u00f3n<\/h4><\/a><\/li><\/ul><\/div><div class=\"tab-pane fade fusion-clearfix\" role=\"tabpanel\" tabindex=\"0\" aria-labelledby=\"fusion-tab-inscripci\u00f3n\" id=\"tab-472ac8cca8a2fc8ed7f\">\n<p style=\"text-align: justify;\">La matr\u00edcula se efect\u00faa rellenando los 3 siguientes formularios:<\/p>\n<h4 style=\"text-align: justify;\"><strong><span style=\"color: #006633;\"><a style=\"color: #006633;\" href=\"http:\/\/ivsa.es\/ulia\/ficha-inscripcion-diploma-en-actualizacion-pedagogica-y-excelencia-educativa\/\" target=\"_blank\" rel=\"noopener noreferrer\">1.- La ficha de inscripci\u00f3n<\/a><\/span><\/strong><br \/>\n<strong><span style=\"color: #006633;\"><a style=\"color: #006633;\" href=\"http:\/\/ivsa.es\/ulia\/carta-de-motivos-diploma-en-actualizacion-pedagogica-y-excelencia-educativa\/\" target=\"_blank\" rel=\"noopener noreferrer\">2.- Carta de motivos<\/a><\/span><\/strong><br \/>\n<strong><span style=\"color: #006633;\"><a style=\"color: #006633;\" href=\"http:\/\/ivsa.es\/ulia\/hoja-de-vida-diploma-en-actualizacion-pedagogica-y-excelencia-educativa\/\" target=\"_blank\" rel=\"noopener noreferrer\">3.- Hoja de vida<\/a><\/span><\/strong><\/h4>\n<p style=\"text-align: justify;\">Una vez se le comunique al candidato que ha sido aceptado, deber\u00e1 abonar por transferencia bancaria o directamente a trav\u00e9s de internet en la cuenta del curso el importe de los gastos de pago de gesti\u00f3n del programa. Este importe y en su caso el gasto del posible desplazamiento optativo a uno de los dos siguientes claustros de ULIA son los \u00fanicos gastos que ha de aportar el alumno.<div class=\"accordian fusion-accordian\" style=\"--awb-border-size:1px;--awb-icon-size:13px;--awb-content-font-size:13px;--awb-icon-alignment:left;--awb-hover-color:#f9f9f9;--awb-border-color:#cccccc;--awb-background-color:#ffffff;--awb-divider-color:#e0dede;--awb-divider-hover-color:#e0dede;--awb-icon-color:#ffffff;--awb-title-color:#333333;--awb-content-color:#000000;--awb-icon-box-color:#333333;--awb-toggle-hover-accent-color:#65bc7b;--awb-title-font-family:&#039;Trebuchet MS&#039;, Helvetica, sans-serif;--awb-title-font-weight:400;--awb-title-font-style:normal;--awb-title-font-size:13px;--awb-content-font-family:&#039;Trebuchet MS&#039;, Helvetica, sans-serif;--awb-content-font-style:normal;--awb-content-font-weight:400;\"><div class=\"panel-group fusion-toggle-icon-boxed\" id=\"accordion-566-1\"><div class=\"fusion-panel panel-default panel-f36c744ac3d256a2e fusion-toggle-has-divider\"><div class=\"panel-heading\"><h4 class=\"panel-title toggle\" id=\"toggle_f36c744ac3d256a2e\"><a aria-expanded=\"false\" aria-controls=\"f36c744ac3d256a2e\" role=\"button\" data-toggle=\"collapse\" data-parent=\"#accordion-566-1\" data-target=\"#f36c744ac3d256a2e\" href=\"#f36c744ac3d256a2e\"><span class=\"fusion-toggle-icon-wrapper\" aria-hidden=\"true\"><i class=\"fa-fusion-box active-icon awb-icon-minus\" aria-hidden=\"true\"><\/i><i class=\"fa-fusion-box inactive-icon awb-icon-plus\" aria-hidden=\"true\"><\/i><\/span><span class=\"fusion-toggle-heading\">Pago de la Donaci\u00f3n (solo para solicitudes aceptadas)<\/span><\/a><\/h4><\/div><div id=\"f36c744ac3d256a2e\" class=\"panel-collapse collapse \" aria-labelledby=\"toggle_f36c744ac3d256a2e\"><div class=\"panel-body toggle-content fusion-clearfix\">\n<p style=\"text-align: justify;\">La secretar\u00eda del DAPE y una vez que se le comunique al nuevo alumno que su matr\u00edcula ha sido aceptada, acordar\u00e1 con el solicitante los pasos a seguir para efectivizar el pago de matr\u00edcula correspondiente (150 Euros o su equivalencia en D\u00f3lares). Bien mediante transferencia bancaria a la cuenta del curso, bien mediante una transferencia persona a persona.<\/div><\/div><\/div><\/div><\/div>\n<p class=\"texto\">En el caso del Diploma <span style=\"color: #006633;\"><b>DAPE<\/b><\/span> el \u00fanico pago de 150 Euros o su equivalencia en D\u00f3lares supone el coste de los gastos de infraestructura del curso: el manejo, dise\u00f1o y gesti\u00f3n profesional de la cobertura inform\u00e1tica del curso por parte de la decretar\u00eda del mismo para el a\u00f1o de duraci\u00f3n del programa. En ning\u00fan caso se desvirt\u00faa con esto el compromiso de servir a merced adquirido por ULIA y cada uno de sus profesores.<\/p>\n<p>El plazo de admisiones se cierra en cuanto se complete el cupo de 20 alumnos y en cualquier caso antes del 8 de Diciembre.<\/p>\n<p style=\"text-align: justify;\"><\/div><\/div><\/div><div class=\"fusion-clearfix\"><\/div><\/div><\/div><\/div><\/div><div class=\"fusion-fullwidth fullwidth-box fusion-builder-row-3 hundred-percent-fullwidth non-hundred-percent-height-scrolling\" style=\"--awb-border-radius-top-left:0px;--awb-border-radius-top-right:0px;--awb-border-radius-bottom-right:0px;--awb-border-radius-bottom-left:0px;--awb-overflow:visible;--awb-flex-wrap:wrap;\" ><div class=\"fusion-builder-row fusion-row\"><div class=\"fusion-layout-column fusion_builder_column fusion-builder-column-2 fusion_builder_column_1_1 1_1 fusion-one-full fusion-column-first fusion-column-last fusion-column-no-min-height\" style=\"--awb-bg-size:cover;--awb-margin-bottom:0px;\"><div class=\"fusion-column-wrapper fusion-flex-column-wrapper-legacy\"><div class=\"fusion-text fusion-text-2\"><p style=\"text-align: justify;\">\n<\/div><div class=\"fusion-text fusion-text-3\"><\/div><div class=\"fusion-clearfix\"><\/div><\/div><\/div><\/div><\/div><\/p>\n","protected":false},"excerpt":{"rendered":"","protected":false},"author":1,"featured_media":0,"parent":0,"menu_order":0,"comment_status":"closed","ping_status":"closed","template":"","meta":{"footnotes":""},"class_list":["post-566","page","type-page","status-publish","hentry"],"_links":{"self":[{"href":"https:\/\/ivsa.es\/ulia\/wp-json\/wp\/v2\/pages\/566","targetHints":{"allow":["GET"]}}],"collection":[{"href":"https:\/\/ivsa.es\/ulia\/wp-json\/wp\/v2\/pages"}],"about":[{"href":"https:\/\/ivsa.es\/ulia\/wp-json\/wp\/v2\/types\/page"}],"author":[{"embeddable":true,"href":"https:\/\/ivsa.es\/ulia\/wp-json\/wp\/v2\/users\/1"}],"replies":[{"embeddable":true,"href":"https:\/\/ivsa.es\/ulia\/wp-json\/wp\/v2\/comments?post=566"}],"version-history":[{"count":26,"href":"https:\/\/ivsa.es\/ulia\/wp-json\/wp\/v2\/pages\/566\/revisions"}],"predecessor-version":[{"id":2682,"href":"https:\/\/ivsa.es\/ulia\/wp-json\/wp\/v2\/pages\/566\/revisions\/2682"}],"wp:attachment":[{"href":"https:\/\/ivsa.es\/ulia\/wp-json\/wp\/v2\/media?parent=566"}],"curies":[{"name":"wp","href":"https:\/\/api.w.org\/{rel}","templated":true}]}}