{"id":570,"date":"2016-02-01T11:04:01","date_gmt":"2016-02-01T11:04:01","guid":{"rendered":"http:\/\/ivsa.es\/ulia\/?page_id=570"},"modified":"2025-01-16T11:24:32","modified_gmt":"2025-01-16T11:24:32","slug":"diploma-en-mediacion-y-orientacion-familiar","status":"publish","type":"page","link":"https:\/\/ivsa.es\/ulia\/diploma-en-mediacion-y-orientacion-familiar\/","title":{"rendered":"Diploma en Mediaci\u00f3n y Orientaci\u00f3n Familiar"},"content":{"rendered":"<p style=\"text-align: justify;\"><div class=\"fusion-fullwidth fullwidth-box fusion-builder-row-1 nonhundred-percent-fullwidth non-hundred-percent-height-scrolling\" style=\"--awb-background-position:left top;--awb-border-radius-top-left:0px;--awb-border-radius-top-right:0px;--awb-border-radius-bottom-right:0px;--awb-border-radius-bottom-left:0px;--awb-padding-top:20px;--awb-padding-bottom:20px;--awb-border-sizes-top:0px;--awb-border-sizes-bottom:0px;--awb-flex-wrap:wrap;\" ><div class=\"fusion-builder-row fusion-row\"><div class=\"fusion-layout-column fusion_builder_column fusion-builder-column-0 fusion_builder_column_1_1 1_1 fusion-one-full fusion-column-first fusion-column-last fusion-column-no-min-height\" style=\"--awb-bg-size:cover;--awb-margin-bottom:0px;\"><div class=\"fusion-column-wrapper fusion-flex-column-wrapper-legacy\"><div class=\"fusion-tabs fusion-tabs-1 classic vertical-tabs icon-position-left mobile-mode-accordion\" style=\"--awb-title-border-radius-top-left:0px;--awb-title-border-radius-top-right:0px;--awb-title-border-radius-bottom-right:0px;--awb-title-border-radius-bottom-left:0px;--awb-inactive-color:#f1f2f2;--awb-background-color:#ffffff;--awb-border-color:#ebeaea;--awb-active-border-color:#006634;\"><div class=\"nav\"><ul class=\"nav-tabs\" role=\"tablist\"><li class=\"active\" role=\"presentation\"><a class=\"tab-link\" data-toggle=\"tab\" role=\"tab\" aria-controls=\"tab-cd571fc621b2d7fbf8e\" aria-selected=\"true\" id=\"fusion-tab-caracter\u00edsticas\" href=\"#tab-cd571fc621b2d7fbf8e\"><h4 class=\"fusion-tab-heading\"><i class=\"fontawesome-icon fa fa-list-ul\" aria-hidden=\"true\" style=\"font-size:13px;\"><\/i>Caracter\u00edsticas<\/h4><\/a><\/li><li role=\"presentation\"><a class=\"tab-link\" data-toggle=\"tab\" role=\"tab\" aria-controls=\"tab-7434814fa1877502452\" aria-selected=\"false\" tabindex=\"-1\" id=\"fusion-tab-objetivos\" href=\"#tab-7434814fa1877502452\"><h4 class=\"fusion-tab-heading\"><i class=\"fontawesome-icon fa fa-check-square-o\" aria-hidden=\"true\" style=\"font-size:13px;\"><\/i>Objetivos<\/h4><\/a><\/li><li role=\"presentation\"><a class=\"tab-link\" data-toggle=\"tab\" role=\"tab\" aria-controls=\"tab-ebbede2b2d9eae846a3\" aria-selected=\"false\" tabindex=\"-1\" id=\"fusion-tab-contenidos\" href=\"#tab-ebbede2b2d9eae846a3\"><h4 class=\"fusion-tab-heading\"><i class=\"fontawesome-icon fa fa-list-alt\" aria-hidden=\"true\" style=\"font-size:13px;\"><\/i>Contenidos<\/h4><\/a><\/li><li role=\"presentation\"><a class=\"tab-link\" data-toggle=\"tab\" role=\"tab\" aria-controls=\"tab-789f4153c28da436ec6\" aria-selected=\"false\" tabindex=\"-1\" id=\"fusion-tab-metodolog\u00eda\" href=\"#tab-789f4153c28da436ec6\"><h4 class=\"fusion-tab-heading\"><i class=\"fontawesome-icon fa fa-comment\" aria-hidden=\"true\" style=\"font-size:13px;\"><\/i>Metodolog\u00eda<\/h4><\/a><\/li><li role=\"presentation\"><a class=\"tab-link\" data-toggle=\"tab\" role=\"tab\" aria-controls=\"tab-ed96ad423646c89bad0\" aria-selected=\"false\" tabindex=\"-1\" id=\"fusion-tab-inscripci\u00f3n\" href=\"#tab-ed96ad423646c89bad0\"><h4 class=\"fusion-tab-heading\"><i class=\"fontawesome-icon fa fa-user\" aria-hidden=\"true\" style=\"font-size:13px;\"><\/i>Inscripci\u00f3n<\/h4><\/a><\/li><\/ul><\/div><div class=\"tab-content\"><div class=\"nav fusion-mobile-tab-nav\"><ul class=\"nav-tabs\" role=\"tablist\"><li class=\"active\" role=\"presentation\"><a class=\"tab-link\" data-toggle=\"tab\" role=\"tab\" aria-controls=\"tab-cd571fc621b2d7fbf8e\" aria-selected=\"true\" id=\"mobile-fusion-tab-caracter\u00edsticas\" href=\"#tab-cd571fc621b2d7fbf8e\"><h4 class=\"fusion-tab-heading\"><i class=\"fontawesome-icon fa fa-list-ul\" aria-hidden=\"true\" style=\"font-size:13px;\"><\/i>Caracter\u00edsticas<\/h4><\/a><\/li><\/ul><\/div><div class=\"tab-pane fade fusion-clearfix in active\" role=\"tabpanel\" tabindex=\"0\" aria-labelledby=\"fusion-tab-caracter\u00edsticas\" id=\"tab-cd571fc621b2d7fbf8e\">\n<p><a href=\"http:\/\/ivsa.es\/ulia\/wp-content\/uploads\/2022\/04\/DOF-1.png\"><img fetchpriority=\"high\" decoding=\"async\" class=\"aligncenter size-full wp-image-2199\" src=\"http:\/\/ivsa.es\/ulia\/wp-content\/uploads\/2022\/04\/DOF-1.png\" alt=\"\" width=\"600\" height=\"200\" srcset=\"https:\/\/ivsa.es\/ulia\/wp-content\/uploads\/2022\/04\/DOF-1-200x67.png 200w, https:\/\/ivsa.es\/ulia\/wp-content\/uploads\/2022\/04\/DOF-1-300x100.png 300w, https:\/\/ivsa.es\/ulia\/wp-content\/uploads\/2022\/04\/DOF-1-400x133.png 400w, https:\/\/ivsa.es\/ulia\/wp-content\/uploads\/2022\/04\/DOF-1.png 600w\" sizes=\"(max-width: 600px) 100vw, 600px\" \/><\/a><\/p>\n<p style=\"text-align: justify;\">Programa a distancia enmarcado en el ideario de <strong><span style=\"color: #006633;\"><a style=\"color: #006633;\" href=\"http:\/\/ivsa.es\/ulia\" target=\"_blank\" rel=\"noopener noreferrer\">ULIA<\/a><\/span><\/strong> y de la <span style=\"color: #006633;\"><strong><a style=\"color: #006633;\" href=\"http:\/\/ivsa.es\/ulia\/ficv\" target=\"_blank\" rel=\"noopener noreferrer\">Fundaci\u00f3n Interamericana Ciencia y Vida (FICV)<\/a><\/strong><\/span>, que apuesta por la gratuidad en el servicio a la ciencia.<\/p>\n<p style=\"text-align: justify;\">Profesora coordinadora: Mar\u00eda Alicia Reale<\/p>\n<p style=\"text-align: justify;\">Dise\u00f1o del curso: Prof. Paloma Alonso<\/p>\n<h3 style=\"text-align: justify;\"><strong><span style=\"color: #006633;\">Caracter\u00edsticas del curso:<\/span><\/strong><\/h3>\n<ul>\n<li>Seguimiento del alumno personalizado on-line<\/li>\n<li>Horario seg\u00fan disponibilidad del alumno<\/li>\n<li>Los aprendizajes operan a trav\u00e9s de la lectura de materiales impartidos por la Universidad, cuestionarios on-line y comunicaciones peri\u00f3dicas grupales a trav\u00e9s de internet entre profesores y alumnos.<\/li>\n<li>La Diplomatura en Orientaci\u00f3n y Mediaci\u00f3n Familiar cuenta con la presencia de alumnos de diferentes pa\u00edses del mundo hispanoparlante.<\/li>\n<\/ul>\n<h3 style=\"text-align: justify;\"><strong><span style=\"color: #006633;\">\u00bfQu\u00e9 es la orientaci\u00f3n familiar?<\/span><\/strong><\/h3>\n<p>La Orientaci\u00f3n Familiar es un servicio de ayuda para la mejora personal, familiar y social de quienes integran una familia. Se trabaja de manera preventiva en el fortalecimiento de los v\u00ednculos interpersonales para evitar conflictos o superar crisis vitales. Uno de sus mayores \u00e1mbitos es la educaci\u00f3n familiar.<\/p>\n<h3 style=\"text-align: justify;\"><strong><span style=\"color: #006633;\">Descripci\u00f3n General:<\/span><\/strong><\/h3>\n<p>El curso ha sido programado para brindar a los alumnos una base de conocimientos sobre la familia y el matrimonio de modo que los mismos puedan ser aplicados al brindar una orientaci\u00f3n familiar tanto a matrimonios que atraviesan dificultad como a familias que necesitan asesoramiento ante retos o problemas inesperados.<\/p>\n<p>La Diplomatura en Orientaci\u00f3n y Mediaci\u00f3n Familiar contempla revisar las caracter\u00edsticas de las diferentes etapas del ciclo vital familiar y situaciones de la vida dom\u00e9stica las que servir\u00e1n de fundamento te\u00f3rico para la intervenci\u00f3n y asesoramiento a las familias. A tal efecto se estudiar\u00e1n los principales problemas desde una \u00f3ptica preventiva. De esta manera el Programa se orienta como instrumento de ayuda para la formaci\u00f3n de Orientadores Familiares y para la capacitaci\u00f3n de Mediadores.<\/p>\n<p>Este curso complementa la formaci\u00f3n generalista que se imparte en el Diploma en Liderazgo y Pr\u00e1cticas de Afirmaci\u00f3n Familiar (DPAF), de forma que ambos diplomas, DPAF y DOF, conforman la Maestr\u00eda en Familia de ULIA cuyo reconocimiento ser\u00e1 expedido a los exalumnos del DPAF y del DOF que cuenten con un <strong>t\u00edtulo de grado<\/strong> previo.<\/p>\n<h3><span style=\"color: #006633;\"><strong>Duraci\u00f3n<\/strong>:<\/span><\/h3>\n<p>1 a\u00f1o: del 1 de Enero al 31 de Diciembre.<br \/>\nCarga lectiva equivalente a 20 cr\u00e9ditos (entre 300-500 horas de dedicaci\u00f3n)<\/p>\n<p>El per\u00edodo de matriculaci\u00f3n inicia en Junio.<\/p>\n<p style=\"text-align: justify;\"><\/div><div class=\"nav fusion-mobile-tab-nav\"><ul class=\"nav-tabs\" role=\"tablist\"><li role=\"presentation\"><a class=\"tab-link\" data-toggle=\"tab\" role=\"tab\" aria-controls=\"tab-7434814fa1877502452\" aria-selected=\"false\" tabindex=\"-1\" id=\"mobile-fusion-tab-objetivos\" href=\"#tab-7434814fa1877502452\"><h4 class=\"fusion-tab-heading\"><i class=\"fontawesome-icon fa fa-check-square-o\" aria-hidden=\"true\" style=\"font-size:13px;\"><\/i>Objetivos<\/h4><\/a><\/li><\/ul><\/div><div class=\"tab-pane fade fusion-clearfix\" role=\"tabpanel\" tabindex=\"0\" aria-labelledby=\"fusion-tab-objetivos\" id=\"tab-7434814fa1877502452\">\n<p><a href=\"http:\/\/ivsa.es\/ulia\/wp-content\/uploads\/2022\/04\/DOF-4.png\"><img decoding=\"async\" class=\"aligncenter size-full wp-image-2204\" src=\"http:\/\/ivsa.es\/ulia\/wp-content\/uploads\/2022\/04\/DOF-4.png\" alt=\"\" width=\"600\" height=\"200\" srcset=\"https:\/\/ivsa.es\/ulia\/wp-content\/uploads\/2022\/04\/DOF-4-200x67.png 200w, https:\/\/ivsa.es\/ulia\/wp-content\/uploads\/2022\/04\/DOF-4-300x100.png 300w, https:\/\/ivsa.es\/ulia\/wp-content\/uploads\/2022\/04\/DOF-4-400x133.png 400w, https:\/\/ivsa.es\/ulia\/wp-content\/uploads\/2022\/04\/DOF-4.png 600w\" sizes=\"(max-width: 600px) 100vw, 600px\" \/><\/a><\/p>\n<ol style=\"text-align: justify;\">\n<li>Disponer del bagaje conceptual necesario para ejercer la consejer\u00eda de familia en instituciones y centros asistenciales o educativos.<\/li>\n<li>Incorporar los elementos de juicio convenientes para ayudar en la resoluci\u00f3n de problemas conyugales desde los centros de orientaci\u00f3n y mediaci\u00f3n familiar.<\/li>\n<li>Conseguir unos marcos de referencia id\u00f3neos que enriquezcan la funci\u00f3n del profesor en centros educativos.<\/li>\n<li>Obtener unas l\u00edneas directrices saludables para ejercer adecuadamente la funci\u00f3n de asesoramiento en la direcci\u00f3n de centros educativos, agencias de pastoral juvenil, familiar o matrimonial, y en la organizaci\u00f3n de programas familiares.<\/li>\n<li>Introducirse en una red de apoyo acad\u00e9mico y puesta al d\u00eda para desempe\u00f1ar adecuadamente la tarea de orientador o mediador familiar.<\/li>\n<\/ol>\n<p style=\"text-align: justify;\"><\/div><div class=\"nav fusion-mobile-tab-nav\"><ul class=\"nav-tabs\" role=\"tablist\"><li role=\"presentation\"><a class=\"tab-link\" data-toggle=\"tab\" role=\"tab\" aria-controls=\"tab-ebbede2b2d9eae846a3\" aria-selected=\"false\" tabindex=\"-1\" id=\"mobile-fusion-tab-contenidos\" href=\"#tab-ebbede2b2d9eae846a3\"><h4 class=\"fusion-tab-heading\"><i class=\"fontawesome-icon fa fa-list-alt\" aria-hidden=\"true\" style=\"font-size:13px;\"><\/i>Contenidos<\/h4><\/a><\/li><\/ul><\/div><div class=\"tab-pane fade fusion-clearfix\" role=\"tabpanel\" tabindex=\"0\" aria-labelledby=\"fusion-tab-contenidos\" id=\"tab-ebbede2b2d9eae846a3\"><a href=\"http:\/\/ivsa.es\/ulia\/wp-content\/uploads\/2022\/04\/DOF-2.png\"><img decoding=\"async\" class=\"aligncenter size-full wp-image-2200\" src=\"http:\/\/ivsa.es\/ulia\/wp-content\/uploads\/2022\/04\/DOF-2.png\" alt=\"\" width=\"600\" height=\"200\" srcset=\"https:\/\/ivsa.es\/ulia\/wp-content\/uploads\/2022\/04\/DOF-2-200x67.png 200w, https:\/\/ivsa.es\/ulia\/wp-content\/uploads\/2022\/04\/DOF-2-300x100.png 300w, https:\/\/ivsa.es\/ulia\/wp-content\/uploads\/2022\/04\/DOF-2-400x133.png 400w, https:\/\/ivsa.es\/ulia\/wp-content\/uploads\/2022\/04\/DOF-2.png 600w\" sizes=\"(max-width: 600px) 100vw, 600px\" \/><\/a><\/p>\n<h2 style=\"text-align: justify;\"><span style=\"color: #006633;\"><strong>PROGRAMA<\/strong><\/span><\/h2>\n<h3><span style=\"color: #006633; text-align: justify;\">SEMESTRE 1.<\/span><\/h3>\n<hr \/>\n<h3><span style=\"color: #006633; text-align: justify;\">ENERO. RELACIONES CONYUGALES: NOSOTROS DOS<\/span><\/h3>\n<ul>\n<li>Conocimiento propio y aprendizaje en com\u00fan.<\/li>\n<li>Respetar la libertad.<\/li>\n<li>Comunicaci\u00f3n en el matrimonio.<\/li>\n<li>Conflictos y crisis conyugales<\/li>\n<li>Matrimonio y sexualidad: aspectos m\u00e9dicos y \u00e9ticos.<\/li>\n<\/ul>\n<h3 style=\"text-align: justify;\"><span style=\"color: #006633;\">FEBRERO. RELACIONES CONYUGALES: EL PADRE Y LA MADRE<\/span><\/h3>\n<ul>\n<li>El papel del padre en la familia<\/li>\n<li>Educaci\u00f3n para el amor. Quien y cuando.<\/li>\n<li>La convivencia familiar: gratuidad en el amor<\/li>\n<li>Educaci\u00f3n de la libertad<\/li>\n<li>La familia como \u00e1mbito educativo<\/li>\n<li>Conciliar trabajo y familia.<\/li>\n<li>La Orientaci\u00f3n familiar<\/li>\n<\/ul>\n<h3 style=\"text-align: justify;\"><span style=\"color: #006633;\">\u00a0MARZO. EDUCAR A LOS HIJOS<\/span><\/h3>\n<ul>\n<li>Comunicaci\u00f3n con los hijos<\/li>\n<li>La obediencia. Los l\u00edmites<\/li>\n<li>Educar las virtudes I: La reciedumbre\/fortaleza\/sobriedad<\/li>\n<li>Sinceridad: verdades y mentiras<\/li>\n<li>Educar la voluntad<\/li>\n<li>El tiempo de ocio en la familia<\/li>\n<li>Los ciclos vitales familiares<\/li>\n<\/ul>\n<h3 style=\"text-align: justify;\"><span style=\"color: #006633;\">ABRIL. PRIMEROS PASOS<\/span><\/h3>\n<ul>\n<li>Los marcos del desarrollo infantil<\/li>\n<li>El ambiente familiar: normas, encargos y rutinas<\/li>\n<li>Herencia y caracteres<\/li>\n<li>Los hermanos<\/li>\n<li>El juego en la vida del ni\u00f1o: La guarder\u00eda<\/li>\n<li>Educaci\u00f3n de la voluntad<\/li>\n<li>Educar las virtudes II: la generosidad, el respeto y la confianza<\/li>\n<\/ul>\n<h3 style=\"text-align: justify;\"><span style=\"color: #006633;\">MAYO. PRIMARIA<\/span><\/h3>\n<ul>\n<li>Padre y madre: roles distintos, igual empe\u00f1o<\/li>\n<li>Vida cristiana en la familia<\/li>\n<li>Firmeza y flexibilidad.<\/li>\n<li>Esp\u00edritu de servicio y generosidad<\/li>\n<li>Los h\u00e1bitos<\/li>\n<li>La Mediaci\u00f3n familiar<\/li>\n<li>Violencia en la familia<\/li>\n<\/ul>\n<h3 style=\"text-align: justify;\"><span style=\"color: #006633;\">SEMESTRE 2. AGOSTO. PREADOLESCENTES<\/span><\/h3>\n<ul>\n<li>Car\u00e1cter y personalidad en la pre-adolescencia<\/li>\n<li>La adquisici\u00f3n de h\u00e1bitos intelectuales<\/li>\n<li>Los estudios de los hijos<\/li>\n<li>Libertad y autoridad<\/li>\n<li>La comunicaci\u00f3n familiar<\/li>\n<li>Uso problem\u00e1tico de Internet en la familia<\/li>\n<\/ul>\n<h3 style=\"text-align: justify;\"><span style=\"color: #006633;\">SEPTIEMBRE. ADOLESCENTES<\/span><\/h3>\n<ul>\n<li>Car\u00e1cter y personalidad en la adolescencia<\/li>\n<li>Primeras salidas. La conquista de la autonom\u00eda<\/li>\n<li>La educaci\u00f3n de la afectividad<\/li>\n<li>Los amigos de los hijos<\/li>\n<li>Medios de la educaci\u00f3n familiar: dinero y tiempo<\/li>\n<li>La formaci\u00f3n de los padres: la misi\u00f3n de educar<\/li>\n<\/ul>\n<h3 style=\"text-align: justify;\"><span style=\"color: #006633;\">OCTUBRE. MEJORAR NUESTRA FAMILIA<\/span><\/h3>\n<ul>\n<li>La madre : estilo educativo<\/li>\n<li>Conciliar familia-trabajo: clave para la unidad de criterios y acciones<br \/>\nLa filiaci\u00f3n<\/li>\n<li>La espiritualidad familiar<\/li>\n<li>Felicidad y dolor en la familia: el duelo<\/li>\n<\/ul>\n<h3 style=\"text-align: justify;\"><span style=\"color: #006633;\">NOVIEMBRE. LA ACCI\u00d3N FAMILIAR<\/span><\/h3>\n<ul>\n<li>Familia solidaria<\/li>\n<li>La cultura familiar<\/li>\n<li>Las vacaciones, la biblioteca y otros recursos del hogar<\/li>\n<li>Familia y amistad<\/li>\n<li>Participaci\u00f3n familiar<\/li>\n<li>La familia extensa<\/li>\n<\/ul>\n<h3 style=\"text-align: justify;\"><span style=\"color: #006633;\">DICIEMBRE. EL NIDO VAC\u00cdO<\/span><\/h3>\n<ul>\n<li>Desprendimiento de los hijos. Echarles a volar<\/li>\n<li>Los proyectos de vida<\/li>\n<li>Tiempo para los dos; tiempo para otros<\/li>\n<li>Los abuelos<\/li>\n<li>El cuidado y protecci\u00f3n en la familia<\/li>\n<li>La soledad en la familia<\/li>\n<\/ul>\n<p style=\"text-align: justify;\"><\/div><div class=\"nav fusion-mobile-tab-nav\"><ul class=\"nav-tabs\" role=\"tablist\"><li role=\"presentation\"><a class=\"tab-link\" data-toggle=\"tab\" role=\"tab\" aria-controls=\"tab-789f4153c28da436ec6\" aria-selected=\"false\" tabindex=\"-1\" id=\"mobile-fusion-tab-metodolog\u00eda\" href=\"#tab-789f4153c28da436ec6\"><h4 class=\"fusion-tab-heading\"><i class=\"fontawesome-icon fa fa-comment\" aria-hidden=\"true\" style=\"font-size:13px;\"><\/i>Metodolog\u00eda<\/h4><\/a><\/li><\/ul><\/div><div class=\"tab-pane fade fusion-clearfix\" role=\"tabpanel\" tabindex=\"0\" aria-labelledby=\"fusion-tab-metodolog\u00eda\" id=\"tab-789f4153c28da436ec6\">\n<p><a href=\"http:\/\/ivsa.es\/ulia\/wp-content\/uploads\/2022\/04\/DOF-3.png\"><img loading=\"lazy\" decoding=\"async\" class=\"aligncenter size-full wp-image-2201\" src=\"http:\/\/ivsa.es\/ulia\/wp-content\/uploads\/2022\/04\/DOF-3.png\" alt=\"\" width=\"600\" height=\"200\" srcset=\"https:\/\/ivsa.es\/ulia\/wp-content\/uploads\/2022\/04\/DOF-3-200x67.png 200w, https:\/\/ivsa.es\/ulia\/wp-content\/uploads\/2022\/04\/DOF-3-300x100.png 300w, https:\/\/ivsa.es\/ulia\/wp-content\/uploads\/2022\/04\/DOF-3-400x133.png 400w, https:\/\/ivsa.es\/ulia\/wp-content\/uploads\/2022\/04\/DOF-3.png 600w\" sizes=\"(max-width: 600px) 100vw, 600px\" \/><\/a><\/p>\n<p>&nbsp;<\/p>\n<p>El Programa de Estudios de la Diplomatura en Orientaci\u00f3n Familiar (DOF) se basa en la modalidad on-line y se articula en dos semestres cumplimentados en un a\u00f1o: Uno de <strong>Enero a Mayo<\/strong> y otro de <strong>Agosto a Diciembre.<\/strong><\/p>\n<p>Cada env\u00edo mensual, adem\u00e1s de los textos propios del mes, incorporar\u00e1 un control de lectura que son los deberes que el alumno debe de remitir a la direcci\u00f3n del curso a principio del mes siguiente y a que su vez la direcci\u00f3n del curso reportar\u00e1 adjuntando consejos y requerimientos que se consideren necesarios para el mejor aprovechamiento. Al efecto, es necesario tener aprobado el primer semestre para cursar el segundo.<\/p>\n<p>Las actividades del curso comprenden la lectura de art\u00edculos y documentos que se enviar\u00e1n a trav\u00e9s de internet as\u00ed como el an\u00e1lisis cr\u00edtico de los textos suministrados. Cada unidad tem\u00e1tica se desarrolla a t\u00edtulo orientativo para el alumno en un mes, y se har\u00e1 llegar toda la bibliograf\u00eda correspondiente a cada unidad tem\u00e1tica en un solo env\u00edo el d\u00eda 1 del mes. Los textos enviados deben ser considerados el m\u00ednimo suficiente que se pretende que el alumno incorpore para su capacitaci\u00f3n.<\/p>\n<p>El alumnado dispondr\u00e1 de la ayuda del equipo docente para solventar dudas o problemas, consultar los temas de los trabajos requeridos o recabar bibliograf\u00eda adicional si se estima conveniente.<\/p>\n<p style=\"text-align: justify;\">La direcci\u00f3n \u00fanica del curso es: <span style=\"color: #006633;\"><strong><a style=\"color: #006633;\" href=\"mailto:dof@ulia.org\">dof@ulia.org<\/a><\/strong><\/span><\/p>\n<p>Dirigido a personas interesadas en la tem\u00e1tica familiar.<\/p>\n<p style=\"text-align: justify;\"><\/div><div class=\"nav fusion-mobile-tab-nav\"><ul class=\"nav-tabs\" role=\"tablist\"><li role=\"presentation\"><a class=\"tab-link\" data-toggle=\"tab\" role=\"tab\" aria-controls=\"tab-ed96ad423646c89bad0\" aria-selected=\"false\" tabindex=\"-1\" id=\"mobile-fusion-tab-inscripci\u00f3n\" href=\"#tab-ed96ad423646c89bad0\"><h4 class=\"fusion-tab-heading\"><i class=\"fontawesome-icon fa fa-user\" aria-hidden=\"true\" style=\"font-size:13px;\"><\/i>Inscripci\u00f3n<\/h4><\/a><\/li><\/ul><\/div><div class=\"tab-pane fade fusion-clearfix\" role=\"tabpanel\" tabindex=\"0\" aria-labelledby=\"fusion-tab-inscripci\u00f3n\" id=\"tab-ed96ad423646c89bad0\">\n<p><a href=\"http:\/\/ivsa.es\/ulia\/wp-content\/uploads\/2022\/04\/DOF-5.png\"><img loading=\"lazy\" decoding=\"async\" class=\"aligncenter size-full wp-image-2205\" src=\"http:\/\/ivsa.es\/ulia\/wp-content\/uploads\/2022\/04\/DOF-5.png\" alt=\"\" width=\"600\" height=\"200\" srcset=\"https:\/\/ivsa.es\/ulia\/wp-content\/uploads\/2022\/04\/DOF-5-200x67.png 200w, https:\/\/ivsa.es\/ulia\/wp-content\/uploads\/2022\/04\/DOF-5-300x100.png 300w, https:\/\/ivsa.es\/ulia\/wp-content\/uploads\/2022\/04\/DOF-5-400x133.png 400w, https:\/\/ivsa.es\/ulia\/wp-content\/uploads\/2022\/04\/DOF-5.png 600w\" sizes=\"(max-width: 600px) 100vw, 600px\" \/><\/a><\/p>\n<p style=\"text-align: justify;\">La matr\u00edcula se efect\u00faa rellenando los 3 siguientes formularios:<\/p>\n<h4 style=\"text-align: justify;\"><strong><span style=\"color: #006633;\"><a style=\"color: #006633;\" href=\"http:\/\/ivsa.es\/ulia\/ficha-de-inscripcion-diploma-en-mediacion-y-orientacion-familiar\/\" target=\"_blank\" rel=\"noopener noreferrer\">1.- La ficha de inscripci\u00f3n<\/a><\/span><\/strong><br \/>\n<strong><span style=\"color: #006633;\"><a style=\"color: #006633;\" href=\"http:\/\/ivsa.es\/ulia\/carta-de-motivos-diploma-en-mediacion-y-orientacion-familiar\/\" target=\"_blank\" rel=\"noopener noreferrer\">2.- Carta de motivos<\/a><\/span><\/strong><br \/>\n<strong><span style=\"color: #006633;\"><a style=\"color: #006633;\" href=\"http:\/\/ivsa.es\/ulia\/hoja-de-vida-diploma-en-mediacion-y-orientacion-familiar\/\" target=\"_blank\" rel=\"noopener noreferrer\">3.- Hoja de vida<\/a><\/span><\/strong><\/h4>\n<p style=\"text-align: justify;\">Una vez se le comunique al candidato que ha sido aceptado, deber\u00e1 abonar por transferencia bancaria o directamente a trav\u00e9s de internet en la cuenta del curso el importe de los gastos de pago de gesti\u00f3n del programa. Este importe y en su caso el gasto del posible desplazamiento a una de las dos siguientes claustros de ULIA son los \u00fanicos gastos que ha de aportar el alumno.<div class=\"accordian fusion-accordian\" style=\"--awb-border-size:1px;--awb-icon-size:13px;--awb-content-font-size:13px;--awb-icon-alignment:left;--awb-hover-color:#f9f9f9;--awb-border-color:#cccccc;--awb-background-color:#ffffff;--awb-divider-color:#e0dede;--awb-divider-hover-color:#e0dede;--awb-icon-color:#ffffff;--awb-title-color:#333333;--awb-content-color:#000000;--awb-icon-box-color:#333333;--awb-toggle-hover-accent-color:#65bc7b;--awb-title-font-family:&#039;Trebuchet MS&#039;, Helvetica, sans-serif;--awb-title-font-weight:400;--awb-title-font-style:normal;--awb-title-font-size:13px;--awb-content-font-family:&#039;Trebuchet MS&#039;, Helvetica, sans-serif;--awb-content-font-style:normal;--awb-content-font-weight:400;\"><div class=\"panel-group fusion-toggle-icon-boxed\" id=\"accordion-570-1\"><div class=\"fusion-panel panel-default panel-a1806ece80bb2e531 fusion-toggle-has-divider\"><div class=\"panel-heading\"><h4 class=\"panel-title toggle\" id=\"toggle_a1806ece80bb2e531\"><a aria-expanded=\"false\" aria-controls=\"a1806ece80bb2e531\" role=\"button\" data-toggle=\"collapse\" data-parent=\"#accordion-570-1\" data-target=\"#a1806ece80bb2e531\" href=\"#a1806ece80bb2e531\"><span class=\"fusion-toggle-icon-wrapper\" aria-hidden=\"true\"><i class=\"fa-fusion-box active-icon awb-icon-minus\" aria-hidden=\"true\"><\/i><i class=\"fa-fusion-box inactive-icon awb-icon-plus\" aria-hidden=\"true\"><\/i><\/span><span class=\"fusion-toggle-heading\">Pago de la Donaci\u00f3n (solo para solicitudes aceptadas)<\/span><\/a><\/h4><\/div><div id=\"a1806ece80bb2e531\" class=\"panel-collapse collapse \" aria-labelledby=\"toggle_a1806ece80bb2e531\"><div class=\"panel-body toggle-content fusion-clearfix\">\n<p style=\"text-align: justify;\">La\u00a0secretar\u00eda del DOF y una vez que se le comunique al nuevo alumno que\u00a0su\u00a0matr\u00edcula ha sido aceptada,\u00a0acordar\u00e1 con el\u00a0solicitante los pasos a seguir para efectivizar el pago de matr\u00edcula\u00a0correspondiente (150 euros o su equivalencia en D\u00f3lares). Bien mediante transferencia bancaria a la cuenta del curso, bien mediante Paypal.<\/div><\/div><\/div><\/div><\/div>\n<p style=\"text-align: justify;\">En el caso del Diploma en Orientaci\u00f3n Familiar, el \u00fanico pago de 150 Euros o su equivalencia en d\u00f3lares supone el coste de los gastos de infraestructura del curso: el manejo, dise\u00f1o y gesti\u00f3n profesional de la cobertura inform\u00e1tica del curso por parte de la secretar\u00eda del mismo para el a\u00f1o de duraci\u00f3n del programa. En ning\u00fan caso se desvirt\u00faa con esto el compromiso de servir a merced adquirido por ULIA y cada uno de sus profesores.<\/p>\n<p style=\"text-align: justify;\">Las fechas tope son el 15 de Noviembre (para el env\u00edo de la solicitud de inscripci\u00f3n) y antes del 15 de Diciembre (para el env\u00edo del importe caso de que haya sido aceptada la solicitud). Matr\u00edcula abierta hasta completar cupo y en todo caso antes del 8 de diciembre del a\u00f1o en curso..<\/p>\n<p style=\"text-align: justify;\"><\/div><\/div><\/div><div class=\"fusion-clearfix\"><\/div><\/div><\/div><\/div><\/div><div class=\"fusion-fullwidth fullwidth-box fusion-builder-row-2 hundred-percent-fullwidth non-hundred-percent-height-scrolling\" style=\"--awb-border-radius-top-left:0px;--awb-border-radius-top-right:0px;--awb-border-radius-bottom-right:0px;--awb-border-radius-bottom-left:0px;--awb-overflow:visible;--awb-flex-wrap:wrap;\" ><div class=\"fusion-builder-row fusion-row\"><div class=\"fusion-layout-column fusion_builder_column fusion-builder-column-1 fusion_builder_column_1_1 1_1 fusion-one-full fusion-column-first fusion-column-last fusion-column-no-min-height\" style=\"--awb-bg-size:cover;--awb-margin-bottom:0px;\"><div class=\"fusion-column-wrapper fusion-flex-column-wrapper-legacy\"><div class=\"fusion-text fusion-text-1\"><p style=\"text-align: justify;\">\n<\/div>\n<div class=\"fusion-clearfix\"><\/div><\/div><\/div><\/div><\/div><\/p>\n","protected":false},"excerpt":{"rendered":"","protected":false},"author":1,"featured_media":0,"parent":0,"menu_order":0,"comment_status":"closed","ping_status":"closed","template":"","meta":{"footnotes":""},"class_list":["post-570","page","type-page","status-publish","hentry"],"_links":{"self":[{"href":"https:\/\/ivsa.es\/ulia\/wp-json\/wp\/v2\/pages\/570","targetHints":{"allow":["GET"]}}],"collection":[{"href":"https:\/\/ivsa.es\/ulia\/wp-json\/wp\/v2\/pages"}],"about":[{"href":"https:\/\/ivsa.es\/ulia\/wp-json\/wp\/v2\/types\/page"}],"author":[{"embeddable":true,"href":"https:\/\/ivsa.es\/ulia\/wp-json\/wp\/v2\/users\/1"}],"replies":[{"embeddable":true,"href":"https:\/\/ivsa.es\/ulia\/wp-json\/wp\/v2\/comments?post=570"}],"version-history":[{"count":24,"href":"https:\/\/ivsa.es\/ulia\/wp-json\/wp\/v2\/pages\/570\/revisions"}],"predecessor-version":[{"id":2769,"href":"https:\/\/ivsa.es\/ulia\/wp-json\/wp\/v2\/pages\/570\/revisions\/2769"}],"wp:attachment":[{"href":"https:\/\/ivsa.es\/ulia\/wp-json\/wp\/v2\/media?parent=570"}],"curies":[{"name":"wp","href":"https:\/\/api.w.org\/{rel}","templated":true}]}}