{"id":578,"date":"2016-02-01T11:05:25","date_gmt":"2016-02-01T11:05:25","guid":{"rendered":"http:\/\/ivsa.es\/ulia\/?page_id=578"},"modified":"2024-04-16T10:11:50","modified_gmt":"2024-04-16T10:11:50","slug":"diploma-en-gestion-directiva-de-entidades-no-lucrativas","status":"publish","type":"page","link":"https:\/\/ivsa.es\/ulia\/diploma-en-gestion-directiva-de-entidades-no-lucrativas\/","title":{"rendered":"Diploma en Gesti\u00f3n Directiva de Entidades no Lucrativas"},"content":{"rendered":"<p><div class=\"fusion-fullwidth fullwidth-box fusion-builder-row-1 hundred-percent-fullwidth non-hundred-percent-height-scrolling\" style=\"--awb-border-radius-top-left:0px;--awb-border-radius-top-right:0px;--awb-border-radius-bottom-right:0px;--awb-border-radius-bottom-left:0px;--awb-overflow:visible;--awb-flex-wrap:wrap;\" ><div class=\"fusion-builder-row fusion-row\"><div class=\"fusion-layout-column fusion_builder_column fusion-builder-column-0 fusion_builder_column_1_1 1_1 fusion-one-full fusion-column-first fusion-column-last fusion-column-no-min-height\" style=\"--awb-bg-size:cover;--awb-margin-bottom:0px;\"><div class=\"fusion-column-wrapper fusion-flex-column-wrapper-legacy\"><div class=\"fusion-text fusion-text-1\"><p style=\"text-align: justify;\">\n<\/div><div class=\"fusion-clearfix\"><\/div><\/div><\/div><\/div><\/div><div class=\"fusion-fullwidth fullwidth-box fusion-builder-row-2 nonhundred-percent-fullwidth non-hundred-percent-height-scrolling\" style=\"--awb-background-position:left top;--awb-border-radius-top-left:0px;--awb-border-radius-top-right:0px;--awb-border-radius-bottom-right:0px;--awb-border-radius-bottom-left:0px;--awb-padding-top:20px;--awb-padding-bottom:20px;--awb-border-sizes-top:0px;--awb-border-sizes-bottom:0px;--awb-flex-wrap:wrap;\" ><div class=\"fusion-builder-row fusion-row\"><div class=\"fusion-layout-column fusion_builder_column fusion-builder-column-1 fusion_builder_column_1_1 1_1 fusion-one-full fusion-column-first fusion-column-last fusion-column-no-min-height\" style=\"--awb-bg-size:cover;--awb-margin-bottom:0px;\"><div class=\"fusion-column-wrapper fusion-flex-column-wrapper-legacy\"><div class=\"fusion-tabs fusion-tabs-1 classic vertical-tabs icon-position-left mobile-mode-accordion\" style=\"--awb-title-border-radius-top-left:0px;--awb-title-border-radius-top-right:0px;--awb-title-border-radius-bottom-right:0px;--awb-title-border-radius-bottom-left:0px;--awb-inactive-color:#f1f2f2;--awb-background-color:#ffffff;--awb-border-color:#ebeaea;--awb-active-border-color:#006634;\"><div class=\"nav\"><ul class=\"nav-tabs\" role=\"tablist\"><li class=\"active\" role=\"presentation\"><a class=\"tab-link\" data-toggle=\"tab\" role=\"tab\" aria-controls=\"tab-3ec53bae8658deb250c\" aria-selected=\"true\" id=\"fusion-tab-caracter\u00edsticas\" href=\"#tab-3ec53bae8658deb250c\"><h4 class=\"fusion-tab-heading\"><i class=\"fontawesome-icon fa fa-list-ul\" aria-hidden=\"true\" style=\"font-size:13px;\"><\/i>Caracter\u00edsticas<\/h4><\/a><\/li><li role=\"presentation\"><a class=\"tab-link\" data-toggle=\"tab\" role=\"tab\" aria-controls=\"tab-535ace4775bb842427b\" aria-selected=\"false\" tabindex=\"-1\" id=\"fusion-tab-objetivos\" href=\"#tab-535ace4775bb842427b\"><h4 class=\"fusion-tab-heading\"><i class=\"fontawesome-icon fa fa-check-square-o\" aria-hidden=\"true\" style=\"font-size:13px;\"><\/i>Objetivos<\/h4><\/a><\/li><li role=\"presentation\"><a class=\"tab-link\" data-toggle=\"tab\" role=\"tab\" aria-controls=\"tab-41d4fcc3ab65454cc4c\" aria-selected=\"false\" tabindex=\"-1\" id=\"fusion-tab-contenidos\" href=\"#tab-41d4fcc3ab65454cc4c\"><h4 class=\"fusion-tab-heading\"><i class=\"fontawesome-icon fa fa-list-alt\" aria-hidden=\"true\" style=\"font-size:13px;\"><\/i>Contenidos<\/h4><\/a><\/li><li role=\"presentation\"><a class=\"tab-link\" data-toggle=\"tab\" role=\"tab\" aria-controls=\"tab-0909e440f1d3fad6e35\" aria-selected=\"false\" tabindex=\"-1\" id=\"fusion-tab-metodolog\u00eda\" href=\"#tab-0909e440f1d3fad6e35\"><h4 class=\"fusion-tab-heading\"><i class=\"fontawesome-icon fa fa-comment\" aria-hidden=\"true\" style=\"font-size:13px;\"><\/i>Metodolog\u00eda<\/h4><\/a><\/li><li role=\"presentation\"><a class=\"tab-link\" data-toggle=\"tab\" role=\"tab\" aria-controls=\"tab-324228ffef44c0a80ad\" aria-selected=\"false\" tabindex=\"-1\" id=\"fusion-tab-inscripci\u00f3n\" href=\"#tab-324228ffef44c0a80ad\"><h4 class=\"fusion-tab-heading\"><i class=\"fontawesome-icon fa fa-user\" aria-hidden=\"true\" style=\"font-size:13px;\"><\/i>Inscripci\u00f3n<\/h4><\/a><\/li><\/ul><\/div><div class=\"tab-content\"><div class=\"nav fusion-mobile-tab-nav\"><ul class=\"nav-tabs\" role=\"tablist\"><li class=\"active\" role=\"presentation\"><a class=\"tab-link\" data-toggle=\"tab\" role=\"tab\" aria-controls=\"tab-3ec53bae8658deb250c\" aria-selected=\"true\" id=\"mobile-fusion-tab-caracter\u00edsticas\" href=\"#tab-3ec53bae8658deb250c\"><h4 class=\"fusion-tab-heading\"><i class=\"fontawesome-icon fa fa-list-ul\" aria-hidden=\"true\" style=\"font-size:13px;\"><\/i>Caracter\u00edsticas<\/h4><\/a><\/li><\/ul><\/div><div class=\"tab-pane fade fusion-clearfix in active\" role=\"tabpanel\" tabindex=\"0\" aria-labelledby=\"fusion-tab-caracter\u00edsticas\" id=\"tab-3ec53bae8658deb250c\">\n<p style=\"text-align: justify;\">Programa a distancia enmarcado en el ideario de <span style=\"color: #006633;\"><a style=\"color: #006633;\" href=\"http:\/\/ivsa.es\/ulia\/md\"><b>ULIA<\/b><\/a><\/span> y de la <span style=\"color: #006633;\"><a style=\"color: #006633;\" href=\"http:\/\/ivsa.es\/ulia\/ficv\"><b>Fundaci\u00f3n Interamericana Ciencia y Vida (FICV)<\/b><\/a><\/span>,que apuesta por la gratuidad en el servicio a la ciencia y la defensa de la vida humana y su dignidad.<\/p>\n<h2 style=\"text-align: justify;\"><span style=\"color: #006633;\"><strong>Descripci\u00f3n General:\u00a0<\/strong><\/span><\/h2>\n<p style=\"text-align: justify;\">El Diploma en Gesti\u00f3n Directiva de Entidades No Lucrativas (DIGESDI), se desarrolla en dos semestres con contenidos te\u00f3ricos y pr\u00e1cticos. En el primero (Enero a Junio) expondremos a los alumnos una panor\u00e1mica general de gesti\u00f3n, direcci\u00f3n, administraci\u00f3n, identidad y responsabilidad corporativa aplicada a las entidades no lucrativas. En el segundo (Julio a Diciembre) se estudian la planificaci\u00f3n, los proyectos, la imagen, y las relaciones institucionales de las organizaciones no lucrativas, fundamentales hoy para la preparaci\u00f3n de proyectos sociales que permitan a nuestras entidades el acceso a financiaci\u00f3n externa y una mejor visibilidad externa, asegurando niveles de impacto social visibles y conmensurables as\u00ed como la preparaci\u00f3n de proyectos sociales que permitan a nuestras ENL:\u00a0 por un lado,\u00a0 el acceso a la financiaci\u00f3n necesaria para el cumplimiento de la MISI\u00d3N, OBJETIVOS Y FINES de nuestras respectivas Entidades y por otro, una adecuada visibilidad externa para la consecuci\u00f3n de\u00a0 elevados niveles de impacto social.<\/p>\n<p style=\"text-align: justify;\">Para pasar el curso los alumnos deber\u00e1n enviar en tiempo y forma los controles de lectura de las 6 unidades tem\u00e1ticas (3 por semestre) as\u00ed como los 5 casos pr\u00e1cticos, uno en el primer semestre y 4 en el segundo.<\/p>\n<h3 style=\"text-align: justify;\"><span style=\"color: #006633;\">\u00a0Duraci\u00f3n:<\/span><\/h3>\n<p style=\"text-align: justify;\">1 a\u00f1o: del 1 de Enero al 31 de Diciembre.<br \/>\nCarga lectiva equivalente a 20 cr\u00e9ditos (entre 300 y 500 horas de dedicaci\u00f3n).<\/p>\n<h3 style=\"text-align: justify;\"><span style=\"color: #006633;\">Dirigido a:<\/span><\/h3>\n<p style=\"text-align: justify;\">Este Programa se ha dise\u00f1ado para dar respuesta a las necesidades de profesionales, directivos y voluntariado de Organizaciones no Lucrativas que deseen ampliar y actualizar sus conocimientos y herramientas para mejorar la gesti\u00f3n de las entidades e incrementar su impacto social. Tambi\u00e9n est\u00e1 dirigido a aquellas personas que, aunque no tengan experiencia en el sector, deseen introducirse en la gesti\u00f3n de las ONLs. Ser\u00e1 particularmente id\u00f3neo para responsables de asociaciones provida y profamilia, as\u00ed como a directivos y gestores de asociaciones asistenciales, de voluntariado, de cooperaci\u00f3n y ayuda al desarrollo y, en general, de todas las personas vinculadas con el Tercer Sector en el amplio campo de la ayuda no gubernamental institucionalizada.<\/p>\n<h3 style=\"text-align: justify;\"><span style=\"color: #006633;\">Requisitos:<\/span><\/h3>\n<p style=\"text-align: justify;\">T\u00edtulo de grado o experiencia justificada en la gesti\u00f3n o administraci\u00f3n en una ONL; justificar la idoneidad para cubrir una de las 20 plazas ofertadas.<\/p>\n<p>El alumnado se comunicar\u00e1 con la direcci\u00f3n del curso \u00fanicamente a trav\u00e9s de la direcci\u00f3n de correo del curso.<\/p>\n<p>El programa est\u00e1 dirigido por la profesora Ana del Pino y el profesor Manuel Barea. La direcci\u00f3n \u00fanica de comunicaci\u00f3n del curso es:\u00a0<strong><span style=\"color: #006633;\"> <a style=\"color: #006633;\" href=\"mailto:digesdi@ulia.org\">digesdi@ulia.org<\/a><\/span><\/strong><\/p>\n<p style=\"text-align: justify;\"><\/div><div class=\"nav fusion-mobile-tab-nav\"><ul class=\"nav-tabs\" role=\"tablist\"><li role=\"presentation\"><a class=\"tab-link\" data-toggle=\"tab\" role=\"tab\" aria-controls=\"tab-535ace4775bb842427b\" aria-selected=\"false\" tabindex=\"-1\" id=\"mobile-fusion-tab-objetivos\" href=\"#tab-535ace4775bb842427b\"><h4 class=\"fusion-tab-heading\"><i class=\"fontawesome-icon fa fa-check-square-o\" aria-hidden=\"true\" style=\"font-size:13px;\"><\/i>Objetivos<\/h4><\/a><\/li><\/ul><\/div><div class=\"tab-pane fade fusion-clearfix\" role=\"tabpanel\" tabindex=\"0\" aria-labelledby=\"fusion-tab-objetivos\" id=\"tab-535ace4775bb842427b\">\n<p>Las Organizaciones no Lucrativas (ONL) trabajamos en un entorno complejo y cambiante, en el que cada d\u00eda surgen nuevos retos y dificultades. Su activo principal es la experiencia y cualificaci\u00f3n de los recursos humanos que trabajan en el sector, ya sea como t\u00e9cnicos o directivos. No obstante, muchas veces, su entusiasmo y dedicaci\u00f3n no corre parejo a su capacitaci\u00f3n profesional. Con este curso se pretende sentar las bases para una profesionalizaci\u00f3n no necesariamente remunerada de las funciones desempe\u00f1adas en las ONL.<\/p>\n<p>La formaci\u00f3n para el Tercer Sector ha de proporcionar, a las personas implicadas, competencias y habilidades para desempe\u00f1ar su labor con calidad y eficiencia. Pero adem\u00e1s de facilitar la capacitaci\u00f3n t\u00e9cnica, las estrategias formativas tienen que estar impregnadas de unos valores de actitud, de compromiso y de motivaci\u00f3n, que contribuyan a la mejora organizacional de las entidades implicadas.<\/p>\n<h3><span style=\"color: #006633;\"><strong>Objetivos Generales del curso:<\/strong><\/span><\/h3>\n<p>1.- Facilitar a los participantes competencias, habilidades y herramientas para desempe\u00f1ar su labor en organizaciones no lucrativas, con criterios de responsabilidad, competencia, calidad y eficiencia, teniendo en cuenta un entorno complejo y cambiante.<\/p>\n<p>2.- Profundizar en el estudio de todos los aspectos de gesti\u00f3n de una organizaci\u00f3n desde un enfoque global.<\/p>\n<p>3.- Desarrollar casos pr\u00e1cticos de elaboraci\u00f3n de proyectos sociales desde el estudio del Ciclo del Proyecto y del Enfoque del Marco L\u00f3gico, as\u00ed como de implantaci\u00f3n de Planificaci\u00f3n Estrat\u00e9gica y de Sistemas de Calidad.<\/p>\n<ol style=\"text-align: justify;\">\n<li><\/div><div class=\"nav fusion-mobile-tab-nav\"><ul class=\"nav-tabs\" role=\"tablist\"><li role=\"presentation\"><a class=\"tab-link\" data-toggle=\"tab\" role=\"tab\" aria-controls=\"tab-41d4fcc3ab65454cc4c\" aria-selected=\"false\" tabindex=\"-1\" id=\"mobile-fusion-tab-contenidos\" href=\"#tab-41d4fcc3ab65454cc4c\"><h4 class=\"fusion-tab-heading\"><i class=\"fontawesome-icon fa fa-list-alt\" aria-hidden=\"true\" style=\"font-size:13px;\"><\/i>Contenidos<\/h4><\/a><\/li><\/ul><\/div><div class=\"tab-pane fade fusion-clearfix\" role=\"tabpanel\" tabindex=\"0\" aria-labelledby=\"fusion-tab-contenidos\" id=\"tab-41d4fcc3ab65454cc4c\"><\/li>\n<\/ol>\n<h2 style=\"text-align: justify;\"><span style=\"color: #006633;\"><strong>PROGRAMA GENERAL<\/strong><\/span><\/h2>\n<p><strong><u>Semestre I: Fundamentos de organizaci\u00f3n y gesti\u00f3n de Entidades No Lucrativas<\/u><\/strong><u>.<\/u><\/p>\n<p><strong>UNIDAD I: El concepto de ENL<\/strong><\/p>\n<p><em>Se enviar\u00e1 el material de estudio el d\u00eda 1 de enero<\/em>\u00a0<em>con el control de lectura que habr\u00e1 que devolver cumplimentado antes del pr\u00f3ximo env\u00edo y la presentaci\u00f3n del curso.<\/em><\/p>\n<p style=\"padding-left: 30px;\">Tema 1\u00ba Concepto y or\u00edgenes de las Entidades Sin \u00e1nimo de Lucro (las Instituciones de Beneficencia). Tipos y modelos.<\/p>\n<p style=\"padding-left: 30px;\">Tema 2\u00ba Estatus y naturaleza jur\u00eddica.<\/p>\n<p style=\"padding-left: 30px;\">Tema 3\u00ba Las Asociaciones.<\/p>\n<p style=\"padding-left: 30px;\">Tema 4\u00ba Las Fundaciones.<\/p>\n<p><strong>UNIDAD II: Recursos<\/strong> <strong>Humanos.<\/strong><\/p>\n<p><em>Se enviar\u00e1 el material de estudio el d\u00eda 1 de Febrero.<\/em><\/p>\n<p style=\"padding-left: 30px;\">Tema 1\u00ba La funci\u00f3n de los RRHH en las organizaciones no lucrativas. Aspectos legales y econ\u00f3micos.<\/p>\n<p style=\"padding-left: 30px;\">Tema 2\u00ba Reclutamiento y selecci\u00f3n. La rotaci\u00f3n de equipos<\/p>\n<p style=\"padding-left: 30px;\">Tema 3\u00ba Estudio especial del voluntariado. La motivaci\u00f3n<\/p>\n<p style=\"padding-left: 30px;\">Tema 4\u00ba Liderazgo y habilidades directivas<\/p>\n<p><strong>UNIDAD III: Direcci\u00f3n Estrat\u00e9gica. Relaciones Institucionales<\/strong><\/p>\n<p><em>Se enviar\u00e1 el material de estudio el d\u00eda 1 de marzo.<\/em><\/p>\n<p style=\"padding-left: 30px;\">Tema 1\u00ba Direcci\u00f3n estrat\u00e9gica en ONL.<\/p>\n<p style=\"padding-left: 30px;\">Tema 2\u00ba La puesta en marcha de un proceso de planificaci\u00f3n estrat\u00e9gica: elementos clave<\/p>\n<p style=\"padding-left: 30px;\">\u00a0Tema 3\u00ba Estructuras en RED: Dise\u00f1o y modelos para el Tercer Sector<\/p>\n<p style=\"padding-left: 30px;\">\u00a0Tema 4\u00ba Partenariado, relaciones institucionales y RSC.<\/p>\n<p>Mes de Junio: Semana 1 y 2: Presentaci\u00f3n del resumen de todos los temas y del <strong>caso pr\u00e1ctico 1: partenariado y responsabilidad social corporativa<\/strong>, fecha l\u00edmite: antes 13 de Junio. Semana 3: Comunicaci\u00f3n de la marcha del curso y de la evaluaci\u00f3n de los resultados.<\/p>\n<p><strong><u>Semestre 2:\u00a0 El Ciclo del Proyecto<\/u><\/strong><\/p>\n<p><strong>UNIDAD I: El proyecto, unidad b\u00e1sica de actuaci\u00f3n<\/strong><\/p>\n<p><em>Se enviar\u00e1 el material de estudio el d\u00eda 1 de Julio junto a la presentaci\u00f3n del semestre y el respectivo control de lectura.<\/em><\/p>\n<p style=\"padding-left: 30px;\">Tema 1\u00ba La Planificaci\u00f3n Estrat\u00e9gica de las organizaciones no lucrativas<\/p>\n<p style=\"padding-left: 30px;\">\u00a0Tema 2\u00ba El Ciclo del Proyecto y el Enfoque del Marco L\u00f3gico (EML) Programaci\u00f3n, Identificaci\u00f3n y Formulaci\u00f3n de proyectos sociales.<\/p>\n<p style=\"padding-left: 30px;\">\u00a0Tema 3\u00ba Valoraci\u00f3n, Ejecuci\u00f3n,\u00a0 Seguimiento y justificaci\u00f3n t\u00e9cnica y econ\u00f3mica de proyectos sociales.<\/p>\n<p style=\"padding-left: 30px;\">Tema 4\u00ba Gesti\u00f3n de la Calidad en las ENL<\/p>\n<p><strong>UNIDAD II: Cooperaci\u00f3n Internacional al Desarrollo<\/strong><\/p>\n<p><em>Se enviar\u00e1 el material de estudio el d\u00eda 1 de Agosto.<\/em><\/p>\n<p style=\"padding-left: 30px;\">Tema 1\u00ba Estructura econ\u00f3mica internacional, migraciones y cooperaci\u00f3n al desarrollo<\/p>\n<p style=\"padding-left: 30px;\">Tema 2\u00ba Actores de la cooperaci\u00f3n nacional e internacional al desarrollo. El codesarrollo desde el propio pa\u00eds.<\/p>\n<p style=\"padding-left: 30px;\">Tema 3\u00ba An\u00e1lisis cultural y Derecho internacional humanitario.<\/p>\n<p style=\"padding-left: 30px;\">Tema 4\u00ba La aplicaci\u00f3n del enfoque del marco l\u00f3gico en proyectos de cooperaci\u00f3n.<\/p>\n<p style=\"padding-left: 30px;\">Tema 5\u00ba Cabildeo y desarrollo desde organismo internacionales.<\/p>\n<p><strong>UNIDAD III: Sensibilizaci\u00f3n, Marketing y Com<\/strong><strong>unicaci\u00f3n. Fundraising<\/strong><\/p>\n<p><em>Se enviar\u00e1 el material de estudio el d\u00eda 1 de Septiembre.<\/em><\/p>\n<p style=\"padding-left: 30px;\">Tema 1\u00ba La gesti\u00f3n de la comunicaci\u00f3n en la actualidad. Reputaci\u00f3n corporativa<\/p>\n<p style=\"padding-left: 30px;\">\u00a0Tema 2\u00ba Gesti\u00f3n integral de la comunicaci\u00f3n en ONL. Comunicaci\u00f3n externa y relaciones con los medios.<\/p>\n<p style=\"padding-left: 30px;\">\u00a0Tema 3\u00ba La intervenci\u00f3n social. Criterios de separaci\u00f3n de objetivos y selecci\u00f3n de metas. La respuesta corporativa.<\/p>\n<p style=\"padding-left: 30px;\">\u00a0Tema 4\u00ba Marketing de las ONG. Sensibilizaci\u00f3n y opini\u00f3n p\u00fablica. Campa\u00f1as estrat\u00e9gicas.<\/p>\n<p style=\"padding-left: 30px;\">\u00a0Tema 5\u00ba Fundraising<\/p>\n<p>Mes de Diciembre: Semana 1 y 2: Presentaci\u00f3n del resumen de todos los temas y de: <strong>caso pr\u00e1ctico 2: planificaci\u00f3n estrat\u00e9gica<\/strong> (Unidad I, Segundo Semestre), <strong>caso pr\u00e1ctico 3: proyecto social<\/strong> (Unidad I, Segundo Semestre); <strong>caso pr\u00e1ctico 4: cooperaci\u00f3n Internacional<\/strong> (Unidad II, Segundo Semestre); y <strong>caso pr\u00e1ctico 5: sensibilizaci\u00f3n, marketing y comunicaci\u00f3n<\/strong> (Unidad III, Segundo Semestre).Fecha l\u00edmite: antes 13 de Diciembre. Semana 3: Comunicaci\u00f3n del resultado final del curso y de la evaluaci\u00f3n de los resultados.<\/p>\n<p style=\"text-align: justify;\"><\/div><div class=\"nav fusion-mobile-tab-nav\"><ul class=\"nav-tabs\" role=\"tablist\"><li role=\"presentation\"><a class=\"tab-link\" data-toggle=\"tab\" role=\"tab\" aria-controls=\"tab-0909e440f1d3fad6e35\" aria-selected=\"false\" tabindex=\"-1\" id=\"mobile-fusion-tab-metodolog\u00eda\" href=\"#tab-0909e440f1d3fad6e35\"><h4 class=\"fusion-tab-heading\"><i class=\"fontawesome-icon fa fa-comment\" aria-hidden=\"true\" style=\"font-size:13px;\"><\/i>Metodolog\u00eda<\/h4><\/a><\/li><\/ul><\/div><div class=\"tab-pane fade fusion-clearfix\" role=\"tabpanel\" tabindex=\"0\" aria-labelledby=\"fusion-tab-metodolog\u00eda\" id=\"tab-0909e440f1d3fad6e35\">\n<p>La propia de ULIA, con env\u00edo de materiales y cuestionarios evaluativos a trav\u00e9s de la red y con tutor\u00eda personalizada on line. Asimismo, el alumno dispondr\u00e1 de la ayuda del equipo docente para solventar dudas o problemas, consultar los temas de estudio o trabajos de evaluaci\u00f3n requeridos.<br \/>\nLa comunicaci\u00f3n est\u00e1 centralizada en la secretar\u00eda del programa. Desde ah\u00ed se env\u00edan los materiales y cuestionarios evaluativos; se reciben las respuestas de los alumnos y se remiten las respuestas de los profesores y tutores.<br \/>\nLas actividades del curso comprenden la lectura y an\u00e1lisis de art\u00edculos y documentos que se enviar\u00e1n a trav\u00e9s de la red. Cada unidad constar\u00e1 de entre tres a cinco temas, con un control de lectura y evaluaci\u00f3n por cada unidad, que el alumno habr\u00e1 de enviar antes de recibir la siguiente unidad.<br \/>\nEl diplomado se completar\u00e1 con la entrega de\u00a0 trabajos pr\u00e1cticos semestrales especificados por la direcci\u00f3n del programa al inicio del mismo.<\/p>\n<h3><span style=\"color: #006633;\"><strong>EVALUACI\u00d3N:<\/strong><\/span><\/h3>\n<p>El curso del Diplomado es anual. Cada unidad y cada semestre tendr\u00e1n una nota de evaluaci\u00f3n. La nota final del Diplomado se obtendr\u00e1 como promedio de las notas semestrales.<\/p>\n<p style=\"text-align: justify;\"><\/div><div class=\"nav fusion-mobile-tab-nav\"><ul class=\"nav-tabs\" role=\"tablist\"><li role=\"presentation\"><a class=\"tab-link\" data-toggle=\"tab\" role=\"tab\" aria-controls=\"tab-324228ffef44c0a80ad\" aria-selected=\"false\" tabindex=\"-1\" id=\"mobile-fusion-tab-inscripci\u00f3n\" href=\"#tab-324228ffef44c0a80ad\"><h4 class=\"fusion-tab-heading\"><i class=\"fontawesome-icon fa fa-user\" aria-hidden=\"true\" style=\"font-size:13px;\"><\/i>Inscripci\u00f3n<\/h4><\/a><\/li><\/ul><\/div><div class=\"tab-pane fade fusion-clearfix\" role=\"tabpanel\" tabindex=\"0\" aria-labelledby=\"fusion-tab-inscripci\u00f3n\" id=\"tab-324228ffef44c0a80ad\">\n<p style=\"text-align: justify;\">La matr\u00edcula se efect\u00faa rellenando los 3 siguientes formularios:<\/p>\n<h4 style=\"text-align: justify;\"><strong><span style=\"color: #006633;\"><a style=\"color: #006633;\" href=\"http:\/\/ivsa.es\/ulia\/ficha-de-inscripcion-diploma-en-gestion-directiva-de-entidades-no-lucrativas\" target=\"_blank\" rel=\"noopener noreferrer\">1.- La ficha de inscripci\u00f3n<\/a><\/span><\/strong><br \/>\n<strong><span style=\"color: #006633;\"><a style=\"color: #006633;\" href=\"http:\/\/ivsa.es\/ulia\/carta-de-motivos-diploma-en-gestion-directiva-de-entidades-no-lucrativas\/\" target=\"_blank\" rel=\"noopener noreferrer\">2.- Carta de motivos<\/a><\/span><\/strong><br \/>\n<strong><span style=\"color: #006633;\"><a style=\"color: #006633;\" href=\"http:\/\/ivsa.es\/ulia\/hoja-de-vida-diploma-en-gestion-directiva-de-entidades-no-lucrativas\/\" target=\"_blank\" rel=\"noopener noreferrer\">3.- Hoja de vida<\/a><\/span><\/strong><\/h4>\n<p style=\"text-align: justify;\">Una vez se le comunique al candidato que ha sido aceptado, deber\u00e1 abonar por transferencia bancaria o directamente a trav\u00e9s de internet en la cuenta del curso el importe de los gastos de pago de gesti\u00f3n del programa. Este importe y en su caso el gasto del posible desplazamiento a una de las dos siguientes claustros de ULIA son los \u00fanicos gastos que ha de aportar el alumno.<div class=\"accordian fusion-accordian\" style=\"--awb-border-size:1px;--awb-icon-size:13px;--awb-content-font-size:13px;--awb-icon-alignment:left;--awb-hover-color:#f9f9f9;--awb-border-color:#cccccc;--awb-background-color:#ffffff;--awb-divider-color:#e0dede;--awb-divider-hover-color:#e0dede;--awb-icon-color:#ffffff;--awb-title-color:#333333;--awb-content-color:#000000;--awb-icon-box-color:#333333;--awb-toggle-hover-accent-color:#65bc7b;--awb-title-font-family:&#039;Trebuchet MS&#039;, Helvetica, sans-serif;--awb-title-font-weight:400;--awb-title-font-style:normal;--awb-title-font-size:13px;--awb-content-font-family:&#039;Trebuchet MS&#039;, Helvetica, sans-serif;--awb-content-font-style:normal;--awb-content-font-weight:400;\"><div class=\"panel-group fusion-toggle-icon-boxed\" id=\"accordion-578-1\"><div class=\"fusion-panel panel-default panel-575568db506eac206 fusion-toggle-has-divider\"><div class=\"panel-heading\"><h4 class=\"panel-title toggle\" id=\"toggle_575568db506eac206\"><a aria-expanded=\"false\" aria-controls=\"575568db506eac206\" role=\"button\" data-toggle=\"collapse\" data-parent=\"#accordion-578-1\" data-target=\"#575568db506eac206\" href=\"#575568db506eac206\"><span class=\"fusion-toggle-icon-wrapper\" aria-hidden=\"true\"><i class=\"fa-fusion-box active-icon awb-icon-minus\" aria-hidden=\"true\"><\/i><i class=\"fa-fusion-box inactive-icon awb-icon-plus\" aria-hidden=\"true\"><\/i><\/span><span class=\"fusion-toggle-heading\">Pago de la Donaci\u00f3n (solo para solicitudes aceptadas)<\/span><\/a><\/h4><\/div><div id=\"575568db506eac206\" class=\"panel-collapse collapse \" aria-labelledby=\"toggle_575568db506eac206\"><div class=\"panel-body toggle-content fusion-clearfix\">\n<p style=\"text-align: justify;\">La\u00a0secretar\u00eda del DIGESDI y una vez que se le comunique al nuevo alumno que\u00a0su\u00a0matr\u00edcula ha sido aceptada,\u00a0acordar\u00e1 con el\u00a0solicitante los pasos a seguir para efectivizar el pago de matr\u00edcula\u00a0correspondiente (150 Euros o su equivalencia en D\u00f3lares). Bien mediante transferencia bancaria a la cuenta del curso, bien mediante una transferencia persona a persona.<\/div><\/div><\/div><\/div><\/div>\n<p style=\"text-align: justify;\">En el caso del Diploma <span style=\"color: #006633;\"><strong>DIGESDI<\/strong><\/span> el \u00fanico pago de 150 Euros o su equivalencia en D\u00f3lares supone el coste de los gastos de infraestructura del curso: el manejo, dise\u00f1o y gesti\u00f3n profesional de la cobertura inform\u00e1tica del curso por parte de la secretar\u00eda del mismo para el a\u00f1o de duraci\u00f3n del programa. En ning\u00fan caso se desvirt\u00faa con esto el compromiso de servir a merced adquirido por ULIA y cada uno de sus profesores.<\/p>\n<p style=\"text-align: justify;\">Matr\u00edcula abierta hasta completar cupo y en todo caso antes del 8 de diciembre del a\u00f1o en curso.<\/p>\n<\/div><\/div><\/div><div class=\"fusion-clearfix\"><\/div><\/div><\/div><\/div><\/div><div class=\"fusion-fullwidth fullwidth-box fusion-builder-row-3 hundred-percent-fullwidth non-hundred-percent-height-scrolling\" style=\"--awb-border-radius-top-left:0px;--awb-border-radius-top-right:0px;--awb-border-radius-bottom-right:0px;--awb-border-radius-bottom-left:0px;--awb-overflow:visible;--awb-flex-wrap:wrap;\" ><div class=\"fusion-builder-row fusion-row\"><div class=\"fusion-layout-column fusion_builder_column fusion-builder-column-2 fusion_builder_column_1_1 1_1 fusion-one-full fusion-column-first fusion-column-last fusion-column-no-min-height\" style=\"--awb-bg-size:cover;--awb-margin-bottom:0px;\"><div class=\"fusion-column-wrapper fusion-flex-column-wrapper-legacy\"><div class=\"fusion-text fusion-text-2\"><p style=\"text-align: justify;\">\n<\/div><div class=\"fusion-text fusion-text-3\"><\/div><div class=\"fusion-clearfix\"><\/div><\/div><\/div><\/div><\/div><\/p>\n","protected":false},"excerpt":{"rendered":"","protected":false},"author":1,"featured_media":0,"parent":0,"menu_order":0,"comment_status":"closed","ping_status":"closed","template":"","meta":{"footnotes":""},"class_list":["post-578","page","type-page","status-publish","hentry"],"_links":{"self":[{"href":"https:\/\/ivsa.es\/ulia\/wp-json\/wp\/v2\/pages\/578","targetHints":{"allow":["GET"]}}],"collection":[{"href":"https:\/\/ivsa.es\/ulia\/wp-json\/wp\/v2\/pages"}],"about":[{"href":"https:\/\/ivsa.es\/ulia\/wp-json\/wp\/v2\/types\/page"}],"author":[{"embeddable":true,"href":"https:\/\/ivsa.es\/ulia\/wp-json\/wp\/v2\/users\/1"}],"replies":[{"embeddable":true,"href":"https:\/\/ivsa.es\/ulia\/wp-json\/wp\/v2\/comments?post=578"}],"version-history":[{"count":20,"href":"https:\/\/ivsa.es\/ulia\/wp-json\/wp\/v2\/pages\/578\/revisions"}],"predecessor-version":[{"id":2689,"href":"https:\/\/ivsa.es\/ulia\/wp-json\/wp\/v2\/pages\/578\/revisions\/2689"}],"wp:attachment":[{"href":"https:\/\/ivsa.es\/ulia\/wp-json\/wp\/v2\/media?parent=578"}],"curies":[{"name":"wp","href":"https:\/\/api.w.org\/{rel}","templated":true}]}}