{"id":641,"date":"2016-02-02T21:10:51","date_gmt":"2016-02-02T21:10:51","guid":{"rendered":"http:\/\/ivsa.es\/ulia\/?page_id=641"},"modified":"2017-04-11T16:27:44","modified_gmt":"2017-04-11T16:27:44","slug":"ficha-de-inscripcion-diploma-en-liderazgo-y-practicas-de-afirmacion-familiar","status":"publish","type":"page","link":"https:\/\/ivsa.es\/ulia\/ficha-de-inscripcion-diploma-en-liderazgo-y-practicas-de-afirmacion-familiar\/","title":{"rendered":"Ficha de Inscripci\u00f3n Diploma en Liderazgo y Pr\u00e1cticas de Afirmaci\u00f3n Familiar"},"content":{"rendered":"<div class=\"fusion-fullwidth fullwidth-box fusion-builder-row-1 hundred-percent-fullwidth non-hundred-percent-height-scrolling\" style=\"--awb-border-radius-top-left:0px;--awb-border-radius-top-right:0px;--awb-border-radius-bottom-right:0px;--awb-border-radius-bottom-left:0px;--awb-overflow:visible;--awb-flex-wrap:wrap;\" ><div class=\"fusion-builder-row fusion-row\"><div class=\"fusion-layout-column fusion_builder_column fusion-builder-column-0 fusion_builder_column_1_1 1_1 fusion-one-full fusion-column-first fusion-column-last fusion-column-no-min-height\" style=\"--awb-bg-size:cover;--awb-margin-bottom:0px;\"><div class=\"fusion-column-wrapper fusion-flex-column-wrapper-legacy\">\n<div class=\"wpcf7 no-js\" id=\"wpcf7-f647-o1\" lang=\"es-ES\" dir=\"ltr\" data-wpcf7-id=\"647\">\n<div class=\"screen-reader-response\"><p role=\"status\" aria-live=\"polite\" aria-atomic=\"true\"><\/p> <ul><\/ul><\/div>\n<form action=\"\/ulia\/wp-json\/wp\/v2\/pages\/641#wpcf7-f647-o1\" method=\"post\" class=\"wpcf7-form init\" aria-label=\"Formulario de contacto\" novalidate=\"novalidate\" data-status=\"init\">\n<fieldset class=\"hidden-fields-container\"><input type=\"hidden\" name=\"_wpcf7\" value=\"647\" \/><input type=\"hidden\" name=\"_wpcf7_version\" value=\"6.1.4\" \/><input type=\"hidden\" name=\"_wpcf7_locale\" value=\"es_ES\" \/><input type=\"hidden\" name=\"_wpcf7_unit_tag\" value=\"wpcf7-f647-o1\" \/><input type=\"hidden\" name=\"_wpcf7_container_post\" value=\"0\" \/><input type=\"hidden\" name=\"_wpcf7_posted_data_hash\" value=\"\" \/>\n<\/fieldset>\n<p>Nombre y apellidos\n<\/p>\n<p><span class=\"wpcf7-form-control-wrap\" data-name=\"your-name2\"><input size=\"40\" maxlength=\"400\" class=\"wpcf7-form-control wpcf7-text wpcf7-validates-as-required\" aria-required=\"true\" aria-invalid=\"false\" value=\"\" type=\"text\" name=\"your-name2\" \/><\/span>\n<\/p>\n<p>Fecha de nacimiento\n<\/p>\n<p><span class=\"wpcf7-form-control-wrap\" data-name=\"text-659\"><input size=\"40\" maxlength=\"400\" class=\"wpcf7-form-control wpcf7-text wpcf7-validates-as-required\" aria-required=\"true\" aria-invalid=\"false\" value=\"\" type=\"text\" name=\"text-659\" \/><\/span>\n<\/p>\n<p>Estudios previos\n<\/p>\n<p><span class=\"wpcf7-form-control-wrap\" data-name=\"text-681\"><input size=\"40\" maxlength=\"400\" class=\"wpcf7-form-control wpcf7-text wpcf7-validates-as-required\" aria-required=\"true\" aria-invalid=\"false\" value=\"\" type=\"text\" name=\"text-681\" \/><\/span>\n<\/p>\n<p>Ocupaci\u00f3n Actual\n<\/p>\n<p><span class=\"wpcf7-form-control-wrap\" data-name=\"text-565\"><input size=\"40\" maxlength=\"400\" class=\"wpcf7-form-control wpcf7-text wpcf7-validates-as-required\" aria-required=\"true\" aria-invalid=\"false\" value=\"\" type=\"text\" name=\"text-565\" \/><\/span>\n<\/p>\n<p>Correo electr\u00f3nico\n<\/p>\n<p><span class=\"wpcf7-form-control-wrap\" data-name=\"your-email2\"><input size=\"40\" maxlength=\"400\" class=\"wpcf7-form-control wpcf7-email wpcf7-validates-as-required wpcf7-text wpcf7-validates-as-email\" aria-required=\"true\" aria-invalid=\"false\" value=\"\" type=\"email\" name=\"your-email2\" \/><\/span>\n<\/p>\n<p>Tel\u00e9fono (incluir extensi\u00f3n del pa\u00eds)\n<\/p>\n<p><span class=\"wpcf7-form-control-wrap\" data-name=\"tel-876\"><input size=\"40\" maxlength=\"400\" class=\"wpcf7-form-control wpcf7-tel wpcf7-text wpcf7-validates-as-tel\" aria-invalid=\"false\" value=\"\" type=\"tel\" name=\"tel-876\" \/><\/span>\n<\/p>\n<p>Domicilio\n<\/p>\n<p><span class=\"wpcf7-form-control-wrap\" data-name=\"text-599\"><input size=\"40\" maxlength=\"400\" class=\"wpcf7-form-control wpcf7-text wpcf7-validates-as-required\" aria-required=\"true\" aria-invalid=\"false\" value=\"\" type=\"text\" name=\"text-599\" \/><\/span>\n<\/p>\n<p>Fecha tentativa de env\u00edo del importe de la Matr\u00edcula (coste de mantenimiento)\n<\/p>\n<p><span class=\"wpcf7-form-control-wrap\" data-name=\"text-660\"><input size=\"40\" maxlength=\"400\" class=\"wpcf7-form-control wpcf7-text wpcf7-validates-as-required\" aria-required=\"true\" aria-invalid=\"false\" value=\"\" type=\"text\" name=\"text-660\" \/><\/span>\n<\/p>\n<p><input class=\"wpcf7-form-control wpcf7-submit has-spinner\" type=\"submit\" value=\"Enviar\" \/>\n<\/p><div class=\"fusion-alert alert custom alert-custom fusion-alert-center wpcf7-response-output fusion-alert-capitalize awb-alert-native-link-color alert-dismissable awb-alert-close-boxed\" style=\"--awb-border-size:1px;--awb-border-top-left-radius:0px;--awb-border-top-right-radius:0px;--awb-border-bottom-left-radius:0px;--awb-border-bottom-right-radius:0px;\" role=\"alert\"><div class=\"fusion-alert-content-wrapper\"><span class=\"fusion-alert-content\"><\/span><\/div><button type=\"button\" class=\"close toggle-alert\" data-dismiss=\"alert\" aria-label=\"Close\">&times;<\/button><\/div>\n<\/form>\n<\/div>\n<div class=\"fusion-clearfix\"><\/div><\/div><\/div><\/div><\/div>\n","protected":false},"excerpt":{"rendered":"","protected":false},"author":1,"featured_media":0,"parent":0,"menu_order":0,"comment_status":"closed","ping_status":"closed","template":"","meta":{"footnotes":""},"class_list":["post-641","page","type-page","status-publish","hentry"],"_links":{"self":[{"href":"https:\/\/ivsa.es\/ulia\/wp-json\/wp\/v2\/pages\/641","targetHints":{"allow":["GET"]}}],"collection":[{"href":"https:\/\/ivsa.es\/ulia\/wp-json\/wp\/v2\/pages"}],"about":[{"href":"https:\/\/ivsa.es\/ulia\/wp-json\/wp\/v2\/types\/page"}],"author":[{"embeddable":true,"href":"https:\/\/ivsa.es\/ulia\/wp-json\/wp\/v2\/users\/1"}],"replies":[{"embeddable":true,"href":"https:\/\/ivsa.es\/ulia\/wp-json\/wp\/v2\/comments?post=641"}],"version-history":[{"count":3,"href":"https:\/\/ivsa.es\/ulia\/wp-json\/wp\/v2\/pages\/641\/revisions"}],"predecessor-version":[{"id":1199,"href":"https:\/\/ivsa.es\/ulia\/wp-json\/wp\/v2\/pages\/641\/revisions\/1199"}],"wp:attachment":[{"href":"https:\/\/ivsa.es\/ulia\/wp-json\/wp\/v2\/media?parent=641"}],"curies":[{"name":"wp","href":"https:\/\/api.w.org\/{rel}","templated":true}]}}