{"id":664,"date":"2016-02-07T20:39:55","date_gmt":"2016-02-07T20:39:55","guid":{"rendered":"http:\/\/ivsa.es\/ulia\/?page_id=664"},"modified":"2017-04-11T16:27:44","modified_gmt":"2017-04-11T16:27:44","slug":"egresados-2","status":"publish","type":"page","link":"https:\/\/ivsa.es\/ulia\/egresados-2\/","title":{"rendered":"Egresados"},"content":{"rendered":"<div class=\"fusion-fullwidth fullwidth-box fusion-builder-row-1 nonhundred-percent-fullwidth non-hundred-percent-height-scrolling\" style=\"--awb-background-position:left top;--awb-border-radius-top-left:0px;--awb-border-radius-top-right:0px;--awb-border-radius-bottom-right:0px;--awb-border-radius-bottom-left:0px;--awb-padding-top:20px;--awb-padding-bottom:20px;--awb-border-sizes-top:0px;--awb-border-sizes-bottom:0px;--awb-flex-wrap:wrap;\" ><div class=\"fusion-builder-row fusion-row\"><div class=\"fusion-layout-column fusion_builder_column fusion-builder-column-0 fusion_builder_column_1_1 1_1 fusion-one-full fusion-column-first fusion-column-last fusion-column-no-min-height\" style=\"--awb-bg-size:cover;--awb-margin-bottom:0px;\"><div class=\"fusion-column-wrapper fusion-flex-column-wrapper-legacy\"><div class=\"fusion-text fusion-text-1\"><p style=\"text-align: justify;\">Estimados alumnos, exalumnos, profesores, tutores, colaboradores y amigos de la Universidad Libre Internacional de las Am\u00e9ricas,<\/p>\n<p style=\"text-align: justify;\">Es un placer informarles que el pasado d\u00eda 31 de Diciembre de 2015 termin\u00f3 el curso en ULIA y un nuevo grupo de\u00a0108 egresados, uno de los m\u00e1s numerosos hasta ahora desde que comenzamos en 2001, se ha incorporado a esta ya extensa comunidad acad\u00e9mica. Sus nombres y procedencia por titulaciones son:<\/p>\n<h3 style=\"text-align: justify;\"><span style=\"color: #006633;\"><strong>Experto en Comunicaci\u00f3n Cat\u00f3lica<\/strong> (2\u00aa promoci\u00f3n, en conjunci\u00f3n con Catholic Voices Espa\u00f1a)<\/span><\/h3>\n<ul style=\"text-align: justify;\">\n<li>Adriana Anah\u00ed, de Neuqu\u00e9n, Argentina<\/li>\n<li>Analyda Boluarte Drago, de Lima, Per\u00fa<\/li>\n<li>Ana Lucia Bravo Beltranen, de Ciudad de Guatemala<\/li>\n<li>Ana Elena Castillo V\u00edquez, de San Jos\u00e9, Costa Rica<\/li>\n<li>Mar\u00eda Dolores Garc\u00eda Rodr\u00edguez, de Guadalajara, M\u00e9xico<\/li>\n<li>Adri\u00e1n Guti\u00e9rrez Rojas, de Guadalajara, M\u00e9xico<\/li>\n<li>Victor Ronald La Barrera Villarreal, deTrujillo, Per\u00fa<\/li>\n<li>Lourdes Lavaniegos Gonz\u00e1lez, de Pachuca, M\u00e9xico<\/li>\n<li>Sadie Morgan Asch, de San Jos\u00e9, Costa Rica<\/li>\n<li>Zoyla Rita Mora Dur\u00e1n, de Alajuela, Costa Rica<\/li>\n<li>Cecilia Poveda Romero, de Guaranda, Ecuador<\/li>\n<li>Lia Maria Ponce Bezold de Ruiz, de Lima, Per\u00fa<\/li>\n<li>Maria Teresa Salinas Gordillo, de Sevilla, Espa\u00f1a<\/li>\n<li>Ram\u00f3n Gerardo Vega S\u00e1nchez, de Cartago, Costa Rica<\/li>\n<\/ul>\n<h3 style=\"text-align: justify;\"><span style=\"color: #006633;\"><strong>Diploma en Bio\u00e9tica<\/strong> (12\u00aa promoci\u00f3n)<\/span><\/h3>\n<ul style=\"text-align: justify;\">\n<li>Jo Ann Aguirre Garc\u00eda, de Montevideo, Uruguay<\/li>\n<li>Cristina Victoria Cruz Camino, de Santo Domingo de los Tsachilas, Ecuador<\/li>\n<li>Lilian Mar\u00eda Chena Varela, de Asunci\u00f3n, Paraguay<\/li>\n<li>Viviano Catalino Jara Rivas, de Asunci\u00f3n., Paraguay<\/li>\n<li>Malen Susan Sep\u00falveda Salazar, de Linares, Chile<\/li>\n<li>Cesar Ricardo Simioni Campello, de Sao Paulo, Brasil<\/li>\n<li>Iv\u00e1n Danilo Villalobos Bravo, de Le\u00f3n, Nicaragua<\/li>\n<\/ul>\n<p style=\"text-align: justify;\"><strong>\u00a0 <\/strong><\/p>\n<h3 style=\"text-align: justify;\"><span style=\"color: #006633;\"><strong>Diploma en Educaci\u00f3n en Virtudes a trav\u00e9s del Cine<\/strong> (8\u00aa promoci\u00f3n)<\/span><\/h3>\n<ul style=\"text-align: justify;\">\n<li>Claudia Stella Duque Gallo, de Manizales Colombia<\/li>\n<li>Ana del Rosario Escobar Loarca, de Ciudad de Guatemala<\/li>\n<li>Roxana Hern\u00e1ndez Segura, de\u00a0 M\u00e9xico \u00a0D.F.<\/li>\n<li>Marcela Lanusse, de Buenos Aires, Argentina<\/li>\n<li>Mariela Luc\u00eda Maya P\u00e9rez, de. Lima, Per\u00fa<\/li>\n<li>Ernesto Fernando Rocas Landa, de Zapopan, Jal., M\u00e9xico<\/li>\n<\/ul>\n<h3 style=\"text-align: justify;\"><span style=\"color: #006633;\"><strong>Diploma en Derecho Natural y Derechos Humanos<\/strong> (5\u00aa promoci\u00f3n)<\/span><\/h3>\n<ul style=\"text-align: justify;\">\n<li>Jimena Casillas Casta\u00f1eda, de Naucalpan, M\u00e9xico<\/li>\n<li>Gloria Luc\u00eda Castro Vargas, de\u00a0 Manizales, Colombia<\/li>\n<li>M\u00f3nica Rojas Urz\u00faa, de Antofagasta, Chile<\/li>\n<\/ul>\n<h3 style=\"text-align: justify;\"><span style=\"color: #006633;\"><strong>Diploma en Actualizaci\u00f3n Pedag\u00f3gica y excelencia educativa<\/strong> (10\u00aa promoci\u00f3n)<\/span><\/h3>\n<ul style=\"text-align: justify;\">\n<li>Rita Elia Ontiveros Castillo, de Huixquilucan, M\u00e9xico<\/li>\n<li>Sandra Patricia Zenis Flores, de Antofagasta, Chile<\/li>\n<\/ul>\n<p style=\"text-align: justify;\"><strong>\u00a0<\/strong><\/p>\n<h3 style=\"text-align: justify;\"><span style=\"color: #006633;\"><strong>Diploma en Educaci\u00f3n Religiosa Escolar<\/strong><strong> (4\u00aa promoci\u00f3n)<\/strong><\/span><strong>\u00a0<\/strong><\/h3>\n<ul style=\"text-align: justify;\">\n<li>Alberdi Burneo, Maria Paulina, de Quito, Ecuador<\/li>\n<li>M\u00f3nica Fernanda Aguirre Racines, de Quito, Ecuador<\/li>\n<li>Elizabeth Del Roc\u00edo Araque Salazar, de Quito, Ecuador<\/li>\n<li>M\u00f3nica del Carmen Becerra Gonz\u00e1lez, de Quito, Ecuador<\/li>\n<li>Maria de la Paz Ben\u00edtez Rodr\u00edguez, de Quito, Ecuador<\/li>\n<li>Monica Paulina C\u00e1rdenas Benalc\u00e1zar, de Quito, Ecuador<\/li>\n<li>Viviana Estefan\u00eda Castillo Alvarado, de Quito, Ecuador<\/li>\n<li>Pilar\u00a0 Montserrath\u00a0 Costa Almeida, de Quito, Ecuador<\/li>\n<li>Mar\u00eda Amparo Cruz Merino, de Quito, Ecuador<\/li>\n<li>Cecilia Cumanda Hern\u00e1ndez Calle, de Quito, Ecuador<\/li>\n<li>Ver\u00f3nica Susana D\u00e1vila Pe\u00f1aherrera, de Quito, Ecuador<\/li>\n<li>Mar\u00eda Pinina Delgado Pinina, de Quito, Ecuador<\/li>\n<li>Nancy Bernarda Diaz Amaya, de Quito, Ecuador<\/li>\n<li>Carmen Alicia Estupi\u00f1\u00e1n Saltos, de Quito, Ecuador<\/li>\n<li>Karol Irene Flores Andrade, de Quito, Ecuador<\/li>\n<li>Lina Maria Franco Pe\u00f1a, de Quito, Ecuador<\/li>\n<li>Maria Teresa Fuster Zuazu, de Quito, Ecuador<\/li>\n<li>Mar\u00eda Bel\u00e9n Gortaire, de Quito, Ecuador<\/li>\n<li>Marta Larre Del Amo, de Quito, Ecuador<\/li>\n<li>Maria Mercedes Manrique Andrade, de Quito, Ecuador<\/li>\n<li>Marie Aleth Mart\u00edn Gi, de Quito, Ecuador<\/li>\n<li>Obama Obono, Laureano Ekua. de Malabo, Guinea Ecuatorial<\/li>\n<li>Gabriela Pazmi\u00f1o Puig, de Quito, Ecuador<\/li>\n<li>Sandra Luc\u00eda Plaza Orbe, de Quito, Ecuador<\/li>\n<li>Lorcy Antonia Puerta Cabarcas, de Quito, Ecuador<\/li>\n<li>Rosa\u00a0 Puig Ferrer, de Quito, Ecuador<\/li>\n<li>Mayol Rojas, Mar\u00eda Jos\u00e9, de Bogot\u00e1, Colombia<\/li>\n<li>Maria Fernanda Varea Viteria, de Quito, Ecuador<\/li>\n<li>Veronica Ximena Vega Jim\u00e9nez, de Quito, Ecuador<\/li>\n<li>Maria Tatiana Viteri Ledesma, de Quito, Ecuador \u00a0\u00a0\u00a0\u00a0\u00a0\u00a0\u00a0\u00a0<strong>\u00a0\u00a0 <\/strong><\/li>\n<\/ul>\n<p style=\"text-align: justify;\"><strong>\u00a0<\/strong><\/p>\n<h3 style=\"text-align: justify;\"><span style=\"color: #006633;\"><strong>Diploma en Mediaci\u00f3n y Orientaci\u00f3n Familiar<\/strong> (4\u00aa promoci\u00f3n)<\/span><\/h3>\n<ul style=\"text-align: justify;\">\n<li>Francisca Abdala, de Buenos Aires, Argentina<\/li>\n<li>Ana Lorena Assam Karam, de M\u00e9xico DF.<\/li>\n<li>Lourdes Barbero Garc\u00eda, de Talavera de la Reina, Espa\u00f1a<\/li>\n<li>Daniel Barranco Rodr\u00edguez, de\u00a0Bohonal de Ibor, Espa\u00f1a<\/li>\n<li>Lastenia Mar\u00eda Bonilla Sandoval, de San Jos\u00e9, Costa Rica<\/li>\n<li>Evelia F\u00e1tima Castro Avil\u00e9s, de Lima, Per\u00fa<\/li>\n<li>Luis Fernando Castro Parra, de Bogot\u00e1, Colombia<\/li>\n<li>Luis Manuel Cervantes Mu\u00f1oz, de Talavera de la Reina, Espa\u00f1a<\/li>\n<li>Jos\u00e9 Roberto Crespo Ponce, de Quito, Ecuador<\/li>\n<li>Sara De Dios Teigell , de Madrid, Espa\u00f1a<\/li>\n<li>Pura Isabella Ferm\u00edn Salicetti, de M\u00e9xico DF<\/li>\n<li>Mercedes Flores Gonzalez, de M\u00e9xico DF<\/li>\n<li>Sara Garc\u00eda Garc\u00eda, de Toledo Espa\u00f1a<\/li>\n<li>Mar\u00eda de los \u00c1ngeles Gil Arias, de Toledo, Espa\u00f1a<\/li>\n<li>M\u00f3nica Gonz\u00e1lez Soriano, de Toledo, Espa\u00f1a<\/li>\n<li>Maria Jos\u00e9 Gregorio Marrassant, de Talavera de la Reina, Espa\u00f1a<\/li>\n<li>Karina Junaro, de La Paz, Bolivia<\/li>\n<li>Enrique Mellado Garc\u00eda, de Madridejos, Espa\u00f1a<\/li>\n<li>Patricia Elena Montero Monterrubio, de M\u00e9xico DF<\/li>\n<li>Cinthia Margarita Perez R\u00edos, de Sinaloa, M\u00e9xico<\/li>\n<li>Florencia Puig, Mar\u00eda, de San Isidro. Argentina<\/li>\n<li>Agust\u00edn Quintero Fuentes, de Torrente, Espa\u00f1a<\/li>\n<li>Zoimer Quintero Lugo, de Valencia, Espa\u00f1a<\/li>\n<li>Alicia Mayela Romero Mart\u00ednez, de Ciudad Ju\u00e1rez, M\u00e9xico<\/li>\n<li>M\u00aa Almudena S\u00e1nchez Gonz\u00e1lez, de Toledo, Espa\u00f1a<\/li>\n<li>Pamela Sep\u00falveda Concha, de \u00a0Santiago de Chile<\/li>\n<li>Flor de Mar\u00eda Velandia, de \u00a0Bogot\u00e1, Colombia<\/li>\n<li>Sonia Villanueva Cobalea, Toledo, Espa\u00f1a<\/li>\n<li>Yazmin de Maria Zapata Pab\u00f3n, de Bogot\u00e1, Colombia<\/li>\n<\/ul>\n<p style=\"text-align: justify;\"><strong>\u00a0<\/strong><\/p>\n<h3 style=\"text-align: justify;\"><span style=\"color: #006633;\"><strong>Diploma en Liderazgo y Pr\u00e1cticas de Afirmaci\u00f3n Familiar<\/strong> (10\u00aa promoci\u00f3n)<\/span><\/h3>\n<ul style=\"text-align: justify;\">\n<li>Mar\u00eda Ofelia\u00a0Cirone Bedoya, de Bah\u00eda Blanca, Argentina<\/li>\n<li>Mar\u00eda Alicia Reale de Lenta, de Bah\u00eda Blanca, Argentina<\/li>\n<li>Marcela Mart\u00ednez L\u00f3pez, de Saltillo, M\u00e9xico<\/li>\n<\/ul>\n<p style=\"text-align: justify;\"><strong>\u00a0<\/strong><\/p>\n<h3 style=\"text-align: justify;\"><span style=\"color: #006633;\"><strong>Maestr\u00eda en Bio\u00e9tica<\/strong>, (6\u00aa promoci\u00f3n)<\/span><\/h3>\n<ul style=\"text-align: justify;\">\n<li>Laura Patricia Atena, de Mar del Plata, Argentina<\/li>\n<li>Rosa Teresa Claudia Calisse, de Rosario, Argentina<\/li>\n<li>Lila Susana Laurel Cruz de Echeverr\u00eda Robles, de San Luis Potos\u00ed, M\u00e9xico<\/li>\n<li>Yvonne Guadalupe Fern\u00e1ndez Reynaud, de San Luis Potos\u00ed, M\u00e9xico<\/li>\n<li>Vilma \u00a0Aracely \u00a0Iz\u00e1s S\u00e1nchez, de Quetzaltenango, Guatemala<\/li>\n<li>Patricia Elena Jaramillo Arbel\u00e1ez de Manizales, Colombia<\/li>\n<li>Margarita Patricia L\u00f3pez de Mart\u00ednez, de Santa Ana. El Salvador<\/li>\n<li>Patricia M\u00f3nica Louz\u00e1n, de Buenos Aires, Argentina<\/li>\n<li>Mar\u00eda\u00a0 de Lourdes P\u00e9rez Soto, de Altamira, Tamaulipas, M\u00e9xico<\/li>\n<li>Carlos Alberto Rosa, de Bogot\u00e1, Colombia<\/li>\n<\/ul>\n<p style=\"text-align: justify;\"><strong>\u00a0<\/strong><\/p>\n<h3 style=\"text-align: justify;\"><span style=\"color: #006633;\"><strong>Maestr\u00eda en Educaci\u00f3n de la Sexualidad y Defensa de la Vida<\/strong>, (4\u00aa promoci\u00f3n)<\/span><\/h3>\n<p style=\"text-align: justify;\">&#8211; \u00a0\u00a0\u00a0\u00a0\u00a0Mar\u00eda Natalia Greco, de San Rafael, Mendoza, Argentina<\/p>\n<p style=\"text-align: justify;\">&#8211;\u00a0\u00a0\u00a0\u00a0\u00a0 Mar\u00eda Helena G\u00f3mez Botero,\u00a0de Medell\u00edn, Colombia<\/p>\n<p style=\"text-align: justify;\"><strong>\u00a0<\/strong><\/p>\n<h3 style=\"text-align: justify;\"><span style=\"color: #006633;\"><strong>Maestr\u00eda En Socioeconom\u00eda<\/strong> (3\u00aa promoci\u00f3n)<\/span><strong>\u00a0<\/strong><\/h3>\n<ul style=\"text-align: justify;\">\n<li>Juan Carlos Pineda C\u00e1ceres, de Asunci\u00f3n, Paraguay<\/li>\n<li>Josefina Zamboni, de\u00a0Buenos Aires, Argentina<\/li>\n<\/ul>\n<p style=\"text-align: justify;\">Damos la enhorabuena a todos y les manifestamos nuestro deseo de saludarles personalmente en el pr\u00f3ximo claustro, que como saben tendr\u00e1 lugar en La Plata a principios de Agosto pr\u00f3ximo. Ah\u00ed, con motivo del claustro y del XX Congreso Ciencia y Vida, tendr\u00e1 lugar tambi\u00e9n la ceremonia oficial de concesi\u00f3n de t\u00edtulos en la que todos los egresados de ULIA habidos a la fecha que lo deseen podr\u00e1n participar recogiendo su diploma en mano seg\u00fan costumbre acad\u00e9mica.<\/p>\n<p style=\"text-align: justify;\">Con la m\u00e1s cordial felicitaci\u00f3n y los mejores deseos,<\/p>\n<p style=\"text-align: justify;\">Jos\u00e9 P\u00e9rez Ad\u00e1n<\/p>\n<\/div><div class=\"fusion-clearfix\"><\/div><\/div><\/div><\/div><\/div>\n","protected":false},"excerpt":{"rendered":"","protected":false},"author":1,"featured_media":0,"parent":0,"menu_order":0,"comment_status":"closed","ping_status":"closed","template":"","meta":{"footnotes":""},"class_list":["post-664","page","type-page","status-publish","hentry"],"_links":{"self":[{"href":"https:\/\/ivsa.es\/ulia\/wp-json\/wp\/v2\/pages\/664","targetHints":{"allow":["GET"]}}],"collection":[{"href":"https:\/\/ivsa.es\/ulia\/wp-json\/wp\/v2\/pages"}],"about":[{"href":"https:\/\/ivsa.es\/ulia\/wp-json\/wp\/v2\/types\/page"}],"author":[{"embeddable":true,"href":"https:\/\/ivsa.es\/ulia\/wp-json\/wp\/v2\/users\/1"}],"replies":[{"embeddable":true,"href":"https:\/\/ivsa.es\/ulia\/wp-json\/wp\/v2\/comments?post=664"}],"version-history":[{"count":3,"href":"https:\/\/ivsa.es\/ulia\/wp-json\/wp\/v2\/pages\/664\/revisions"}],"predecessor-version":[{"id":1197,"href":"https:\/\/ivsa.es\/ulia\/wp-json\/wp\/v2\/pages\/664\/revisions\/1197"}],"wp:attachment":[{"href":"https:\/\/ivsa.es\/ulia\/wp-json\/wp\/v2\/media?parent=664"}],"curies":[{"name":"wp","href":"https:\/\/api.w.org\/{rel}","templated":true}]}}