{"id":678,"date":"2016-02-13T09:12:17","date_gmt":"2016-02-13T09:12:17","guid":{"rendered":"http:\/\/ivsa.es\/ulia\/?page_id=678"},"modified":"2023-03-17T10:38:13","modified_gmt":"2023-03-17T10:38:13","slug":"oferta-academica","status":"publish","type":"page","link":"https:\/\/ivsa.es\/ulia\/oferta-academica\/","title":{"rendered":"Oferta acad\u00e9mica"},"content":{"rendered":"<div class=\"fusion-fullwidth fullwidth-box fusion-builder-row-1 nonhundred-percent-fullwidth non-hundred-percent-height-scrolling\" style=\"background-color: #ffffff; background-position: left top; margin-bottom: 0px; margin-top: 0px; padding: 20px 0px 20px 0px; border: 0px solid #eae9e9;\">\n<div class=\"fusion-builder-row fusion-row\">\n<div class=\"fusion-layout-column fusion_builder_column fusion-builder-column-0 fusion_builder_column_1_5 1_5 fusion-one-fifth fusion-column-first\" style=\"width: 16.8%; margin-right: 4%; margin-top: 0px; margin-bottom: 20px;\">\n<div class=\"fusion-column-wrapper fusion-flex-column-wrapper-legacy\" style=\"background-position: left top; background-size: cover; padding: 0px 0px 0px 0px;\">\n<div class=\"fusion-button-wrapper\">\n<style>.fusion-button.button-1 {border-radius:2px;}<\/style>\n<p><a class=\"fusion-button button-flat fusion-button-default-size button-default button-1 fusion-button-default-span fusion-button-default-type\" href=\"http:\/\/ivsa.es\/ulia\/maestrias\/\" target=\"_self\" rel=\"noopener\"><i class=\" fa fa-book button-icon-left\" aria-hidden=\"true\"><\/i><span class=\"fusion-button-text\">Maestr\u00edas<\/span><\/a><\/p>\n<\/div>\n<div class=\"fusion-clearfix\"><\/div>\n<\/div>\n<\/div>\n<div class=\"fusion-layout-column fusion_builder_column fusion-builder-column-1 fusion_builder_column_1_5 1_5 fusion-one-fifth\" style=\"width: 16.8%; margin-right: 4%; margin-top: 0px; margin-bottom: 20px;\">\n<div class=\"fusion-column-wrapper fusion-flex-column-wrapper-legacy\" style=\"background-position: left top; background-size: cover; padding: 0px 0px 0px 0px;\">\n<div class=\"fusion-button-wrapper\">\n<style>.fusion-button.button-2 {border-radius:2px;}<\/style>\n<p><a class=\"fusion-button button-flat fusion-button-default-size button-default button-2 fusion-button-default-span fusion-button-default-type\" href=\"http:\/\/ivsa.es\/ulia\/doctorados\/\" target=\"_self\" rel=\"noopener\"><i class=\" fa fa-graduation-cap button-icon-left\" aria-hidden=\"true\"><\/i><span class=\"fusion-button-text\">Doctorados<\/span><\/a><\/p>\n<\/div>\n<div class=\"fusion-clearfix\"><\/div>\n<\/div>\n<\/div>\n<div class=\"fusion-layout-column fusion_builder_column fusion-builder-column-2 fusion_builder_column_1_5 1_5 fusion-one-fifth\" style=\"width: 16.8%; margin-right: 4%; margin-top: 0px; margin-bottom: 20px;\">\n<div class=\"fusion-column-wrapper fusion-flex-column-wrapper-legacy\" style=\"background-position: left top; background-size: cover; padding: 0px 0px 0px 0px;\">\n<div class=\"fusion-button-wrapper\">\n<style>.fusion-button.button-3 {border-radius:2px;}<\/style>\n<p><a class=\"fusion-button button-flat fusion-button-default-size button-default button-3 fusion-button-default-span fusion-button-default-type\" href=\"http:\/\/ivsa.es\/ulia\/diplomaturas\/\" target=\"_self\" rel=\"noopener\"><i class=\" fa fa-university button-icon-left\" aria-hidden=\"true\"><\/i><span class=\"fusion-button-text\">Diplomaturas<\/span><\/a><\/p>\n<\/div>\n<div class=\"fusion-clearfix\"><\/div>\n<\/div>\n<\/div>\n<div class=\"fusion-layout-column fusion_builder_column fusion-builder-column-3 fusion_builder_column_1_5 1_5 fusion-one-fifth\" style=\"width: 16.8%; margin-right: 4%; margin-top: 0px; margin-bottom: 20px;\">\n<div class=\"fusion-column-wrapper fusion-flex-column-wrapper-legacy\" style=\"background-position: left top; background-size: cover; padding: 0px 0px 0px 0px;\">\n<div class=\"fusion-button-wrapper\">\n<style>.fusion-button.button-4 {border-radius:2px;}<\/style>\n<p><a class=\"fusion-button button-flat fusion-button-default-size button-default button-4 fusion-button-default-span fusion-button-default-type\" href=\"http:\/\/ivsa.es\/ulia\/seminarios-cursos-libres-y-de-actualizacion\/\" target=\"_self\" rel=\"noopener\"><i class=\" fa fa-users button-icon-left\" aria-hidden=\"true\"><\/i><span class=\"fusion-button-text\">Cursos Libres<\/span><\/a><\/p>\n<\/div>\n<div class=\"fusion-clearfix\"><\/div>\n<\/div>\n<\/div>\n<div class=\"fusion-layout-column fusion_builder_column fusion-builder-column-4 fusion_builder_column_1_6 1_6 fusion-one-sixth\" style=\"width: 13.3333%; margin-right: 4%; margin-top: 0px; margin-bottom: 20px;\">\n<div class=\"fusion-column-wrapper fusion-flex-column-wrapper-legacy\" style=\"background-position: left top; background-size: cover; padding: 0px 0px 0px 0px;\">\n<div class=\"fusion-button-wrapper\">\n<style>.fusion-button.button-5 {border-radius:2px;}<\/style>\n<p><a class=\"fusion-button button-flat fusion-button-default-size button-default button-5 fusion-button-default-span fusion-button-default-type\" href=\"http:\/\/ivsa.es\/ulia\/cursos-de-experto\/\" target=\"_self\" rel=\"noopener\"><i class=\" fa fa-trophy button-icon-left\" aria-hidden=\"true\"><\/i><span class=\"fusion-button-text\">Cursos de Experto<\/span><\/a><\/p>\n<\/div>\n<div class=\"fusion-clearfix\"><\/div>\n<\/div>\n<\/div>\n<div class=\"fusion-layout-column fusion_builder_column fusion-builder-column-4 fusion_builder_column_1_6 1_6 fusion-one-sixth\" style=\"width: 13.3333%; margin-right: 4%; margin-top: 0px; margin-bottom: 20px;\">\n<div class=\"fusion-column-wrapper fusion-flex-column-wrapper-legacy\" style=\"background-position: left top; background-size: cover; padding: 0px 0px 0px 0px;\">\n<div class=\"fusion-button-wrapper\">\n<style>.fusion-button.button-6 {border-radius:2px;}<\/style>\n<p><a class=\"fusion-button button-flat fusion-button-default-size button-default button-6 fusion-button-default-span fusion-button-default-type\" href=\"http:\/\/ivsa.es\/ulia\/bienios\/\" target=\"_self\" rel=\"noopener\"><i class=\" fa fa-shield button-icon-left\" aria-hidden=\"true\"><\/i><span class=\"fusion-button-text\">Bienio<\/span><\/a><\/p>\n<\/div>\n<div class=\"fusion-clearfix\"><\/div>\n<\/div>\n<\/div>\n<\/div>\n<\/div>\n<div class=\"fusion-fullwidth fullwidth-box fusion-builder-row-2 hundred-percent-fullwidth non-hundred-percent-height-scrolling\" style=\"background-color: #ffffff; background-position: center center; margin-bottom: 0px; margin-top: 0px; padding: 0px; border: 0px solid #eae9e9;\">\n<div class=\"fusion-builder-row fusion-row\">\n<div class=\"fusion-layout-column fusion_builder_column fusion-builder-column-5 fusion_builder_column_1_1 1_1 fusion-one-full fusion-column-first fusion-column-last\" style=\"margin-top: 0px; margin-bottom: 20px;\">\n<div class=\"fusion-column-wrapper fusion-flex-column-wrapper-legacy\" style=\"background-position: left top; background-size: cover; padding: 0px 0px 0px 0px;\">\n<div class=\"fusion-title title fusion-title-1 fusion-title-text fusion-title-size-one\" style=\"margin-top: 0px; margin-bottom: 31px;\">\n<h1 class=\"title-heading-left\" style=\"margin: 0;\">Descubre toda nuestra oferta Acad\u00e9mica<\/h1>\n<div class=\"title-sep-container\">\n<div class=\"title-sep sep-double sep-solid\" style=\"border-color: #e0dede;\"><\/div>\n<\/div>\n<\/div>\n<div class=\"fusion-text fusion-text-1\">En ULIA creemos que la educaci\u00f3n tiene que estar al alcance de todos, y por ello ofertamos una amplia oferta educativa disponible en todo el mundo.<\/div>\n<div class=\"fusion-clearfix\"><\/div>\n<\/div>\n<\/div>\n<\/div>\n<style>.fusion-fullwidth.fusion-builder-row-2 { overflow:visible; }<\/style>\n<\/div>\n<p><!--more--><\/p>\n","protected":false},"excerpt":{"rendered":"<p>Maestr\u00edas Doctorados Diplomaturas Cursos Libres Cursos de Experto Bienio Descubre toda nuestra oferta Acad\u00e9mica En ULIA creemos que la educaci\u00f3n tiene que estar al alcance de todos, y por ello ofertamos una amplia oferta educativa disponible en todo el mundo.<\/p>\n","protected":false},"author":1,"featured_media":0,"parent":0,"menu_order":0,"comment_status":"closed","ping_status":"closed","template":"","meta":{"footnotes":""},"class_list":["post-678","page","type-page","status-publish","hentry"],"_links":{"self":[{"href":"https:\/\/ivsa.es\/ulia\/wp-json\/wp\/v2\/pages\/678","targetHints":{"allow":["GET"]}}],"collection":[{"href":"https:\/\/ivsa.es\/ulia\/wp-json\/wp\/v2\/pages"}],"about":[{"href":"https:\/\/ivsa.es\/ulia\/wp-json\/wp\/v2\/types\/page"}],"author":[{"embeddable":true,"href":"https:\/\/ivsa.es\/ulia\/wp-json\/wp\/v2\/users\/1"}],"replies":[{"embeddable":true,"href":"https:\/\/ivsa.es\/ulia\/wp-json\/wp\/v2\/comments?post=678"}],"version-history":[{"count":28,"href":"https:\/\/ivsa.es\/ulia\/wp-json\/wp\/v2\/pages\/678\/revisions"}],"predecessor-version":[{"id":2407,"href":"https:\/\/ivsa.es\/ulia\/wp-json\/wp\/v2\/pages\/678\/revisions\/2407"}],"wp:attachment":[{"href":"https:\/\/ivsa.es\/ulia\/wp-json\/wp\/v2\/media?parent=678"}],"curies":[{"name":"wp","href":"https:\/\/api.w.org\/{rel}","templated":true}]}}